{"id":40,"date":"2013-06-18T04:45:02","date_gmt":"2013-06-18T04:45:02","guid":{"rendered":"http:\/\/localhost\/srb-bih\/?page_id=40"},"modified":"2024-02-09T22:39:40","modified_gmt":"2024-02-09T20:39:40","slug":"zts","status":"publish","type":"page","link":"https:\/\/srb-bih.org\/en\/strukture\/zts\/","title":{"rendered":"Joint Technical Secretariat (JTS)"},"content":{"rendered":"<p><strong>Set up and organization<\/strong><\/p>\n<p>In line with Article 79 of the Framework Agreements, a Joint Technical Secretariat shall be set up to assist the Commission, the cross-border cooperation structures, the Managing Authority and the Joint Monitoring Committee.<\/p>\n<p>The Joint Technical Secretariat is esablished for the Cross-border Cooperation Programme Serbia-Bosnia and Herzegovina &nbsp;2021-2027, with the main office located in U\u017eice, the Republic of Serbia (Address: St Nemanjina 52, U\u017eice), with an Antenna Office in Tuzla, BIH (Address: Turalibegova bb, TC Pasa\u017e<br \/>\n75000 Tuzla). &nbsp;<\/p>\n<p><strong>Organisation and staffing of the joint technical secretariat<\/strong><\/p>\n<p>The JTS is composed of staff appointed by both Operating Structures. The number and qualification of staff correspond to the tasks defined below. Staff of the JTS should cover the relevant languages \u2013Serbian\/ Bosnian and English.<\/p>\n<p>The operation of the JTS, including staffing costs, is funded from the Technical Assistance Priority Axis. More detailed rules on the operation of the JTS are included in a bilateral agreement between the Operating Structures.<\/p>\n<p>Its activities will be carried out according to a work plan annually approved by the JMC.<\/p>\n<p><strong>Tasks of the JTS<\/strong><\/p>\n<p>The Joint Technical Secretariat may be responsible in line with Article 79(7) of the Framework Agreements, for the following tasks:<\/p>\n<ul>\n<li>organise meetings of the JMC, including draft and distribute minutes;<\/li>\n<li>assist potential applicants in partner search and project development, organising information days and workshops; develop and maintain a&nbsp;network of stakeholders;<\/li>\n<li>&nbsp;assist beneficiaries and partners in the implementation of operations;<\/li>\n<li>prepare, conduct and report on monitoring activities of cross-border cooperation operations;<\/li>\n<li>establish a system for gathering reliable information on the cross-border cooperation programme implementation;<\/li>\n<li>provide inputs to annual and final implementation reports on the cross\u2013border programme;<\/li>\n<li>plan and implement information campaigns and other activities related to raising public awareness on the cross-border cooperation programme including the publication of publicity material on the cross-border programme and maintenance of the cross-border cooperation programme website.<\/li>\n<\/ul>\n<p>In addition, through support and monitoring of operations Joint Technical Secretariat shall provide relevant information to Contracting Authority indicating necessity for potential corrective measures with regards to the operation itself in line with its duties.<\/p>\n<p>&nbsp;<\/p>","protected":false},"excerpt":{"rendered":"<p>Set up and organization In line with Article 79 of the Framework Agreements, a Joint Technical Secretariat shall be set up to assist the Commission, the cross-border cooperation structures, the Managing Authority and the Joint Monitoring Committee. The Joint Technical Secretariat is esablished for the Cross-border Cooperation Programme Serbia-Bosnia and Herzegovina &nbsp;2021-2027, with the main [&hellip;]<\/p>\n","protected":false},"author":1,"featured_media":0,"parent":36,"menu_order":3,"comment_status":"closed","ping_status":"open","template":"","meta":{"ngg_post_thumbnail":0,"footnotes":"","_links_to":"","_links_to_target":""},"class_list":["post-40","page","type-page","status-publish","hentry"],"yoast_head":"<!-- This site is optimized with the Yoast SEO plugin v25.6 - https:\/\/yoast.com\/wordpress\/plugins\/seo\/ -->\n<title>Joint Technical Secretariat (JTS) - Cross-border Programme<\/title>\n<meta name=\"robots\" content=\"index, follow, max-snippet:-1, max-image-preview:large, max-video-preview:-1\" \/>\n<link rel=\"canonical\" href=\"https:\/\/srb-bih.org\/sr\/strukture\/zts\/\" \/>\n<meta property=\"og:locale\" content=\"en_US\" \/>\n<meta property=\"og:type\" content=\"article\" \/>\n<meta property=\"og:title\" content=\"Joint Technical Secretariat (JTS) - Cross-border Programme\" \/>\n<meta property=\"og:description\" content=\"Set up and organization In line with Article 79 of the Framework Agreements, a Joint Technical Secretariat shall be set up to assist the Commission, the cross-border cooperation structures, the Managing Authority and the Joint Monitoring Committee. The Joint Technical Secretariat is esablished for the Cross-border Cooperation Programme Serbia-Bosnia and Herzegovina &nbsp;2021-2027, with the main [&hellip;]\" \/>\n<meta property=\"og:url\" content=\"https:\/\/srb-bih.org\/sr\/strukture\/zts\/\" \/>\n<meta property=\"og:site_name\" content=\"Cross-border Programme\" \/>\n<meta property=\"article:modified_time\" content=\"2024-02-09T20:39:40+00:00\" \/>\n<meta name=\"twitter:card\" content=\"summary_large_image\" \/>\n<meta name=\"twitter:label1\" content=\"Est. reading time\" \/>\n\t<meta name=\"twitter:data1\" content=\"4 minutes\" \/>\n<script type=\"application\/ld+json\" class=\"yoast-schema-graph\">{\"@context\":\"https:\/\/schema.org\",\"@graph\":[{\"@type\":\"WebPage\",\"@id\":\"https:\/\/srb-bih.org\/sr\/strukture\/zts\/\",\"url\":\"https:\/\/srb-bih.org\/sr\/strukture\/zts\/\",\"name\":\"[:en]Joint Technical Secretariat (JTS)[:sr]\u0417\u0430\u0458\u0435\u0434\u043d\u0438\u0447\u043a\u0438 \u0442\u0435\u0445\u043d\u0438\u0447\u043a\u0438 \u0441\u0435\u043a\u0440\u0435\u0442\u0435\u0440\u0438\u0458\u0430\u0442 (\u0417\u0422\u0421)[:ba]Zajedni\u010dki tehni\u010dki sekretarijat (ZTS)[:] - Cross-border Programme\",\"isPartOf\":{\"@id\":\"https:\/\/srb-bih.org\/en\/#website\"},\"datePublished\":\"2013-06-18T04:45:02+00:00\",\"dateModified\":\"2024-02-09T20:39:40+00:00\",\"breadcrumb\":{\"@id\":\"https:\/\/srb-bih.org\/sr\/strukture\/zts\/#breadcrumb\"},\"inLanguage\":\"en-US\",\"potentialAction\":[{\"@type\":\"ReadAction\",\"target\":[\"https:\/\/srb-bih.org\/sr\/strukture\/zts\/\"]}]},{\"@type\":\"BreadcrumbList\",\"@id\":\"https:\/\/srb-bih.org\/sr\/strukture\/zts\/#breadcrumb\",\"itemListElement\":[{\"@type\":\"ListItem\",\"position\":1,\"name\":\"Home\",\"item\":\"https:\/\/srb-bih.org\/\"},{\"@type\":\"ListItem\",\"position\":2,\"name\":\"Structure\",\"item\":\"https:\/\/srb-bih.org\/en\/strukture\/\"},{\"@type\":\"ListItem\",\"position\":3,\"name\":\"\u0417\u0430\u0458\u0435\u0434\u043d\u0438\u0447\u043a\u0438 \u0442\u0435\u0445\u043d\u0438\u0447\u043a\u0438 \u0441\u0435\u043a\u0440\u0435\u0442\u0435\u0440\u0438\u0458\u0430\u0442 (\u0417\u0422\u0421)\"}]},{\"@type\":\"WebSite\",\"@id\":\"https:\/\/srb-bih.org\/en\/#website\",\"url\":\"https:\/\/srb-bih.org\/en\/\",\"name\":\"Cross-border Programme\",\"description\":\"Common Ideas for a Better Future\",\"potentialAction\":[{\"@type\":\"SearchAction\",\"target\":{\"@type\":\"EntryPoint\",\"urlTemplate\":\"https:\/\/srb-bih.org\/en\/?s={search_term_string}\"},\"query-input\":{\"@type\":\"PropertyValueSpecification\",\"valueRequired\":true,\"valueName\":\"search_term_string\"}}],\"inLanguage\":\"en-US\"}]}<\/script>\n<!-- \/ Yoast SEO plugin. -->","yoast_head_json":{"title":"Joint Technical Secretariat (JTS) - Cross-border Programme","robots":{"index":"index","follow":"follow","max-snippet":"max-snippet:-1","max-image-preview":"max-image-preview:large","max-video-preview":"max-video-preview:-1"},"canonical":"https:\/\/srb-bih.org\/sr\/strukture\/zts\/","og_locale":"en_US","og_type":"article","og_title":"Joint Technical Secretariat (JTS) - Cross-border Programme","og_description":"Set up and organization In line with Article 79 of the Framework Agreements, a Joint Technical Secretariat shall be set up to assist the Commission, the cross-border cooperation structures, the Managing Authority and the Joint Monitoring Committee. The Joint Technical Secretariat is esablished for the Cross-border Cooperation Programme Serbia-Bosnia and Herzegovina &nbsp;2021-2027, with the main [&hellip;]","og_url":"https:\/\/srb-bih.org\/sr\/strukture\/zts\/","og_site_name":"Cross-border Programme","article_modified_time":"2024-02-09T20:39:40+00:00","twitter_card":"summary_large_image","twitter_misc":{"Est. reading time":"4 minutes"},"schema":{"@context":"https:\/\/schema.org","@graph":[{"@type":"WebPage","@id":"https:\/\/srb-bih.org\/sr\/strukture\/zts\/","url":"https:\/\/srb-bih.org\/sr\/strukture\/zts\/","name":"[:en]Joint Technical Secretariat (JTS)[:sr]\u0417\u0430\u0458\u0435\u0434\u043d\u0438\u0447\u043a\u0438 \u0442\u0435\u0445\u043d\u0438\u0447\u043a\u0438 \u0441\u0435\u043a\u0440\u0435\u0442\u0435\u0440\u0438\u0458\u0430\u0442 (\u0417\u0422\u0421)[:ba]Zajedni\u010dki tehni\u010dki sekretarijat (ZTS)[:] - Cross-border Programme","isPartOf":{"@id":"https:\/\/srb-bih.org\/en\/#website"},"datePublished":"2013-06-18T04:45:02+00:00","dateModified":"2024-02-09T20:39:40+00:00","breadcrumb":{"@id":"https:\/\/srb-bih.org\/sr\/strukture\/zts\/#breadcrumb"},"inLanguage":"en-US","potentialAction":[{"@type":"ReadAction","target":["https:\/\/srb-bih.org\/sr\/strukture\/zts\/"]}]},{"@type":"BreadcrumbList","@id":"https:\/\/srb-bih.org\/sr\/strukture\/zts\/#breadcrumb","itemListElement":[{"@type":"ListItem","position":1,"name":"Home","item":"https:\/\/srb-bih.org\/"},{"@type":"ListItem","position":2,"name":"Structure","item":"https:\/\/srb-bih.org\/en\/strukture\/"},{"@type":"ListItem","position":3,"name":"\u0417\u0430\u0458\u0435\u0434\u043d\u0438\u0447\u043a\u0438 \u0442\u0435\u0445\u043d\u0438\u0447\u043a\u0438 \u0441\u0435\u043a\u0440\u0435\u0442\u0435\u0440\u0438\u0458\u0430\u0442 (\u0417\u0422\u0421)"}]},{"@type":"WebSite","@id":"https:\/\/srb-bih.org\/en\/#website","url":"https:\/\/srb-bih.org\/en\/","name":"Cross-border Programme","description":"Common Ideas for a Better Future","potentialAction":[{"@type":"SearchAction","target":{"@type":"EntryPoint","urlTemplate":"https:\/\/srb-bih.org\/en\/?s={search_term_string}"},"query-input":{"@type":"PropertyValueSpecification","valueRequired":true,"valueName":"search_term_string"}}],"inLanguage":"en-US"}]}},"_links":{"self":[{"href":"https:\/\/srb-bih.org\/en\/wp-json\/wp\/v2\/pages\/40","targetHints":{"allow":["GET"]}}],"collection":[{"href":"https:\/\/srb-bih.org\/en\/wp-json\/wp\/v2\/pages"}],"about":[{"href":"https:\/\/srb-bih.org\/en\/wp-json\/wp\/v2\/types\/page"}],"author":[{"embeddable":true,"href":"https:\/\/srb-bih.org\/en\/wp-json\/wp\/v2\/users\/1"}],"replies":[{"embeddable":true,"href":"https:\/\/srb-bih.org\/en\/wp-json\/wp\/v2\/comments?post=40"}],"version-history":[{"count":8,"href":"https:\/\/srb-bih.org\/en\/wp-json\/wp\/v2\/pages\/40\/revisions"}],"predecessor-version":[{"id":9303,"href":"https:\/\/srb-bih.org\/en\/wp-json\/wp\/v2\/pages\/40\/revisions\/9303"}],"up":[{"embeddable":true,"href":"https:\/\/srb-bih.org\/en\/wp-json\/wp\/v2\/pages\/36"}],"wp:attachment":[{"href":"https:\/\/srb-bih.org\/en\/wp-json\/wp\/v2\/media?parent=40"}],"curies":[{"name":"wp","href":"https:\/\/api.w.org\/{rel}","templated":true}]}}