{"id":9896,"date":"2024-11-25T18:42:24","date_gmt":"2024-11-25T16:42:24","guid":{"rendered":"https:\/\/srb-bih.org\/?page_id=9896"},"modified":"2025-09-25T17:34:49","modified_gmt":"2025-09-25T15:34:49","slug":"guide-for-applicants-first-call-ipa-iii","status":"publish","type":"page","link":"https:\/\/srb-bih.org\/ba\/first-call-for-proposal\/guide-for-applicants-first-call-ipa-iii\/","title":{"rendered":"Aplikacioni paket i smjernice za podnosioce projektnih prijedloga"},"content":{"rendered":"<p>&nbsp;<\/p>\n<article class=\"post-entry post-entry-type-page post-entry-6874\">\n<div class=\"entry-content-wrapper clearfix\">\n<header class=\"entry-content-header\"><\/header>\n<div class=\"entry-content\">\n<article class=\"post-entry post-entry-type-page post-entry-8487\">\n<div class=\"entry-content-wrapper clearfix\">\n<header class=\"entry-content-header\"><\/header>\n<div class=\"entry-content\">\n<p>Aplikacioni paket&nbsp; obuhvata sve va\u017ene i obavezne instrukcije koje je potrebno ispo\u0161tovati u postupku apliciranja za EU fondov\u0435. Smjernice za podnosioce projektnih prijedloga sadr\u017ee i \u0161ablone koje je obavezno koristiti u okviru poziva za podno\u0161enje prijedloga projekata.<\/p>\n<p>Aplikacioni paket i smernice za podnosioce projektnih prijedloga mo\u017eete preuzeti <a href=\"http:\/\/www.cfcu.gov.rs\/tender.php?id=782\">ovde<\/a>.<\/p>\n<p><strong>Corrigendum br.1<\/strong> je objavljen povodom Prvog poziva za podno\u0161enje&nbsp; prijedloga&nbsp; projekata i mo\u017eete ga na\u0107i <a class=\"decorated-link\" href=\"http:\/\/www.cfcu.gov.rs\/dokumenti\/sr\/782_582905_corigendum-no-1-cbc-sr-bih.pdf\" rel=\"noopener\" data-start=\"894\" data-end=\"943\">ovdje.<\/a><\/p>\n<p><a href=\"https:\/\/srb-bih.org\/wp-content\/uploads\/2025\/09\/CfP-events-SRB-BIH-bos.pdf\">Doga\u0111aji<\/a> organizovani povodom objave Prvog poziva za podno\u0161enje prijedloga projekata.<\/p>\n<\/div>\n<\/div>\n<\/article>\n<\/div>\n<\/div>\n<\/article>\n<p>&nbsp;<\/p>","protected":false},"excerpt":{"rendered":"<p>&nbsp; Aplikacioni paket&nbsp; obuhvata sve va\u017ene i obavezne instrukcije koje je potrebno ispo\u0161tovati u postupku apliciranja za EU fondov\u0435. Smjernice za podnosioce projektnih prijedloga sadr\u017ee i \u0161ablone koje je obavezno koristiti u okviru poziva za podno\u0161enje prijedloga projekata. Aplikacioni paket i smernice za podnosioce projektnih prijedloga mo\u017eete preuzeti ovde. Corrigendum br.1 je objavljen povodom Prvog [&hellip;]<\/p>\n","protected":false},"author":1,"featured_media":0,"parent":9893,"menu_order":0,"comment_status":"closed","ping_status":"closed","template":"","meta":{"ngg_post_thumbnail":0,"footnotes":"","_links_to":"","_links_to_target":""},"class_list":["post-9896","page","type-page","status-publish","hentry"],"yoast_head":"<!-- This site is optimized with the Yoast SEO plugin v25.6 - https:\/\/yoast.com\/wordpress\/plugins\/seo\/ -->\n<title>Aplikacioni paket i smjernice za podnosioce projektnih prijedloga - Cross-border Programme<\/title>\n<meta name=\"robots\" content=\"index, follow, max-snippet:-1, max-image-preview:large, max-video-preview:-1\" \/>\n<link rel=\"canonical\" href=\"https:\/\/srb-bih.org\/first-call-for-proposal\/guide-for-applicants-first-call-ipa-iii\/\" \/>\n<meta property=\"og:locale\" content=\"bs_BA\" \/>\n<meta property=\"og:type\" content=\"article\" \/>\n<meta property=\"og:title\" content=\"Aplikacioni paket i smjernice za podnosioce projektnih prijedloga - Cross-border Programme\" \/>\n<meta property=\"og:description\" content=\"&nbsp; Aplikacioni paket&nbsp; obuhvata sve va\u017ene i obavezne instrukcije koje je potrebno ispo\u0161tovati u postupku apliciranja za EU fondov\u0435. Smjernice za podnosioce projektnih prijedloga sadr\u017ee i \u0161ablone koje je obavezno koristiti u okviru poziva za podno\u0161enje prijedloga projekata. Aplikacioni paket i smernice za podnosioce projektnih prijedloga mo\u017eete preuzeti ovde. Corrigendum br.1 je objavljen povodom Prvog [&hellip;]\" \/>\n<meta property=\"og:url\" content=\"https:\/\/srb-bih.org\/first-call-for-proposal\/guide-for-applicants-first-call-ipa-iii\/\" \/>\n<meta property=\"og:site_name\" content=\"Cross-border Programme\" \/>\n<meta property=\"article:modified_time\" content=\"2025-09-25T15:34:49+00:00\" \/>\n<meta name=\"twitter:card\" content=\"summary_large_image\" \/>\n<meta name=\"twitter:label1\" content=\"Est. reading time\" \/>\n\t<meta name=\"twitter:data1\" content=\"1 minuta\" \/>\n<script type=\"application\/ld+json\" class=\"yoast-schema-graph\">{\"@context\":\"https:\/\/schema.org\",\"@graph\":[{\"@type\":\"WebPage\",\"@id\":\"https:\/\/srb-bih.org\/first-call-for-proposal\/guide-for-applicants-first-call-ipa-iii\/\",\"url\":\"https:\/\/srb-bih.org\/first-call-for-proposal\/guide-for-applicants-first-call-ipa-iii\/\",\"name\":\"[:en]Application package with Guide for applicants First call[:sr]\u0410\u043f\u043b\u0438\u043a\u0430\u0446\u0438\u043e\u043d\u0438 \u043f\u0430\u043a\u0435\u0442 \u0438 \u0441\u043c\u0435\u0440\u043d\u0438\u0446\u0435 \u0437\u0430 \u043f\u043e\u0434\u043d\u043e\u0441\u0438\u043e\u0446\u0435 \u043f\u0440\u043e\u0458\u0435\u043a\u0442\u043d\u0438\u0445 \u043f\u0440\u0435\u0434\u043b\u043e\u0433\u0430[:ba]Aplikacioni paket i smjernice za podnosioce projektnih prijedloga[:] - Cross-border Programme\",\"isPartOf\":{\"@id\":\"https:\/\/srb-bih.org\/en\/#website\"},\"datePublished\":\"2024-11-25T16:42:24+00:00\",\"dateModified\":\"2025-09-25T15:34:49+00:00\",\"breadcrumb\":{\"@id\":\"https:\/\/srb-bih.org\/first-call-for-proposal\/guide-for-applicants-first-call-ipa-iii\/#breadcrumb\"},\"inLanguage\":\"bs-BA\",\"potentialAction\":[{\"@type\":\"ReadAction\",\"target\":[\"https:\/\/srb-bih.org\/first-call-for-proposal\/guide-for-applicants-first-call-ipa-iii\/\"]}]},{\"@type\":\"BreadcrumbList\",\"@id\":\"https:\/\/srb-bih.org\/first-call-for-proposal\/guide-for-applicants-first-call-ipa-iii\/#breadcrumb\",\"itemListElement\":[{\"@type\":\"ListItem\",\"position\":1,\"name\":\"Home\",\"item\":\"https:\/\/srb-bih.org\/\"},{\"@type\":\"ListItem\",\"position\":2,\"name\":\"First Call for Proposal\",\"item\":\"https:\/\/srb-bih.org\/en\/first-call-for-proposal\/\"},{\"@type\":\"ListItem\",\"position\":3,\"name\":\"Application package with Guide for applicants First call\"}]},{\"@type\":\"WebSite\",\"@id\":\"https:\/\/srb-bih.org\/en\/#website\",\"url\":\"https:\/\/srb-bih.org\/en\/\",\"name\":\"Cross-border Programme\",\"description\":\"Common Ideas for a Better Future\",\"potentialAction\":[{\"@type\":\"SearchAction\",\"target\":{\"@type\":\"EntryPoint\",\"urlTemplate\":\"https:\/\/srb-bih.org\/en\/?s={search_term_string}\"},\"query-input\":{\"@type\":\"PropertyValueSpecification\",\"valueRequired\":true,\"valueName\":\"search_term_string\"}}],\"inLanguage\":\"bs-BA\"}]}<\/script>\n<!-- \/ Yoast SEO plugin. -->","yoast_head_json":{"title":"Aplikacioni paket i smjernice za podnosioce projektnih prijedloga - Cross-border Programme","robots":{"index":"index","follow":"follow","max-snippet":"max-snippet:-1","max-image-preview":"max-image-preview:large","max-video-preview":"max-video-preview:-1"},"canonical":"https:\/\/srb-bih.org\/first-call-for-proposal\/guide-for-applicants-first-call-ipa-iii\/","og_locale":"bs_BA","og_type":"article","og_title":"Aplikacioni paket i smjernice za podnosioce projektnih prijedloga - Cross-border Programme","og_description":"&nbsp; Aplikacioni paket&nbsp; obuhvata sve va\u017ene i obavezne instrukcije koje je potrebno ispo\u0161tovati u postupku apliciranja za EU fondov\u0435. Smjernice za podnosioce projektnih prijedloga sadr\u017ee i \u0161ablone koje je obavezno koristiti u okviru poziva za podno\u0161enje prijedloga projekata. Aplikacioni paket i smernice za podnosioce projektnih prijedloga mo\u017eete preuzeti ovde. Corrigendum br.1 je objavljen povodom Prvog [&hellip;]","og_url":"https:\/\/srb-bih.org\/first-call-for-proposal\/guide-for-applicants-first-call-ipa-iii\/","og_site_name":"Cross-border Programme","article_modified_time":"2025-09-25T15:34:49+00:00","twitter_card":"summary_large_image","twitter_misc":{"Est. reading time":"1 minuta"},"schema":{"@context":"https:\/\/schema.org","@graph":[{"@type":"WebPage","@id":"https:\/\/srb-bih.org\/first-call-for-proposal\/guide-for-applicants-first-call-ipa-iii\/","url":"https:\/\/srb-bih.org\/first-call-for-proposal\/guide-for-applicants-first-call-ipa-iii\/","name":"[:en]Application package with Guide for applicants First call[:sr]\u0410\u043f\u043b\u0438\u043a\u0430\u0446\u0438\u043e\u043d\u0438 \u043f\u0430\u043a\u0435\u0442 \u0438 \u0441\u043c\u0435\u0440\u043d\u0438\u0446\u0435 \u0437\u0430 \u043f\u043e\u0434\u043d\u043e\u0441\u0438\u043e\u0446\u0435 \u043f\u0440\u043e\u0458\u0435\u043a\u0442\u043d\u0438\u0445 \u043f\u0440\u0435\u0434\u043b\u043e\u0433\u0430[:ba]Aplikacioni paket i smjernice za podnosioce projektnih prijedloga[:] - Cross-border Programme","isPartOf":{"@id":"https:\/\/srb-bih.org\/en\/#website"},"datePublished":"2024-11-25T16:42:24+00:00","dateModified":"2025-09-25T15:34:49+00:00","breadcrumb":{"@id":"https:\/\/srb-bih.org\/first-call-for-proposal\/guide-for-applicants-first-call-ipa-iii\/#breadcrumb"},"inLanguage":"bs-BA","potentialAction":[{"@type":"ReadAction","target":["https:\/\/srb-bih.org\/first-call-for-proposal\/guide-for-applicants-first-call-ipa-iii\/"]}]},{"@type":"BreadcrumbList","@id":"https:\/\/srb-bih.org\/first-call-for-proposal\/guide-for-applicants-first-call-ipa-iii\/#breadcrumb","itemListElement":[{"@type":"ListItem","position":1,"name":"Home","item":"https:\/\/srb-bih.org\/"},{"@type":"ListItem","position":2,"name":"First Call for Proposal","item":"https:\/\/srb-bih.org\/en\/first-call-for-proposal\/"},{"@type":"ListItem","position":3,"name":"Application package with Guide for applicants First call"}]},{"@type":"WebSite","@id":"https:\/\/srb-bih.org\/en\/#website","url":"https:\/\/srb-bih.org\/en\/","name":"Cross-border Programme","description":"Common Ideas for a Better Future","potentialAction":[{"@type":"SearchAction","target":{"@type":"EntryPoint","urlTemplate":"https:\/\/srb-bih.org\/en\/?s={search_term_string}"},"query-input":{"@type":"PropertyValueSpecification","valueRequired":true,"valueName":"search_term_string"}}],"inLanguage":"bs-BA"}]}},"_links":{"self":[{"href":"https:\/\/srb-bih.org\/ba\/wp-json\/wp\/v2\/pages\/9896","targetHints":{"allow":["GET"]}}],"collection":[{"href":"https:\/\/srb-bih.org\/ba\/wp-json\/wp\/v2\/pages"}],"about":[{"href":"https:\/\/srb-bih.org\/ba\/wp-json\/wp\/v2\/types\/page"}],"author":[{"embeddable":true,"href":"https:\/\/srb-bih.org\/ba\/wp-json\/wp\/v2\/users\/1"}],"replies":[{"embeddable":true,"href":"https:\/\/srb-bih.org\/ba\/wp-json\/wp\/v2\/comments?post=9896"}],"version-history":[{"count":19,"href":"https:\/\/srb-bih.org\/ba\/wp-json\/wp\/v2\/pages\/9896\/revisions"}],"predecessor-version":[{"id":10318,"href":"https:\/\/srb-bih.org\/ba\/wp-json\/wp\/v2\/pages\/9896\/revisions\/10318"}],"up":[{"embeddable":true,"href":"https:\/\/srb-bih.org\/ba\/wp-json\/wp\/v2\/pages\/9893"}],"wp:attachment":[{"href":"https:\/\/srb-bih.org\/ba\/wp-json\/wp\/v2\/media?parent=9896"}],"curies":[{"name":"wp","href":"https:\/\/api.w.org\/{rel}","templated":true}]}}