{"id":8374,"date":"2022-06-15T14:52:09","date_gmt":"2022-06-15T12:52:09","guid":{"rendered":"https:\/\/srb-bih.org\/?page_id=8374"},"modified":"2022-06-28T15:01:19","modified_gmt":"2022-06-28T13:01:19","slug":"8374-2","status":"publish","type":"page","link":"https:\/\/srb-bih.org\/ba\/8374-2\/","title":{"rendered":"ODR\u017dAN  DVODNEVNI TRENING NA ZLATIBORU ZA JA\u010cANJE KAPACITETA ZAPOSLENIH U MSP"},"content":{"rendered":"<p>Dvodnevni trening za ja\u010danje kapaciteta zaposlenih u malim i srednjim preduze\u0107ima na Zlatiboru u Hotelu Palisad, odr\u017ean je &nbsp;od 13-14. Juna 2022. Godine. Trening su spovele Gospodarska komora Federacije Bosne i Hercegovine u saradnji sa Regionalnom privrednom komorom Zlatiborskog upravnog okruga i Centrom za edukaciju i podizanje svijesti o potrebi pove\u0107anja energetske efikasnosti-ENERGIS.<\/p>\n<p>&nbsp;<\/p>\n<p>\u201cZadovoljstvo nam je da je na\u0161a firma dobila priliku za u\u010de\u0161\u0107e na ovoj vrsti obuke, iz razloga \u0161to je na\u0161a proizvodnja (metalske) industrije nu\u017eno vezana za inovacije na tr\u017ei\u0161tu i na stalnom unapre\u0111enju na\u0161ih proizvodnih procesa. Po\u0161to je na\u0161a firma dosta orijentisana na inostrana tr\u017ei\u0161ta, iz tog razloga nam je bitno da investiramo u inovativne projekte, kako bi bili konkurentni na doma\u0107em tako i na inostranom tr\u017ei\u0161tu. Sve pohvale za prakti\u010dan rad i zahvala oragnizatoru i stru\u010dnim predava\u010dima\u201d, navodi Bojana Tuludi\u0107, MTK Metal-komerc.<\/p>\n<p>&nbsp;<\/p>\n<p>Cilj treninga je da u\u010desnicima pru\u017ei osnovna znanja o zna\u010daju inovacija za mala i srednja preduze\u0107a kao i njihovoj primjeni u praksi; o alatima za procjenu odr\u017eivosti inovativnih projekata; ja\u010danju ljudskih kapaciteta unutar MSP i sli\u010dno.<\/p>\n<p><img decoding=\"async\" class=\"alignnone size-medium wp-image-8377 lazyload\" data-src=\"https:\/\/srb-bih.org\/wp-content\/uploads\/2022\/06\/IMG-4441-300x225.jpg\" alt=\"\" width=\"300\" height=\"225\" data-srcset=\"https:\/\/srb-bih.org\/wp-content\/uploads\/2022\/06\/IMG-4441-300x225.jpg 300w, https:\/\/srb-bih.org\/wp-content\/uploads\/2022\/06\/IMG-4441-2000x1500.jpg 2000w, https:\/\/srb-bih.org\/wp-content\/uploads\/2022\/06\/IMG-4441-768x576.jpg 768w, https:\/\/srb-bih.org\/wp-content\/uploads\/2022\/06\/IMG-4441-1536x1152.jpg 1536w, https:\/\/srb-bih.org\/wp-content\/uploads\/2022\/06\/IMG-4441-2048x1536.jpg 2048w, https:\/\/srb-bih.org\/wp-content\/uploads\/2022\/06\/IMG-4441-1500x1125.jpg 1500w, https:\/\/srb-bih.org\/wp-content\/uploads\/2022\/06\/IMG-4441-705x529.jpg 705w, https:\/\/srb-bih.org\/wp-content\/uploads\/2022\/06\/IMG-4441-450x338.jpg 450w\" data-sizes=\"(max-width: 300px) 100vw, 300px\" src=\"data:image\/svg+xml;base64,PHN2ZyB3aWR0aD0iMSIgaGVpZ2h0PSIxIiB4bWxucz0iaHR0cDovL3d3dy53My5vcmcvMjAwMC9zdmciPjwvc3ZnPg==\" style=\"--smush-placeholder-width: 300px; --smush-placeholder-aspect-ratio: 300\/225;\" \/> <img decoding=\"async\" class=\"alignnone size-medium wp-image-8376 lazyload\" data-src=\"https:\/\/srb-bih.org\/wp-content\/uploads\/2022\/06\/IMG-4437-300x225.jpg\" alt=\"\" width=\"300\" height=\"225\" data-srcset=\"https:\/\/srb-bih.org\/wp-content\/uploads\/2022\/06\/IMG-4437-300x225.jpg 300w, https:\/\/srb-bih.org\/wp-content\/uploads\/2022\/06\/IMG-4437-2000x1500.jpg 2000w, https:\/\/srb-bih.org\/wp-content\/uploads\/2022\/06\/IMG-4437-768x576.jpg 768w, https:\/\/srb-bih.org\/wp-content\/uploads\/2022\/06\/IMG-4437-1536x1152.jpg 1536w, https:\/\/srb-bih.org\/wp-content\/uploads\/2022\/06\/IMG-4437-2048x1536.jpg 2048w, https:\/\/srb-bih.org\/wp-content\/uploads\/2022\/06\/IMG-4437-1500x1125.jpg 1500w, https:\/\/srb-bih.org\/wp-content\/uploads\/2022\/06\/IMG-4437-705x529.jpg 705w, https:\/\/srb-bih.org\/wp-content\/uploads\/2022\/06\/IMG-4437-450x338.jpg 450w\" data-sizes=\"(max-width: 300px) 100vw, 300px\" src=\"data:image\/svg+xml;base64,PHN2ZyB3aWR0aD0iMSIgaGVpZ2h0PSIxIiB4bWxucz0iaHR0cDovL3d3dy53My5vcmcvMjAwMC9zdmciPjwvc3ZnPg==\" style=\"--smush-placeholder-width: 300px; --smush-placeholder-aspect-ratio: 300\/225;\" \/> <img decoding=\"async\" class=\"alignnone size-medium wp-image-8375 lazyload\" data-src=\"https:\/\/srb-bih.org\/wp-content\/uploads\/2022\/06\/IMG-4342-300x225.jpg\" alt=\"\" width=\"300\" height=\"225\" data-srcset=\"https:\/\/srb-bih.org\/wp-content\/uploads\/2022\/06\/IMG-4342-300x225.jpg 300w, https:\/\/srb-bih.org\/wp-content\/uploads\/2022\/06\/IMG-4342-2000x1500.jpg 2000w, https:\/\/srb-bih.org\/wp-content\/uploads\/2022\/06\/IMG-4342-768x576.jpg 768w, https:\/\/srb-bih.org\/wp-content\/uploads\/2022\/06\/IMG-4342-1536x1152.jpg 1536w, https:\/\/srb-bih.org\/wp-content\/uploads\/2022\/06\/IMG-4342-2048x1536.jpg 2048w, https:\/\/srb-bih.org\/wp-content\/uploads\/2022\/06\/IMG-4342-1500x1125.jpg 1500w, https:\/\/srb-bih.org\/wp-content\/uploads\/2022\/06\/IMG-4342-705x529.jpg 705w, https:\/\/srb-bih.org\/wp-content\/uploads\/2022\/06\/IMG-4342-450x338.jpg 450w\" data-sizes=\"(max-width: 300px) 100vw, 300px\" src=\"data:image\/svg+xml;base64,PHN2ZyB3aWR0aD0iMSIgaGVpZ2h0PSIxIiB4bWxucz0iaHR0cDovL3d3dy53My5vcmcvMjAwMC9zdmciPjwvc3ZnPg==\" style=\"--smush-placeholder-width: 300px; --smush-placeholder-aspect-ratio: 300\/225;\" \/><\/p>","protected":false},"excerpt":{"rendered":"<p>Dvodnevni trening za ja\u010danje kapaciteta zaposlenih u malim i srednjim preduze\u0107ima na Zlatiboru u Hotelu Palisad, odr\u017ean je &nbsp;od 13-14. Juna 2022. Godine. Trening su spovele Gospodarska komora Federacije Bosne i Hercegovine u saradnji sa Regionalnom privrednom komorom Zlatiborskog upravnog okruga i Centrom za edukaciju i podizanje svijesti o potrebi pove\u0107anja energetske efikasnosti-ENERGIS. &nbsp; \u201cZadovoljstvo [&hellip;]<\/p>\n","protected":false},"author":7,"featured_media":8377,"parent":0,"menu_order":0,"comment_status":"closed","ping_status":"closed","template":"","meta":{"ngg_post_thumbnail":0,"footnotes":"","_links_to":"","_links_to_target":""},"class_list":["post-8374","page","type-page","status-publish","has-post-thumbnail","hentry"],"yoast_head":"<!-- This site is optimized with the Yoast SEO plugin v25.6 - https:\/\/yoast.com\/wordpress\/plugins\/seo\/ -->\n<title>ODR\u017dAN DVODNEVNI TRENING NA ZLATIBORU ZA JA\u010cANJE KAPACITETA ZAPOSLENIH U MSP - Cross-border Programme<\/title>\n<meta name=\"robots\" content=\"index, follow, max-snippet:-1, max-image-preview:large, max-video-preview:-1\" \/>\n<link rel=\"canonical\" href=\"https:\/\/srb-bih.org\/ba\/8374-2\/\" \/>\n<meta property=\"og:locale\" content=\"bs_BA\" \/>\n<meta property=\"og:type\" content=\"article\" \/>\n<meta property=\"og:title\" content=\"ODR\u017dAN DVODNEVNI TRENING NA ZLATIBORU ZA JA\u010cANJE KAPACITETA ZAPOSLENIH U MSP - Cross-border Programme\" \/>\n<meta property=\"og:description\" content=\"Dvodnevni trening za ja\u010danje kapaciteta zaposlenih u malim i srednjim preduze\u0107ima na Zlatiboru u Hotelu Palisad, odr\u017ean je &nbsp;od 13-14. Juna 2022. Godine. Trening su spovele Gospodarska komora Federacije Bosne i Hercegovine u saradnji sa Regionalnom privrednom komorom Zlatiborskog upravnog okruga i Centrom za edukaciju i podizanje svijesti o potrebi pove\u0107anja energetske efikasnosti-ENERGIS. &nbsp; \u201cZadovoljstvo [&hellip;]\" \/>\n<meta property=\"og:url\" content=\"https:\/\/srb-bih.org\/ba\/8374-2\/\" \/>\n<meta property=\"og:site_name\" content=\"Cross-border Programme\" \/>\n<meta property=\"article:modified_time\" content=\"2022-06-28T13:01:19+00:00\" \/>\n<meta property=\"og:image\" content=\"https:\/\/srb-bih.org\/wp-content\/uploads\/2022\/06\/IMG-4441-2000x1500.jpg\" \/>\n\t<meta property=\"og:image:width\" content=\"2000\" \/>\n\t<meta property=\"og:image:height\" content=\"1500\" \/>\n\t<meta property=\"og:image:type\" content=\"image\/jpeg\" \/>\n<meta name=\"twitter:card\" content=\"summary_large_image\" \/>\n<meta name=\"twitter:label1\" content=\"Est. reading time\" \/>\n\t<meta name=\"twitter:data1\" content=\"2 minute\" \/>\n<script type=\"application\/ld+json\" class=\"yoast-schema-graph\">{\"@context\":\"https:\/\/schema.org\",\"@graph\":[{\"@type\":\"WebPage\",\"@id\":\"https:\/\/srb-bih.org\/ba\/8374-2\/\",\"url\":\"https:\/\/srb-bih.org\/ba\/8374-2\/\",\"name\":\"[:en]TWO-DAY TRAINING FOR SME EMPLOYEES HELD IN ZLATIBOR[:sr]\u041e\u0414\u0420\u0416\u0410\u041d \u0414\u0412\u041e\u0414\u041d\u0415\u0412\u041d\u0418 \u0422\u0420\u0415\u041d\u0418\u041d\u0413 \u041d\u0410 \u0417\u041b\u0410\u0422\u0418\u0411\u041e\u0420\u0423 \u0417\u0410 \u0408\u0410\u0427\u0410\u040a\u0415 \u041a\u0410\u041f\u0410\u0426\u0418\u0422\u0415\u0422\u0410 \u0417\u0410\u041f\u041e\u0421\u041b\u0415\u041d\u0418\u0425 \u0423 \u041c\u0421\u041f[:ba]ODR\u017dAN DVODNEVNI TRENING NA ZLATIBORU ZA JA\u010cANJE KAPACITETA ZAPOSLENIH U MSP[:] - Cross-border Programme\",\"isPartOf\":{\"@id\":\"https:\/\/srb-bih.org\/en\/#website\"},\"primaryImageOfPage\":{\"@id\":\"https:\/\/srb-bih.org\/ba\/8374-2\/#primaryimage\"},\"image\":{\"@id\":\"https:\/\/srb-bih.org\/ba\/8374-2\/#primaryimage\"},\"thumbnailUrl\":\"https:\/\/srb-bih.org\/wp-content\/uploads\/2022\/06\/IMG-4441-scaled.jpg\",\"datePublished\":\"2022-06-15T12:52:09+00:00\",\"dateModified\":\"2022-06-28T13:01:19+00:00\",\"breadcrumb\":{\"@id\":\"https:\/\/srb-bih.org\/ba\/8374-2\/#breadcrumb\"},\"inLanguage\":\"bs-BA\",\"potentialAction\":[{\"@type\":\"ReadAction\",\"target\":[\"https:\/\/srb-bih.org\/ba\/8374-2\/\"]}]},{\"@type\":\"ImageObject\",\"inLanguage\":\"bs-BA\",\"@id\":\"https:\/\/srb-bih.org\/ba\/8374-2\/#primaryimage\",\"url\":\"https:\/\/srb-bih.org\/wp-content\/uploads\/2022\/06\/IMG-4441-scaled.jpg\",\"contentUrl\":\"https:\/\/srb-bih.org\/wp-content\/uploads\/2022\/06\/IMG-4441-scaled.jpg\",\"width\":2560,\"height\":1920},{\"@type\":\"BreadcrumbList\",\"@id\":\"https:\/\/srb-bih.org\/ba\/8374-2\/#breadcrumb\",\"itemListElement\":[{\"@type\":\"ListItem\",\"position\":1,\"name\":\"Home\",\"item\":\"https:\/\/srb-bih.org\/\"},{\"@type\":\"ListItem\",\"position\":2,\"name\":\"ODR\u017dAN DVODNEVNI TRENING NA ZLATIBORU ZA JA\u010cANJE KAPACITETA ZAPOSLENIH U MSP\"}]},{\"@type\":\"WebSite\",\"@id\":\"https:\/\/srb-bih.org\/en\/#website\",\"url\":\"https:\/\/srb-bih.org\/en\/\",\"name\":\"Cross-border Programme\",\"description\":\"Common Ideas for a Better Future\",\"potentialAction\":[{\"@type\":\"SearchAction\",\"target\":{\"@type\":\"EntryPoint\",\"urlTemplate\":\"https:\/\/srb-bih.org\/en\/?s={search_term_string}\"},\"query-input\":{\"@type\":\"PropertyValueSpecification\",\"valueRequired\":true,\"valueName\":\"search_term_string\"}}],\"inLanguage\":\"bs-BA\"}]}<\/script>\n<!-- \/ Yoast SEO plugin. -->","yoast_head_json":{"title":"ODR\u017dAN DVODNEVNI TRENING NA ZLATIBORU ZA JA\u010cANJE KAPACITETA ZAPOSLENIH U MSP - Cross-border Programme","robots":{"index":"index","follow":"follow","max-snippet":"max-snippet:-1","max-image-preview":"max-image-preview:large","max-video-preview":"max-video-preview:-1"},"canonical":"https:\/\/srb-bih.org\/ba\/8374-2\/","og_locale":"bs_BA","og_type":"article","og_title":"ODR\u017dAN DVODNEVNI TRENING NA ZLATIBORU ZA JA\u010cANJE KAPACITETA ZAPOSLENIH U MSP - Cross-border Programme","og_description":"Dvodnevni trening za ja\u010danje kapaciteta zaposlenih u malim i srednjim preduze\u0107ima na Zlatiboru u Hotelu Palisad, odr\u017ean je &nbsp;od 13-14. Juna 2022. Godine. Trening su spovele Gospodarska komora Federacije Bosne i Hercegovine u saradnji sa Regionalnom privrednom komorom Zlatiborskog upravnog okruga i Centrom za edukaciju i podizanje svijesti o potrebi pove\u0107anja energetske efikasnosti-ENERGIS. &nbsp; \u201cZadovoljstvo [&hellip;]","og_url":"https:\/\/srb-bih.org\/ba\/8374-2\/","og_site_name":"Cross-border Programme","article_modified_time":"2022-06-28T13:01:19+00:00","og_image":[{"width":2000,"height":1500,"url":"https:\/\/srb-bih.org\/wp-content\/uploads\/2022\/06\/IMG-4441-2000x1500.jpg","type":"image\/jpeg"}],"twitter_card":"summary_large_image","twitter_misc":{"Est. reading time":"2 minute"},"schema":{"@context":"https:\/\/schema.org","@graph":[{"@type":"WebPage","@id":"https:\/\/srb-bih.org\/ba\/8374-2\/","url":"https:\/\/srb-bih.org\/ba\/8374-2\/","name":"[:en]TWO-DAY TRAINING FOR SME EMPLOYEES HELD IN ZLATIBOR[:sr]\u041e\u0414\u0420\u0416\u0410\u041d \u0414\u0412\u041e\u0414\u041d\u0415\u0412\u041d\u0418 \u0422\u0420\u0415\u041d\u0418\u041d\u0413 \u041d\u0410 \u0417\u041b\u0410\u0422\u0418\u0411\u041e\u0420\u0423 \u0417\u0410 \u0408\u0410\u0427\u0410\u040a\u0415 \u041a\u0410\u041f\u0410\u0426\u0418\u0422\u0415\u0422\u0410 \u0417\u0410\u041f\u041e\u0421\u041b\u0415\u041d\u0418\u0425 \u0423 \u041c\u0421\u041f[:ba]ODR\u017dAN DVODNEVNI TRENING NA ZLATIBORU ZA JA\u010cANJE KAPACITETA ZAPOSLENIH U MSP[:] - Cross-border Programme","isPartOf":{"@id":"https:\/\/srb-bih.org\/en\/#website"},"primaryImageOfPage":{"@id":"https:\/\/srb-bih.org\/ba\/8374-2\/#primaryimage"},"image":{"@id":"https:\/\/srb-bih.org\/ba\/8374-2\/#primaryimage"},"thumbnailUrl":"https:\/\/srb-bih.org\/wp-content\/uploads\/2022\/06\/IMG-4441-scaled.jpg","datePublished":"2022-06-15T12:52:09+00:00","dateModified":"2022-06-28T13:01:19+00:00","breadcrumb":{"@id":"https:\/\/srb-bih.org\/ba\/8374-2\/#breadcrumb"},"inLanguage":"bs-BA","potentialAction":[{"@type":"ReadAction","target":["https:\/\/srb-bih.org\/ba\/8374-2\/"]}]},{"@type":"ImageObject","inLanguage":"bs-BA","@id":"https:\/\/srb-bih.org\/ba\/8374-2\/#primaryimage","url":"https:\/\/srb-bih.org\/wp-content\/uploads\/2022\/06\/IMG-4441-scaled.jpg","contentUrl":"https:\/\/srb-bih.org\/wp-content\/uploads\/2022\/06\/IMG-4441-scaled.jpg","width":2560,"height":1920},{"@type":"BreadcrumbList","@id":"https:\/\/srb-bih.org\/ba\/8374-2\/#breadcrumb","itemListElement":[{"@type":"ListItem","position":1,"name":"Home","item":"https:\/\/srb-bih.org\/"},{"@type":"ListItem","position":2,"name":"ODR\u017dAN DVODNEVNI TRENING NA ZLATIBORU ZA JA\u010cANJE KAPACITETA ZAPOSLENIH U MSP"}]},{"@type":"WebSite","@id":"https:\/\/srb-bih.org\/en\/#website","url":"https:\/\/srb-bih.org\/en\/","name":"Cross-border Programme","description":"Common Ideas for a Better Future","potentialAction":[{"@type":"SearchAction","target":{"@type":"EntryPoint","urlTemplate":"https:\/\/srb-bih.org\/en\/?s={search_term_string}"},"query-input":{"@type":"PropertyValueSpecification","valueRequired":true,"valueName":"search_term_string"}}],"inLanguage":"bs-BA"}]}},"_links":{"self":[{"href":"https:\/\/srb-bih.org\/ba\/wp-json\/wp\/v2\/pages\/8374","targetHints":{"allow":["GET"]}}],"collection":[{"href":"https:\/\/srb-bih.org\/ba\/wp-json\/wp\/v2\/pages"}],"about":[{"href":"https:\/\/srb-bih.org\/ba\/wp-json\/wp\/v2\/types\/page"}],"author":[{"embeddable":true,"href":"https:\/\/srb-bih.org\/ba\/wp-json\/wp\/v2\/users\/7"}],"replies":[{"embeddable":true,"href":"https:\/\/srb-bih.org\/ba\/wp-json\/wp\/v2\/comments?post=8374"}],"version-history":[{"count":8,"href":"https:\/\/srb-bih.org\/ba\/wp-json\/wp\/v2\/pages\/8374\/revisions"}],"predecessor-version":[{"id":8385,"href":"https:\/\/srb-bih.org\/ba\/wp-json\/wp\/v2\/pages\/8374\/revisions\/8385"}],"wp:featuredmedia":[{"embeddable":true,"href":"https:\/\/srb-bih.org\/ba\/wp-json\/wp\/v2\/media\/8377"}],"wp:attachment":[{"href":"https:\/\/srb-bih.org\/ba\/wp-json\/wp\/v2\/media?parent=8374"}],"curies":[{"name":"wp","href":"https:\/\/api.w.org\/{rel}","templated":true}]}}