{"id":79,"date":"2013-06-18T05:11:21","date_gmt":"2013-06-18T05:11:21","guid":{"rendered":"http:\/\/localhost\/srb-bih\/?page_id=79"},"modified":"2025-08-06T13:43:14","modified_gmt":"2025-08-06T11:43:14","slug":"publikacije","status":"publish","type":"page","link":"https:\/\/srb-bih.org\/ba\/dokumenti\/publikacije\/","title":{"rendered":"Publikacije"},"content":{"rendered":"<p><a href=\"https:\/\/srb-bih.org\/wp-content\/uploads\/2025\/08\/RSBA-NL12-LAT.pdf\">Bilten br.12<\/a><\/p>\n<p><img decoding=\"async\" class=\"alignnone size-medium wp-image-10244 lazyload\" data-src=\"https:\/\/srb-bih.org\/wp-content\/uploads\/2025\/08\/RSBA-NL12-LAT_p1-212x300.jpg\" alt=\"\" width=\"212\" height=\"300\" data-srcset=\"https:\/\/srb-bih.org\/wp-content\/uploads\/2025\/08\/RSBA-NL12-LAT_p1-212x300.jpg 212w, https:\/\/srb-bih.org\/wp-content\/uploads\/2025\/08\/RSBA-NL12-LAT_p1-768x1086.jpg 768w, https:\/\/srb-bih.org\/wp-content\/uploads\/2025\/08\/RSBA-NL12-LAT_p1-1086x1536.jpg 1086w, https:\/\/srb-bih.org\/wp-content\/uploads\/2025\/08\/RSBA-NL12-LAT_p1-1061x1500.jpg 1061w, https:\/\/srb-bih.org\/wp-content\/uploads\/2025\/08\/RSBA-NL12-LAT_p1-498x705.jpg 498w, https:\/\/srb-bih.org\/wp-content\/uploads\/2025\/08\/RSBA-NL12-LAT_p1-450x636.jpg 450w, https:\/\/srb-bih.org\/wp-content\/uploads\/2025\/08\/RSBA-NL12-LAT_p1-scaled.jpg 1103w\" data-sizes=\"(max-width: 212px) 100vw, 212px\" src=\"data:image\/svg+xml;base64,PHN2ZyB3aWR0aD0iMSIgaGVpZ2h0PSIxIiB4bWxucz0iaHR0cDovL3d3dy53My5vcmcvMjAwMC9zdmciPjwvc3ZnPg==\" style=\"--smush-placeholder-width: 212px; --smush-placeholder-aspect-ratio: 212\/300;\" \/><\/p>\n<p><a href=\"https:\/\/srb-bih.org\/wp-content\/uploads\/2024\/08\/NL11-RS-BA-BiH.pdf\">Bilten br. 11<\/a><\/p>\n<p><img decoding=\"async\" class=\"alignnone size-medium wp-image-9628 lazyload\" data-src=\"https:\/\/srb-bih.org\/wp-content\/uploads\/2024\/08\/NL11-RS-BA-BiH-212x300.jpg\" alt=\"\" width=\"212\" height=\"300\" data-srcset=\"https:\/\/srb-bih.org\/wp-content\/uploads\/2024\/08\/NL11-RS-BA-BiH-212x300.jpg 212w, https:\/\/srb-bih.org\/wp-content\/uploads\/2024\/08\/NL11-RS-BA-BiH-1414x2000.jpg 1414w, https:\/\/srb-bih.org\/wp-content\/uploads\/2024\/08\/NL11-RS-BA-BiH-768x1086.jpg 768w, https:\/\/srb-bih.org\/wp-content\/uploads\/2024\/08\/NL11-RS-BA-BiH-1086x1536.jpg 1086w, https:\/\/srb-bih.org\/wp-content\/uploads\/2024\/08\/NL11-RS-BA-BiH-1448x2048.jpg 1448w, https:\/\/srb-bih.org\/wp-content\/uploads\/2024\/08\/NL11-RS-BA-BiH-1060x1500.jpg 1060w, https:\/\/srb-bih.org\/wp-content\/uploads\/2024\/08\/NL11-RS-BA-BiH-498x705.jpg 498w, https:\/\/srb-bih.org\/wp-content\/uploads\/2024\/08\/NL11-RS-BA-BiH-450x637.jpg 450w, https:\/\/srb-bih.org\/wp-content\/uploads\/2024\/08\/NL11-RS-BA-BiH-scaled.jpg 1810w\" data-sizes=\"(max-width: 212px) 100vw, 212px\" src=\"data:image\/svg+xml;base64,PHN2ZyB3aWR0aD0iMSIgaGVpZ2h0PSIxIiB4bWxucz0iaHR0cDovL3d3dy53My5vcmcvMjAwMC9zdmciPjwvc3ZnPg==\" style=\"--smush-placeholder-width: 212px; --smush-placeholder-aspect-ratio: 212\/300;\" \/><\/p>\n<p><a href=\"https:\/\/srb-bih.org\/wp-content\/uploads\/2023\/08\/NL10-RS-BA-LAT.pdf\">Bilten br.10<\/a><\/p>\n<p><img decoding=\"async\" class=\"alignnone size-medium wp-image-9048 lazyload\" data-src=\"https:\/\/srb-bih.org\/wp-content\/uploads\/2023\/08\/NL10-RS-BA-LAT-212x300.jpg\" alt=\"\" width=\"212\" height=\"300\" data-srcset=\"https:\/\/srb-bih.org\/wp-content\/uploads\/2023\/08\/NL10-RS-BA-LAT-212x300.jpg 212w, https:\/\/srb-bih.org\/wp-content\/uploads\/2023\/08\/NL10-RS-BA-LAT-1414x2000.jpg 1414w, https:\/\/srb-bih.org\/wp-content\/uploads\/2023\/08\/NL10-RS-BA-LAT-768x1086.jpg 768w, https:\/\/srb-bih.org\/wp-content\/uploads\/2023\/08\/NL10-RS-BA-LAT-1086x1536.jpg 1086w, https:\/\/srb-bih.org\/wp-content\/uploads\/2023\/08\/NL10-RS-BA-LAT-1448x2048.jpg 1448w, https:\/\/srb-bih.org\/wp-content\/uploads\/2023\/08\/NL10-RS-BA-LAT-1060x1500.jpg 1060w, https:\/\/srb-bih.org\/wp-content\/uploads\/2023\/08\/NL10-RS-BA-LAT-498x705.jpg 498w, https:\/\/srb-bih.org\/wp-content\/uploads\/2023\/08\/NL10-RS-BA-LAT-450x637.jpg 450w, https:\/\/srb-bih.org\/wp-content\/uploads\/2023\/08\/NL10-RS-BA-LAT-scaled.jpg 1810w\" data-sizes=\"(max-width: 212px) 100vw, 212px\" src=\"data:image\/svg+xml;base64,PHN2ZyB3aWR0aD0iMSIgaGVpZ2h0PSIxIiB4bWxucz0iaHR0cDovL3d3dy53My5vcmcvMjAwMC9zdmciPjwvc3ZnPg==\" style=\"--smush-placeholder-width: 212px; --smush-placeholder-aspect-ratio: 212\/300;\" \/><\/p>\n<p><a href=\"https:\/\/srb-bih.org\/wp-content\/uploads\/2023\/05\/project-catalogue_II-CfP_BOS_Latin_compressed-1.pdf\">Projektni katalog Drugi poziv IPA II<\/a><\/p>\n<p><img decoding=\"async\" class=\"alignnone size-medium wp-image-8891 lazyload\" data-src=\"https:\/\/srb-bih.org\/wp-content\/uploads\/2023\/05\/Drugi-P-K-208x300.png\" alt=\"\" width=\"208\" height=\"300\" data-srcset=\"https:\/\/srb-bih.org\/wp-content\/uploads\/2023\/05\/Drugi-P-K-208x300.png 208w, https:\/\/srb-bih.org\/wp-content\/uploads\/2023\/05\/Drugi-P-K-489x705.png 489w, https:\/\/srb-bih.org\/wp-content\/uploads\/2023\/05\/Drugi-P-K-450x649.png 450w, https:\/\/srb-bih.org\/wp-content\/uploads\/2023\/05\/Drugi-P-K.png 523w\" data-sizes=\"(max-width: 208px) 100vw, 208px\" src=\"data:image\/svg+xml;base64,PHN2ZyB3aWR0aD0iMSIgaGVpZ2h0PSIxIiB4bWxucz0iaHR0cDovL3d3dy53My5vcmcvMjAwMC9zdmciPjwvc3ZnPg==\" style=\"--smush-placeholder-width: 208px; --smush-placeholder-aspect-ratio: 208\/300;\" \/><\/p>\n<p><a href=\"https:\/\/srb-bih.org\/wp-content\/uploads\/2023\/05\/project-catalogue_I-CfP_SER_Cyrillic_compressed.pdf\">Projektni katalog Prvi poziv IPA II<\/a><\/p>\n<p><img decoding=\"async\" class=\"alignnone size-medium wp-image-8892 lazyload\" data-src=\"https:\/\/srb-bih.org\/wp-content\/uploads\/2023\/05\/Prvi-P-K-212x300.png\" alt=\"\" width=\"212\" height=\"300\" data-srcset=\"https:\/\/srb-bih.org\/wp-content\/uploads\/2023\/05\/Prvi-P-K-212x300.png 212w, https:\/\/srb-bih.org\/wp-content\/uploads\/2023\/05\/Prvi-P-K-498x705.png 498w, https:\/\/srb-bih.org\/wp-content\/uploads\/2023\/05\/Prvi-P-K-450x637.png 450w, https:\/\/srb-bih.org\/wp-content\/uploads\/2023\/05\/Prvi-P-K.png 531w\" data-sizes=\"(max-width: 212px) 100vw, 212px\" src=\"data:image\/svg+xml;base64,PHN2ZyB3aWR0aD0iMSIgaGVpZ2h0PSIxIiB4bWxucz0iaHR0cDovL3d3dy53My5vcmcvMjAwMC9zdmciPjwvc3ZnPg==\" style=\"--smush-placeholder-width: 212px; --smush-placeholder-aspect-ratio: 212\/300;\" \/><\/p>\n<p><a href=\"https:\/\/srb-bih.org\/wp-content\/uploads\/2023\/02\/NL9-RS-BA-LAT.pdf\">Bilten br.9<\/a><\/p>\n<p><img decoding=\"async\" class=\"alignnone size-medium wp-image-8758 lazyload\" data-src=\"https:\/\/srb-bih.org\/wp-content\/uploads\/2023\/02\/NL9-RS-BA-LAT-212x300.jpg\" alt=\"\" width=\"212\" height=\"300\" data-srcset=\"https:\/\/srb-bih.org\/wp-content\/uploads\/2023\/02\/NL9-RS-BA-LAT-212x300.jpg 212w, https:\/\/srb-bih.org\/wp-content\/uploads\/2023\/02\/NL9-RS-BA-LAT-768x1086.jpg 768w, https:\/\/srb-bih.org\/wp-content\/uploads\/2023\/02\/NL9-RS-BA-LAT-1086x1536.jpg 1086w, https:\/\/srb-bih.org\/wp-content\/uploads\/2023\/02\/NL9-RS-BA-LAT-1060x1500.jpg 1060w, https:\/\/srb-bih.org\/wp-content\/uploads\/2023\/02\/NL9-RS-BA-LAT-498x705.jpg 498w, https:\/\/srb-bih.org\/wp-content\/uploads\/2023\/02\/NL9-RS-BA-LAT-450x637.jpg 450w, https:\/\/srb-bih.org\/wp-content\/uploads\/2023\/02\/NL9-RS-BA-LAT.jpg 1240w\" data-sizes=\"(max-width: 212px) 100vw, 212px\" src=\"data:image\/svg+xml;base64,PHN2ZyB3aWR0aD0iMSIgaGVpZ2h0PSIxIiB4bWxucz0iaHR0cDovL3d3dy53My5vcmcvMjAwMC9zdmciPjwvc3ZnPg==\" style=\"--smush-placeholder-width: 212px; --smush-placeholder-aspect-ratio: 212\/300;\" \/><\/p>\n<p><a href=\"https:\/\/srb-bih.org\/wp-content\/uploads\/2022\/08\/NL8-RS-BA-BiH.pdf\">Bilten br.8<\/a><\/p>\n<p><img decoding=\"async\" class=\"alignnone size-medium wp-image-8437 lazyload\" data-src=\"https:\/\/srb-bih.org\/wp-content\/uploads\/2022\/08\/NL8-RS-BA-BiH_page-1-212x300.jpg\" alt=\"\" width=\"212\" height=\"300\" data-srcset=\"https:\/\/srb-bih.org\/wp-content\/uploads\/2022\/08\/NL8-RS-BA-BiH_page-1-212x300.jpg 212w, https:\/\/srb-bih.org\/wp-content\/uploads\/2022\/08\/NL8-RS-BA-BiH_page-1-768x1086.jpg 768w, https:\/\/srb-bih.org\/wp-content\/uploads\/2022\/08\/NL8-RS-BA-BiH_page-1-1086x1536.jpg 1086w, https:\/\/srb-bih.org\/wp-content\/uploads\/2022\/08\/NL8-RS-BA-BiH_page-1-1060x1500.jpg 1060w, https:\/\/srb-bih.org\/wp-content\/uploads\/2022\/08\/NL8-RS-BA-BiH_page-1-498x705.jpg 498w, https:\/\/srb-bih.org\/wp-content\/uploads\/2022\/08\/NL8-RS-BA-BiH_page-1-450x637.jpg 450w, https:\/\/srb-bih.org\/wp-content\/uploads\/2022\/08\/NL8-RS-BA-BiH_page-1.jpg 1240w\" data-sizes=\"(max-width: 212px) 100vw, 212px\" src=\"data:image\/svg+xml;base64,PHN2ZyB3aWR0aD0iMSIgaGVpZ2h0PSIxIiB4bWxucz0iaHR0cDovL3d3dy53My5vcmcvMjAwMC9zdmciPjwvc3ZnPg==\" style=\"--smush-placeholder-width: 212px; --smush-placeholder-aspect-ratio: 212\/300;\" \/><\/p>\n<p><a href=\"https:\/\/srb-bih.org\/wp-content\/uploads\/2022\/02\/NL7-RS-BA-BiH-Lat.pdf\">Bilten br.7<\/a><\/p>\n<p><img decoding=\"async\" class=\"alignnone size-medium wp-image-8010 lazyload\" data-src=\"https:\/\/srb-bih.org\/wp-content\/uploads\/2022\/02\/NL7-RS-BA-BiH-Lat-212x300.jpg\" alt=\"\" width=\"212\" height=\"300\" data-srcset=\"https:\/\/srb-bih.org\/wp-content\/uploads\/2022\/02\/NL7-RS-BA-BiH-Lat-212x300.jpg 212w, https:\/\/srb-bih.org\/wp-content\/uploads\/2022\/02\/NL7-RS-BA-BiH-Lat-768x1086.jpg 768w, https:\/\/srb-bih.org\/wp-content\/uploads\/2022\/02\/NL7-RS-BA-BiH-Lat-1086x1536.jpg 1086w, https:\/\/srb-bih.org\/wp-content\/uploads\/2022\/02\/NL7-RS-BA-BiH-Lat-1060x1500.jpg 1060w, https:\/\/srb-bih.org\/wp-content\/uploads\/2022\/02\/NL7-RS-BA-BiH-Lat-498x705.jpg 498w, https:\/\/srb-bih.org\/wp-content\/uploads\/2022\/02\/NL7-RS-BA-BiH-Lat-450x637.jpg 450w, https:\/\/srb-bih.org\/wp-content\/uploads\/2022\/02\/NL7-RS-BA-BiH-Lat.jpg 1240w\" data-sizes=\"(max-width: 212px) 100vw, 212px\" src=\"data:image\/svg+xml;base64,PHN2ZyB3aWR0aD0iMSIgaGVpZ2h0PSIxIiB4bWxucz0iaHR0cDovL3d3dy53My5vcmcvMjAwMC9zdmciPjwvc3ZnPg==\" style=\"--smush-placeholder-width: 212px; --smush-placeholder-aspect-ratio: 212\/300;\" \/><\/p>\n<p><a href=\"https:\/\/srb-bih.org\/wp-content\/uploads\/2021\/07\/NL6-RS-BA-BiH-Lat.pdf\">Bilten br.6<\/a><\/p>\n<p><img decoding=\"async\" class=\"alignnone size-medium wp-image-7835 lazyload\" data-src=\"https:\/\/srb-bih.org\/wp-content\/uploads\/2021\/07\/NL6-RS-BA-BiH-Lat-212x300.jpg\" alt=\"\" width=\"212\" height=\"300\" data-srcset=\"https:\/\/srb-bih.org\/wp-content\/uploads\/2021\/07\/NL6-RS-BA-BiH-Lat-212x300.jpg 212w, https:\/\/srb-bih.org\/wp-content\/uploads\/2021\/07\/NL6-RS-BA-BiH-Lat-768x1086.jpg 768w, https:\/\/srb-bih.org\/wp-content\/uploads\/2021\/07\/NL6-RS-BA-BiH-Lat-1086x1536.jpg 1086w, https:\/\/srb-bih.org\/wp-content\/uploads\/2021\/07\/NL6-RS-BA-BiH-Lat-1060x1500.jpg 1060w, https:\/\/srb-bih.org\/wp-content\/uploads\/2021\/07\/NL6-RS-BA-BiH-Lat-498x705.jpg 498w, https:\/\/srb-bih.org\/wp-content\/uploads\/2021\/07\/NL6-RS-BA-BiH-Lat-450x637.jpg 450w, https:\/\/srb-bih.org\/wp-content\/uploads\/2021\/07\/NL6-RS-BA-BiH-Lat.jpg 1240w\" data-sizes=\"(max-width: 212px) 100vw, 212px\" src=\"data:image\/svg+xml;base64,PHN2ZyB3aWR0aD0iMSIgaGVpZ2h0PSIxIiB4bWxucz0iaHR0cDovL3d3dy53My5vcmcvMjAwMC9zdmciPjwvc3ZnPg==\" style=\"--smush-placeholder-width: 212px; --smush-placeholder-aspect-ratio: 212\/300;\" \/><\/p>\n<p><a href=\"https:\/\/srb-bih.org\/wp-content\/uploads\/2020\/12\/NL5-RS-BA-BiH-Lat.pdf\">Bilten br.5<\/a><\/p>\n<p><img decoding=\"async\" class=\"alignnone size-medium wp-image-7542 lazyload\" data-src=\"https:\/\/srb-bih.org\/wp-content\/uploads\/2020\/12\/NL5-RS-BA-BiH-Lat_pg1-212x300.jpg\" alt=\"\" width=\"212\" height=\"300\" data-srcset=\"https:\/\/srb-bih.org\/wp-content\/uploads\/2020\/12\/NL5-RS-BA-BiH-Lat_pg1-212x300.jpg 212w, https:\/\/srb-bih.org\/wp-content\/uploads\/2020\/12\/NL5-RS-BA-BiH-Lat_pg1-768x1086.jpg 768w, https:\/\/srb-bih.org\/wp-content\/uploads\/2020\/12\/NL5-RS-BA-BiH-Lat_pg1-1060x1500.jpg 1060w, https:\/\/srb-bih.org\/wp-content\/uploads\/2020\/12\/NL5-RS-BA-BiH-Lat_pg1-498x705.jpg 498w, https:\/\/srb-bih.org\/wp-content\/uploads\/2020\/12\/NL5-RS-BA-BiH-Lat_pg1-450x637.jpg 450w, https:\/\/srb-bih.org\/wp-content\/uploads\/2020\/12\/NL5-RS-BA-BiH-Lat_pg1.jpg 1240w\" data-sizes=\"(max-width: 212px) 100vw, 212px\" src=\"data:image\/svg+xml;base64,PHN2ZyB3aWR0aD0iMSIgaGVpZ2h0PSIxIiB4bWxucz0iaHR0cDovL3d3dy53My5vcmcvMjAwMC9zdmciPjwvc3ZnPg==\" style=\"--smush-placeholder-width: 212px; --smush-placeholder-aspect-ratio: 212\/300;\" \/><\/p>\n<p><a href=\"https:\/\/srb-bih.org\/wp-content\/uploads\/2020\/07\/NL4-RS-BA-BiH-Lat.pdf\">Bilten br.4<\/a><\/p>\n<p><img decoding=\"async\" class=\"alignnone size-medium wp-image-7264 lazyload\" data-src=\"https:\/\/srb-bih.org\/wp-content\/uploads\/2020\/07\/NL4-RS-BA-BiH-Lat-1-s-212x300.jpg\" alt=\"\" width=\"212\" height=\"300\" data-srcset=\"https:\/\/srb-bih.org\/wp-content\/uploads\/2020\/07\/NL4-RS-BA-BiH-Lat-1-s-212x300.jpg 212w, https:\/\/srb-bih.org\/wp-content\/uploads\/2020\/07\/NL4-RS-BA-BiH-Lat-1-s.jpg 424w\" data-sizes=\"(max-width: 212px) 100vw, 212px\" src=\"data:image\/svg+xml;base64,PHN2ZyB3aWR0aD0iMSIgaGVpZ2h0PSIxIiB4bWxucz0iaHR0cDovL3d3dy53My5vcmcvMjAwMC9zdmciPjwvc3ZnPg==\" style=\"--smush-placeholder-width: 212px; --smush-placeholder-aspect-ratio: 212\/300;\" \/><\/p>\n<p>&nbsp;<\/p>\n<p><a href=\"https:\/\/srb-bih.org\/wp-content\/uploads\/2019\/12\/Newsletter-SRB-BiH-No3.pdf\">Bilten br.3<\/a><\/p>\n<p><img decoding=\"async\" class=\"alignnone size-medium wp-image-7127 lazyload\" data-src=\"https:\/\/srb-bih.org\/wp-content\/uploads\/2019\/12\/Newsletter-RS-BA-No3-naslovna-212x300.jpg\" alt=\"\" width=\"212\" height=\"300\" data-srcset=\"https:\/\/srb-bih.org\/wp-content\/uploads\/2019\/12\/Newsletter-RS-BA-No3-naslovna-212x300.jpg 212w, https:\/\/srb-bih.org\/wp-content\/uploads\/2019\/12\/Newsletter-RS-BA-No3-naslovna-768x1086.jpg 768w, https:\/\/srb-bih.org\/wp-content\/uploads\/2019\/12\/Newsletter-RS-BA-No3-naslovna-1060x1500.jpg 1060w, https:\/\/srb-bih.org\/wp-content\/uploads\/2019\/12\/Newsletter-RS-BA-No3-naslovna-498x705.jpg 498w, https:\/\/srb-bih.org\/wp-content\/uploads\/2019\/12\/Newsletter-RS-BA-No3-naslovna-450x637.jpg 450w, https:\/\/srb-bih.org\/wp-content\/uploads\/2019\/12\/Newsletter-RS-BA-No3-naslovna.jpg 1240w\" data-sizes=\"(max-width: 212px) 100vw, 212px\" src=\"data:image\/svg+xml;base64,PHN2ZyB3aWR0aD0iMSIgaGVpZ2h0PSIxIiB4bWxucz0iaHR0cDovL3d3dy53My5vcmcvMjAwMC9zdmciPjwvc3ZnPg==\" style=\"--smush-placeholder-width: 212px; --smush-placeholder-aspect-ratio: 212\/300;\" \/><\/p>\n<p>&nbsp;<\/p>\n<p><a href=\"https:\/\/srb-bih.org\/wp-content\/uploads\/2019\/07\/Newsletter-no.-2.pdf\">Bilten br.2<\/a><\/p>\n<p><img decoding=\"async\" class=\"alignnone size-medium wp-image-6554 lazyload\" data-src=\"https:\/\/srb-bih.org\/wp-content\/uploads\/2019\/07\/Newsletter-no.-2-1-212x300.jpg\" alt=\"\" width=\"212\" height=\"300\" data-srcset=\"https:\/\/srb-bih.org\/wp-content\/uploads\/2019\/07\/Newsletter-no.-2-1-212x300.jpg 212w, https:\/\/srb-bih.org\/wp-content\/uploads\/2019\/07\/Newsletter-no.-2-1-768x1086.jpg 768w, https:\/\/srb-bih.org\/wp-content\/uploads\/2019\/07\/Newsletter-no.-2-1-1060x1500.jpg 1060w, https:\/\/srb-bih.org\/wp-content\/uploads\/2019\/07\/Newsletter-no.-2-1-498x705.jpg 498w, https:\/\/srb-bih.org\/wp-content\/uploads\/2019\/07\/Newsletter-no.-2-1-450x637.jpg 450w, https:\/\/srb-bih.org\/wp-content\/uploads\/2019\/07\/Newsletter-no.-2-1.jpg 1240w\" data-sizes=\"(max-width: 212px) 100vw, 212px\" src=\"data:image\/svg+xml;base64,PHN2ZyB3aWR0aD0iMSIgaGVpZ2h0PSIxIiB4bWxucz0iaHR0cDovL3d3dy53My5vcmcvMjAwMC9zdmciPjwvc3ZnPg==\" style=\"--smush-placeholder-width: 212px; --smush-placeholder-aspect-ratio: 212\/300;\" \/><\/p>\n<p><a href=\"http:\/\/srb-bih.org\/wp-content\/uploads\/2018\/03\/04-zo_CBC_Srb-BiH_brosura-A5_BOS_SEP2017.pdf\" target=\"_blank\" rel=\"noopener\">Bro\u0161ura IPA programa prekograni\u010dne saradnje 2014-2020 Srbija i Bosna i Hercegovina<\/a><\/p>\n<p><img decoding=\"async\" class=\"alignnone size-medium wp-image-5043 lazyload\" data-src=\"http:\/\/srb-bih.org\/wp-content\/uploads\/2018\/03\/04-zo_CBC_Srb-BiH_brosura-A5_BOS_SEP2017_Page_1-211x300.jpg\" alt=\"\" width=\"211\" height=\"300\" data-srcset=\"https:\/\/srb-bih.org\/wp-content\/uploads\/2018\/03\/04-zo_CBC_Srb-BiH_brosura-A5_BOS_SEP2017_Page_1-211x300.jpg 211w, https:\/\/srb-bih.org\/wp-content\/uploads\/2018\/03\/04-zo_CBC_Srb-BiH_brosura-A5_BOS_SEP2017_Page_1-768x1090.jpg 768w, https:\/\/srb-bih.org\/wp-content\/uploads\/2018\/03\/04-zo_CBC_Srb-BiH_brosura-A5_BOS_SEP2017_Page_1-722x1024.jpg 722w, https:\/\/srb-bih.org\/wp-content\/uploads\/2018\/03\/04-zo_CBC_Srb-BiH_brosura-A5_BOS_SEP2017_Page_1.jpg 1748w\" data-sizes=\"(max-width: 211px) 100vw, 211px\" src=\"data:image\/svg+xml;base64,PHN2ZyB3aWR0aD0iMSIgaGVpZ2h0PSIxIiB4bWxucz0iaHR0cDovL3d3dy53My5vcmcvMjAwMC9zdmciPjwvc3ZnPg==\" style=\"--smush-placeholder-width: 211px; --smush-placeholder-aspect-ratio: 211\/300;\" \/><\/p>\n<p><a href=\"http:\/\/srb-bih.org\/wp-content\/uploads\/2018\/03\/CBC-srb-bih-liflet-BOS.pdf\" target=\"_blank\" rel=\"noopener\">Liflet IPA programa prekograni\u010dne saradnje 2014-2020 Srbija i Bosna i Hercegovina<\/a><\/p>\n<p><img decoding=\"async\" class=\"alignnone size-medium wp-image-5054 lazyload\" data-src=\"http:\/\/srb-bih.org\/wp-content\/uploads\/2018\/03\/CBC-srb-bih-liflet-BOS_Page_1-300x212.jpg\" alt=\"\" width=\"300\" height=\"212\" data-srcset=\"https:\/\/srb-bih.org\/wp-content\/uploads\/2018\/03\/CBC-srb-bih-liflet-BOS_Page_1-300x212.jpg 300w, https:\/\/srb-bih.org\/wp-content\/uploads\/2018\/03\/CBC-srb-bih-liflet-BOS_Page_1-768x543.jpg 768w, https:\/\/srb-bih.org\/wp-content\/uploads\/2018\/03\/CBC-srb-bih-liflet-BOS_Page_1-1024x724.jpg 1024w, https:\/\/srb-bih.org\/wp-content\/uploads\/2018\/03\/CBC-srb-bih-liflet-BOS_Page_1.jpg 1170w\" data-sizes=\"(max-width: 300px) 100vw, 300px\" src=\"data:image\/svg+xml;base64,PHN2ZyB3aWR0aD0iMSIgaGVpZ2h0PSIxIiB4bWxucz0iaHR0cDovL3d3dy53My5vcmcvMjAwMC9zdmciPjwvc3ZnPg==\" style=\"--smush-placeholder-width: 300px; --smush-placeholder-aspect-ratio: 300\/212;\" \/><\/p>\n<p><a href=\"http:\/\/srb-bih.org\/wp-content\/uploads\/2014\/10\/Brosura-bos-PDF.pdf\" target=\"_blank\" rel=\"noopener\">Katalog projekata Prvog poziva&nbsp; za Prekograni\u010dni program Srbija \u2013 Bosna i Hercegovina.<\/a><\/p>\n<p><a href=\"http:\/\/srb-bih.org\/wp-content\/uploads\/2014\/10\/Separati-15.08.2014.7z\" target=\"_blank\" rel=\"noopener\">Katalog projekata Drugog poziva&nbsp; za Prekograni\u010dni program Srbija \u2013 Bosna i Hercegovina.<\/a><\/p>","protected":false},"excerpt":{"rendered":"<p>Bilten br.12 Bilten br. 11 Bilten br.10 Projektni katalog Drugi poziv IPA II Projektni katalog Prvi poziv IPA II Bilten br.9 Bilten br.8 Bilten br.7 Bilten br.6 Bilten br.5 Bilten br.4 &nbsp; Bilten br.3 &nbsp; Bilten br.2 Bro\u0161ura IPA programa prekograni\u010dne saradnje 2014-2020 Srbija i Bosna i Hercegovina Liflet IPA programa prekograni\u010dne saradnje 2014-2020 Srbija [&hellip;]<\/p>\n","protected":false},"author":1,"featured_media":0,"parent":73,"menu_order":4,"comment_status":"closed","ping_status":"open","template":"","meta":{"ngg_post_thumbnail":0,"footnotes":"","_links_to":"","_links_to_target":""},"class_list":["post-79","page","type-page","status-publish","hentry"],"yoast_head":"<!-- This site is optimized with the Yoast SEO plugin v25.6 - https:\/\/yoast.com\/wordpress\/plugins\/seo\/ -->\n<title>Publikacije - Cross-border Programme<\/title>\n<meta name=\"robots\" content=\"index, follow, max-snippet:-1, max-image-preview:large, max-video-preview:-1\" \/>\n<link rel=\"canonical\" href=\"https:\/\/srb-bih.org\/dokumenti\/publikacije\/\" \/>\n<meta property=\"og:locale\" content=\"bs_BA\" \/>\n<meta property=\"og:type\" content=\"article\" \/>\n<meta property=\"og:title\" content=\"Publikacije - Cross-border Programme\" \/>\n<meta property=\"og:description\" content=\"Bilten br.12 Bilten br. 11 Bilten br.10 Projektni katalog Drugi poziv IPA II Projektni katalog Prvi poziv IPA II Bilten br.9 Bilten br.8 Bilten br.7 Bilten br.6 Bilten br.5 Bilten br.4 &nbsp; Bilten br.3 &nbsp; Bilten br.2 Bro\u0161ura IPA programa prekograni\u010dne saradnje 2014-2020 Srbija i Bosna i Hercegovina Liflet IPA programa prekograni\u010dne saradnje 2014-2020 Srbija [&hellip;]\" \/>\n<meta property=\"og:url\" content=\"https:\/\/srb-bih.org\/dokumenti\/publikacije\/\" \/>\n<meta property=\"og:site_name\" content=\"Cross-border Programme\" \/>\n<meta property=\"article:modified_time\" content=\"2025-08-06T11:43:14+00:00\" \/>\n<meta property=\"og:image\" content=\"https:\/\/srb-bih.org\/wp-content\/uploads\/2025\/08\/RSBA-NL12-ENG_p1-scaled.jpg\" \/>\n\t<meta property=\"og:image:width\" content=\"1103\" \/>\n\t<meta property=\"og:image:height\" content=\"1560\" \/>\n\t<meta property=\"og:image:type\" content=\"image\/jpeg\" \/>\n<meta name=\"twitter:card\" content=\"summary_large_image\" \/>\n<meta name=\"twitter:label1\" content=\"Est. reading time\" \/>\n\t<meta name=\"twitter:data1\" content=\"4 minute\" \/>\n<script type=\"application\/ld+json\" class=\"yoast-schema-graph\">{\"@context\":\"https:\/\/schema.org\",\"@graph\":[{\"@type\":\"WebPage\",\"@id\":\"https:\/\/srb-bih.org\/dokumenti\/publikacije\/\",\"url\":\"https:\/\/srb-bih.org\/dokumenti\/publikacije\/\",\"name\":\"[:en]Publications[:sr]\u041f\u0443\u0431\u043b\u0438\u043a\u0430\u0446\u0438\u0458\u0435[:ba]Publikacije[:] - Cross-border Programme\",\"isPartOf\":{\"@id\":\"https:\/\/srb-bih.org\/en\/#website\"},\"primaryImageOfPage\":{\"@id\":\"https:\/\/srb-bih.org\/dokumenti\/publikacije\/#primaryimage\"},\"image\":{\"@id\":\"https:\/\/srb-bih.org\/dokumenti\/publikacije\/#primaryimage\"},\"thumbnailUrl\":\"https:\/\/srb-bih.org\/wp-content\/uploads\/2025\/08\/RSBA-NL12-ENG_p1-212x300.jpg\",\"datePublished\":\"2013-06-18T05:11:21+00:00\",\"dateModified\":\"2025-08-06T11:43:14+00:00\",\"breadcrumb\":{\"@id\":\"https:\/\/srb-bih.org\/dokumenti\/publikacije\/#breadcrumb\"},\"inLanguage\":\"bs-BA\",\"potentialAction\":[{\"@type\":\"ReadAction\",\"target\":[\"https:\/\/srb-bih.org\/dokumenti\/publikacije\/\"]}]},{\"@type\":\"ImageObject\",\"inLanguage\":\"bs-BA\",\"@id\":\"https:\/\/srb-bih.org\/dokumenti\/publikacije\/#primaryimage\",\"url\":\"https:\/\/srb-bih.org\/wp-content\/uploads\/2025\/08\/RSBA-NL12-ENG_p1-212x300.jpg\",\"contentUrl\":\"https:\/\/srb-bih.org\/wp-content\/uploads\/2025\/08\/RSBA-NL12-ENG_p1-212x300.jpg\"},{\"@type\":\"BreadcrumbList\",\"@id\":\"https:\/\/srb-bih.org\/dokumenti\/publikacije\/#breadcrumb\",\"itemListElement\":[{\"@type\":\"ListItem\",\"position\":1,\"name\":\"Home\",\"item\":\"https:\/\/srb-bih.org\/\"},{\"@type\":\"ListItem\",\"position\":2,\"name\":\"Documents\",\"item\":\"https:\/\/srb-bih.org\/en\/dokumenti\/\"},{\"@type\":\"ListItem\",\"position\":3,\"name\":\"Publications\"}]},{\"@type\":\"WebSite\",\"@id\":\"https:\/\/srb-bih.org\/en\/#website\",\"url\":\"https:\/\/srb-bih.org\/en\/\",\"name\":\"Cross-border Programme\",\"description\":\"Common Ideas for a Better Future\",\"potentialAction\":[{\"@type\":\"SearchAction\",\"target\":{\"@type\":\"EntryPoint\",\"urlTemplate\":\"https:\/\/srb-bih.org\/en\/?s={search_term_string}\"},\"query-input\":{\"@type\":\"PropertyValueSpecification\",\"valueRequired\":true,\"valueName\":\"search_term_string\"}}],\"inLanguage\":\"bs-BA\"}]}<\/script>\n<!-- \/ Yoast SEO plugin. -->","yoast_head_json":{"title":"Publikacije - Cross-border Programme","robots":{"index":"index","follow":"follow","max-snippet":"max-snippet:-1","max-image-preview":"max-image-preview:large","max-video-preview":"max-video-preview:-1"},"canonical":"https:\/\/srb-bih.org\/dokumenti\/publikacije\/","og_locale":"bs_BA","og_type":"article","og_title":"Publikacije - Cross-border Programme","og_description":"Bilten br.12 Bilten br. 11 Bilten br.10 Projektni katalog Drugi poziv IPA II Projektni katalog Prvi poziv IPA II Bilten br.9 Bilten br.8 Bilten br.7 Bilten br.6 Bilten br.5 Bilten br.4 &nbsp; Bilten br.3 &nbsp; Bilten br.2 Bro\u0161ura IPA programa prekograni\u010dne saradnje 2014-2020 Srbija i Bosna i Hercegovina Liflet IPA programa prekograni\u010dne saradnje 2014-2020 Srbija [&hellip;]","og_url":"https:\/\/srb-bih.org\/dokumenti\/publikacije\/","og_site_name":"Cross-border Programme","article_modified_time":"2025-08-06T11:43:14+00:00","og_image":[{"width":1103,"height":1560,"url":"https:\/\/srb-bih.org\/wp-content\/uploads\/2025\/08\/RSBA-NL12-ENG_p1-scaled.jpg","type":"image\/jpeg"}],"twitter_card":"summary_large_image","twitter_misc":{"Est. reading time":"4 minute"},"schema":{"@context":"https:\/\/schema.org","@graph":[{"@type":"WebPage","@id":"https:\/\/srb-bih.org\/dokumenti\/publikacije\/","url":"https:\/\/srb-bih.org\/dokumenti\/publikacije\/","name":"[:en]Publications[:sr]\u041f\u0443\u0431\u043b\u0438\u043a\u0430\u0446\u0438\u0458\u0435[:ba]Publikacije[:] - Cross-border Programme","isPartOf":{"@id":"https:\/\/srb-bih.org\/en\/#website"},"primaryImageOfPage":{"@id":"https:\/\/srb-bih.org\/dokumenti\/publikacije\/#primaryimage"},"image":{"@id":"https:\/\/srb-bih.org\/dokumenti\/publikacije\/#primaryimage"},"thumbnailUrl":"https:\/\/srb-bih.org\/wp-content\/uploads\/2025\/08\/RSBA-NL12-ENG_p1-212x300.jpg","datePublished":"2013-06-18T05:11:21+00:00","dateModified":"2025-08-06T11:43:14+00:00","breadcrumb":{"@id":"https:\/\/srb-bih.org\/dokumenti\/publikacije\/#breadcrumb"},"inLanguage":"bs-BA","potentialAction":[{"@type":"ReadAction","target":["https:\/\/srb-bih.org\/dokumenti\/publikacije\/"]}]},{"@type":"ImageObject","inLanguage":"bs-BA","@id":"https:\/\/srb-bih.org\/dokumenti\/publikacije\/#primaryimage","url":"https:\/\/srb-bih.org\/wp-content\/uploads\/2025\/08\/RSBA-NL12-ENG_p1-212x300.jpg","contentUrl":"https:\/\/srb-bih.org\/wp-content\/uploads\/2025\/08\/RSBA-NL12-ENG_p1-212x300.jpg"},{"@type":"BreadcrumbList","@id":"https:\/\/srb-bih.org\/dokumenti\/publikacije\/#breadcrumb","itemListElement":[{"@type":"ListItem","position":1,"name":"Home","item":"https:\/\/srb-bih.org\/"},{"@type":"ListItem","position":2,"name":"Documents","item":"https:\/\/srb-bih.org\/en\/dokumenti\/"},{"@type":"ListItem","position":3,"name":"Publications"}]},{"@type":"WebSite","@id":"https:\/\/srb-bih.org\/en\/#website","url":"https:\/\/srb-bih.org\/en\/","name":"Cross-border Programme","description":"Common Ideas for a Better Future","potentialAction":[{"@type":"SearchAction","target":{"@type":"EntryPoint","urlTemplate":"https:\/\/srb-bih.org\/en\/?s={search_term_string}"},"query-input":{"@type":"PropertyValueSpecification","valueRequired":true,"valueName":"search_term_string"}}],"inLanguage":"bs-BA"}]}},"_links":{"self":[{"href":"https:\/\/srb-bih.org\/ba\/wp-json\/wp\/v2\/pages\/79","targetHints":{"allow":["GET"]}}],"collection":[{"href":"https:\/\/srb-bih.org\/ba\/wp-json\/wp\/v2\/pages"}],"about":[{"href":"https:\/\/srb-bih.org\/ba\/wp-json\/wp\/v2\/types\/page"}],"author":[{"embeddable":true,"href":"https:\/\/srb-bih.org\/ba\/wp-json\/wp\/v2\/users\/1"}],"replies":[{"embeddable":true,"href":"https:\/\/srb-bih.org\/ba\/wp-json\/wp\/v2\/comments?post=79"}],"version-history":[{"count":57,"href":"https:\/\/srb-bih.org\/ba\/wp-json\/wp\/v2\/pages\/79\/revisions"}],"predecessor-version":[{"id":10249,"href":"https:\/\/srb-bih.org\/ba\/wp-json\/wp\/v2\/pages\/79\/revisions\/10249"}],"up":[{"embeddable":true,"href":"https:\/\/srb-bih.org\/ba\/wp-json\/wp\/v2\/pages\/73"}],"wp:attachment":[{"href":"https:\/\/srb-bih.org\/ba\/wp-json\/wp\/v2\/media?parent=79"}],"curies":[{"name":"wp","href":"https:\/\/api.w.org\/{rel}","templated":true}]}}