{"id":75,"date":"2013-06-18T05:08:17","date_gmt":"2013-06-18T05:08:17","guid":{"rendered":"http:\/\/localhost\/srb-bih\/?page_id=75"},"modified":"2024-02-10T01:10:00","modified_gmt":"2024-02-09T23:10:00","slug":"programski-dokumenti","status":"publish","type":"page","link":"https:\/\/srb-bih.org\/ba\/dokumenti\/programski-dokumenti\/","title":{"rendered":"Programski dokumenti"},"content":{"rendered":"<p>Program prekograni\u010dne saradnje Srbija &#8211; Bosna i Hercegovina 2021-2027. predstavlja tre\u0107u generaciju programa prekograni\u010dne saradnje izme\u0111u ove dvije zemlje i podr\u017ean je od strane Instrumenta za pretpristupnu pomo\u0107 Evropske unije. U Program su uklju\u010dene lekcije nau\u010dene tokom implementacije u periodu 2014-2020. izme\u0111u istih zemalja kako bi se dodatno oja\u010dala i pro\u0161irila oblast saradnje izme\u0111u korisnika.<\/p>\n<p>Cilj programa je doprinijeti ekonomskom, socijalnom i teritorijalnom razvoju Programa kroz podsticanje integracije, zajedni\u010dki razvoj i kori\u0161\u0107enje potencijala i mogu\u0107nosti kako bi se oblast u\u010dinila privla\u010dnom za \u017eivot i rad. Oblasti intervencije Programa \u0107e se oslanjati na snage i potencijale kako bi se iskoristile najrelevantnije prilike, pobolj\u0161ale slabosti i minimizirale prijetnje. Balans izme\u0111u ciljeva integracije i razvoja i izvodljivosti implementacije uzeti su u obzir. Stoga se Program fokusira na sljede\u0107e tematske prioritete:<\/p>\n<p>&nbsp;<\/p>\n<ul>\n<li>TP1: Ulaganje u mlade, obrazovanje i vje\u0161tine, unutar ovog TP, definisana su dva specifi\u010dna cilja\/rezultata:<\/li>\n<\/ul>\n<p>&nbsp;&nbsp;&nbsp;&nbsp;&nbsp;&nbsp;&nbsp;&nbsp;&nbsp; SC 1.1 Pobolj\u0161ati aktivizam mladih i dru\u0161tveno-ekonomsko u\u010de\u0161\u0107e mladih.<\/p>\n<p>&nbsp;&nbsp;&nbsp;&nbsp;&nbsp;&nbsp;&nbsp;&nbsp;&nbsp; SC 1.2 Pove\u0107ati zapo\u0161ljivost odre\u0111enih grupa pru\u017eanjem novih vje\u0161tina.<\/p>\n<p>Prioriteti se bave nekim od klju\u010dnih izazova identifikovanih u regionu &#8211; ograni\u010denim perspektivama i visokim stopama nezaposlenosti me\u0111u mladima, kao i negativnim migracionim trendovima unutar regiona. Odabir prioriteta &nbsp;tako\u0111e se zasniva na iskustvu ste\u010denom kroz zajedni\u010dke akcije me\u0111u ljudima koje su bile smatrane najuspe\u0161nijim i relevantnim u prethodnim programima.<\/p>\n<p>&nbsp;<\/p>\n<ul>\n<li>TP2:Podsticanje turizma i kulturnog i prirodnog nasle\u0111a, unutar ovog TP, definisan je jedan specifi\u010dni cilj\/rezultat:<\/li>\n<\/ul>\n<p>&nbsp;&nbsp;&nbsp;&nbsp;&nbsp;&nbsp;&nbsp;&nbsp;&nbsp;&nbsp; SC 2.1 Razvijati i promovisati zajedni\u010dke turisti\u010dke ponude zasnovane na kulturnom i prirodnom nasle\u0111u.<\/p>\n<p>Ovaj tematski prioritet i njegovi &nbsp;specifi\u010dni ciljevi istra\u017euju potencijale identifikovane u regionu, posebno razvoj turizma u vezi sa kulturnim i prirodnim nasle\u0111em. Kao parametric kori\u0161\u0107ene su najbolje prakse u razvoju zajedni\u010dke turisti\u010dke ponude. Tako\u0111e, specifi\u010dni ciljevi &nbsp;omogu\u0107avaju &nbsp;kreiranje zajedni\u010dkih turisti\u010dkih proizvoda, kao i manjih intervencija u turisti\u010dkoj infrastrukturi na polju &nbsp;kulturnog i prirodnog nasle\u0111a.<\/p>\n<p>Procenjuje se da oba tematska prioriteta mogu imati najbolji mogu\u0107i uticaj na regionalnom nivou u kontekstu prekograni\u010dne saradnje, uzimaju\u0107i u obzir finansijski i tehni\u010dki okvir Programa. Podr\u0161ka koja \u0107e biti pru\u017eena u okviru ovog vi\u0161egodi\u0161njeg akcionog plana direktno \u0107e doprineti i stvarati sinergije sa prioritetima Ekonomskog i investicionog plana i Zelene agende za Zapadni Balkan.<\/p>\n<p>&nbsp;<\/p>\n<p><a title=\"Operativni Program za IPA II 2014-2020 CBC Srbija Bosna i Hercegovina\" href=\"https:\/\/srb-bih.org\/wp-content\/uploads\/2024\/02\/Final-OP.pdf\" target=\"_blank\" rel=\"noopener\">Operativni Program za IPA III 2021-2027 PPS Srbija Bosna i Hercegovina<\/a><\/p>","protected":false},"excerpt":{"rendered":"<p>Program prekograni\u010dne saradnje Srbija &#8211; Bosna i Hercegovina 2021-2027. predstavlja tre\u0107u generaciju programa prekograni\u010dne saradnje izme\u0111u ove dvije zemlje i podr\u017ean je od strane Instrumenta za pretpristupnu pomo\u0107 Evropske unije. U Program su uklju\u010dene lekcije nau\u010dene tokom implementacije u periodu 2014-2020. izme\u0111u istih zemalja kako bi se dodatno oja\u010dala i pro\u0161irila oblast saradnje izme\u0111u korisnika. [&hellip;]<\/p>\n","protected":false},"author":1,"featured_media":0,"parent":73,"menu_order":2,"comment_status":"closed","ping_status":"open","template":"","meta":{"ngg_post_thumbnail":0,"footnotes":"","_links_to":"","_links_to_target":""},"class_list":["post-75","page","type-page","status-publish","hentry"],"yoast_head":"<!-- This site is optimized with the Yoast SEO plugin v25.6 - https:\/\/yoast.com\/wordpress\/plugins\/seo\/ -->\n<title>Programski dokumenti - Cross-border Programme<\/title>\n<meta name=\"robots\" content=\"index, follow, max-snippet:-1, max-image-preview:large, max-video-preview:-1\" \/>\n<link rel=\"canonical\" href=\"https:\/\/srb-bih.org\/en\/dokumenti\/programski-dokumenti\/\" \/>\n<meta property=\"og:locale\" content=\"bs_BA\" \/>\n<meta property=\"og:type\" content=\"article\" \/>\n<meta property=\"og:title\" content=\"Programski dokumenti - Cross-border Programme\" \/>\n<meta property=\"og:description\" content=\"Program prekograni\u010dne saradnje Srbija &#8211; Bosna i Hercegovina 2021-2027. predstavlja tre\u0107u generaciju programa prekograni\u010dne saradnje izme\u0111u ove dvije zemlje i podr\u017ean je od strane Instrumenta za pretpristupnu pomo\u0107 Evropske unije. U Program su uklju\u010dene lekcije nau\u010dene tokom implementacije u periodu 2014-2020. izme\u0111u istih zemalja kako bi se dodatno oja\u010dala i pro\u0161irila oblast saradnje izme\u0111u korisnika. [&hellip;]\" \/>\n<meta property=\"og:url\" content=\"https:\/\/srb-bih.org\/en\/dokumenti\/programski-dokumenti\/\" \/>\n<meta property=\"og:site_name\" content=\"Cross-border Programme\" \/>\n<meta property=\"article:modified_time\" content=\"2024-02-09T23:10:00+00:00\" \/>\n<meta name=\"twitter:card\" content=\"summary_large_image\" \/>\n<meta name=\"twitter:label1\" content=\"Est. reading time\" \/>\n\t<meta name=\"twitter:data1\" content=\"5 minuta\" \/>\n<script type=\"application\/ld+json\" class=\"yoast-schema-graph\">{\"@context\":\"https:\/\/schema.org\",\"@graph\":[{\"@type\":\"WebPage\",\"@id\":\"https:\/\/srb-bih.org\/en\/dokumenti\/programski-dokumenti\/\",\"url\":\"https:\/\/srb-bih.org\/en\/dokumenti\/programski-dokumenti\/\",\"name\":\"[:en]Programme documents[:sr]\u041f\u0440\u043e\u0433\u0440\u0430\u043c\u0441\u043a\u0438 \u0434\u043e\u043a\u0443\u043c\u0435\u043d\u0442\u0438[:ba]Programski dokumenti[:] - Cross-border Programme\",\"isPartOf\":{\"@id\":\"https:\/\/srb-bih.org\/en\/#website\"},\"datePublished\":\"2013-06-18T05:08:17+00:00\",\"dateModified\":\"2024-02-09T23:10:00+00:00\",\"breadcrumb\":{\"@id\":\"https:\/\/srb-bih.org\/en\/dokumenti\/programski-dokumenti\/#breadcrumb\"},\"inLanguage\":\"bs-BA\",\"potentialAction\":[{\"@type\":\"ReadAction\",\"target\":[\"https:\/\/srb-bih.org\/en\/dokumenti\/programski-dokumenti\/\"]}]},{\"@type\":\"BreadcrumbList\",\"@id\":\"https:\/\/srb-bih.org\/en\/dokumenti\/programski-dokumenti\/#breadcrumb\",\"itemListElement\":[{\"@type\":\"ListItem\",\"position\":1,\"name\":\"Home\",\"item\":\"https:\/\/srb-bih.org\/\"},{\"@type\":\"ListItem\",\"position\":2,\"name\":\"Documents\",\"item\":\"https:\/\/srb-bih.org\/en\/dokumenti\/\"},{\"@type\":\"ListItem\",\"position\":3,\"name\":\"Programme documents\"}]},{\"@type\":\"WebSite\",\"@id\":\"https:\/\/srb-bih.org\/en\/#website\",\"url\":\"https:\/\/srb-bih.org\/en\/\",\"name\":\"Cross-border Programme\",\"description\":\"Common Ideas for a Better Future\",\"potentialAction\":[{\"@type\":\"SearchAction\",\"target\":{\"@type\":\"EntryPoint\",\"urlTemplate\":\"https:\/\/srb-bih.org\/en\/?s={search_term_string}\"},\"query-input\":{\"@type\":\"PropertyValueSpecification\",\"valueRequired\":true,\"valueName\":\"search_term_string\"}}],\"inLanguage\":\"bs-BA\"}]}<\/script>\n<!-- \/ Yoast SEO plugin. -->","yoast_head_json":{"title":"Programski dokumenti - Cross-border Programme","robots":{"index":"index","follow":"follow","max-snippet":"max-snippet:-1","max-image-preview":"max-image-preview:large","max-video-preview":"max-video-preview:-1"},"canonical":"https:\/\/srb-bih.org\/en\/dokumenti\/programski-dokumenti\/","og_locale":"bs_BA","og_type":"article","og_title":"Programski dokumenti - Cross-border Programme","og_description":"Program prekograni\u010dne saradnje Srbija &#8211; Bosna i Hercegovina 2021-2027. predstavlja tre\u0107u generaciju programa prekograni\u010dne saradnje izme\u0111u ove dvije zemlje i podr\u017ean je od strane Instrumenta za pretpristupnu pomo\u0107 Evropske unije. U Program su uklju\u010dene lekcije nau\u010dene tokom implementacije u periodu 2014-2020. izme\u0111u istih zemalja kako bi se dodatno oja\u010dala i pro\u0161irila oblast saradnje izme\u0111u korisnika. [&hellip;]","og_url":"https:\/\/srb-bih.org\/en\/dokumenti\/programski-dokumenti\/","og_site_name":"Cross-border Programme","article_modified_time":"2024-02-09T23:10:00+00:00","twitter_card":"summary_large_image","twitter_misc":{"Est. reading time":"5 minuta"},"schema":{"@context":"https:\/\/schema.org","@graph":[{"@type":"WebPage","@id":"https:\/\/srb-bih.org\/en\/dokumenti\/programski-dokumenti\/","url":"https:\/\/srb-bih.org\/en\/dokumenti\/programski-dokumenti\/","name":"[:en]Programme documents[:sr]\u041f\u0440\u043e\u0433\u0440\u0430\u043c\u0441\u043a\u0438 \u0434\u043e\u043a\u0443\u043c\u0435\u043d\u0442\u0438[:ba]Programski dokumenti[:] - Cross-border Programme","isPartOf":{"@id":"https:\/\/srb-bih.org\/en\/#website"},"datePublished":"2013-06-18T05:08:17+00:00","dateModified":"2024-02-09T23:10:00+00:00","breadcrumb":{"@id":"https:\/\/srb-bih.org\/en\/dokumenti\/programski-dokumenti\/#breadcrumb"},"inLanguage":"bs-BA","potentialAction":[{"@type":"ReadAction","target":["https:\/\/srb-bih.org\/en\/dokumenti\/programski-dokumenti\/"]}]},{"@type":"BreadcrumbList","@id":"https:\/\/srb-bih.org\/en\/dokumenti\/programski-dokumenti\/#breadcrumb","itemListElement":[{"@type":"ListItem","position":1,"name":"Home","item":"https:\/\/srb-bih.org\/"},{"@type":"ListItem","position":2,"name":"Documents","item":"https:\/\/srb-bih.org\/en\/dokumenti\/"},{"@type":"ListItem","position":3,"name":"Programme documents"}]},{"@type":"WebSite","@id":"https:\/\/srb-bih.org\/en\/#website","url":"https:\/\/srb-bih.org\/en\/","name":"Cross-border Programme","description":"Common Ideas for a Better Future","potentialAction":[{"@type":"SearchAction","target":{"@type":"EntryPoint","urlTemplate":"https:\/\/srb-bih.org\/en\/?s={search_term_string}"},"query-input":{"@type":"PropertyValueSpecification","valueRequired":true,"valueName":"search_term_string"}}],"inLanguage":"bs-BA"}]}},"_links":{"self":[{"href":"https:\/\/srb-bih.org\/ba\/wp-json\/wp\/v2\/pages\/75","targetHints":{"allow":["GET"]}}],"collection":[{"href":"https:\/\/srb-bih.org\/ba\/wp-json\/wp\/v2\/pages"}],"about":[{"href":"https:\/\/srb-bih.org\/ba\/wp-json\/wp\/v2\/types\/page"}],"author":[{"embeddable":true,"href":"https:\/\/srb-bih.org\/ba\/wp-json\/wp\/v2\/users\/1"}],"replies":[{"embeddable":true,"href":"https:\/\/srb-bih.org\/ba\/wp-json\/wp\/v2\/comments?post=75"}],"version-history":[{"count":26,"href":"https:\/\/srb-bih.org\/ba\/wp-json\/wp\/v2\/pages\/75\/revisions"}],"predecessor-version":[{"id":9333,"href":"https:\/\/srb-bih.org\/ba\/wp-json\/wp\/v2\/pages\/75\/revisions\/9333"}],"up":[{"embeddable":true,"href":"https:\/\/srb-bih.org\/ba\/wp-json\/wp\/v2\/pages\/73"}],"wp:attachment":[{"href":"https:\/\/srb-bih.org\/ba\/wp-json\/wp\/v2\/media?parent=75"}],"curies":[{"name":"wp","href":"https:\/\/api.w.org\/{rel}","templated":true}]}}