{"id":71,"date":"2013-06-18T05:05:31","date_gmt":"2013-06-18T05:05:31","guid":{"rendered":"http:\/\/localhost\/srb-bih\/?page_id=71"},"modified":"2018-12-20T16:05:48","modified_gmt":"2018-12-20T14:05:48","slug":"vesti-i-dogadaji","status":"publish","type":"page","link":"https:\/\/srb-bih.org\/ba\/vesti\/vesti-i-dogadaji\/","title":{"rendered":"Novosti"},"content":{"rendered":"<p>Delegacija Ministarstva za evropske integracije u dvodnevnoj posjeti Sjevernoj Makedoniji i jugu Srbije: obilazak projekata i razgovori o novom pozivu u okviru Programa prekograni\u010dne saradnje<\/span><\/span><\/span><\/article><article class='slide-entry flex_column  post-entry post-entry-10406 slide-entry-overview slide-loop-2 slide-parity-even  av_one_half  fake-thumbnail'  itemscope=\"itemscope\" itemtype=\"https:\/\/schema.org\/BlogPosting\" itemprop=\"blogPost\" ><a href='https:\/\/srb-bih.org\/ba\/han-pijesak-eu-funded-cross-border-cooperation-between-bih-and-serbia-delivers-tangible-results\/' data-rel='slide-1' class='slide-image' title=''><span class=' fallback-post-type-icon' aria-hidden='true' data-av_icon='\ue836' data-av_iconfont='entypo-fontello'><\/span><span class='slider-fallback-image'><img decoding=\"async\" width=\"495\" height=\"400\" data-src=\"https:\/\/srb-bih.org\/wp-content\/uploads\/2025\/09\/fqa-495x400.png\" class=\"attachment-portfolio size-portfolio wp-post-image lazyload\" alt=\"\" data-srcset=\"https:\/\/srb-bih.org\/wp-content\/uploads\/2025\/09\/fqa-495x400.png 495w, https:\/\/srb-bih.org\/wp-content\/uploads\/2025\/09\/fqa-845x684.png 845w\" data-sizes=\"(max-width: 495px) 100vw, 495px\" src=\"data:image\/svg+xml;base64,PHN2ZyB3aWR0aD0iMSIgaGVpZ2h0PSIxIiB4bWxucz0iaHR0cDovL3d3dy53My5vcmcvMjAwMC9zdmciPjwvc3ZnPg==\" style=\"--smush-placeholder-width: 495px; --smush-placeholder-aspect-ratio: 495\/400;\" \/><\/span><\/a><div class='slide-content'><header class=\"entry-content-header\"><h3 class='slide-entry-title entry-title'  itemprop=\"headline\" ><a href='https:\/\/srb-bih.org\/ba\/han-pijesak-eu-funded-cross-border-cooperation-between-bih-and-serbia-delivers-tangible-results\/' title='Han Pijesak: Prekograni\u010dna saradnja BiH i Srbije uz podr\u0161ku EU daje konkretne rezultate'>Han Pijesak: Prekograni\u010dna saradnja BiH i Srbije uz podr\u0161ku EU daje konkretne rezultate<\/a><\/h3><span class=\"blog-categories minor-meta\"><a href=\"https:\/\/srb-bih.org\/ba\/category\/news\/events\/\" rel=\"tag\">Doga\u0111aji<\/a>, <a href=\"https:\/\/srb-bih.org\/ba\/category\/news\/\" rel=\"tag\">Vijesti i doga\u0111aji<\/a> <\/span><span class=\"av-vertical-delimiter\"><\/span><\/header><div class='slide-entry-excerpt entry-content'  itemprop=\"text\" >HAN PIJESAK, 29. decembra \u2013 U prostorijama Op\u0107ine Han Pijesak odr\u017eana je zavr\u0161na konferencija projekta \u201eRazvijanje ruralnog turizma kao osnove za budu\u0107i odr\u017eivi razvoj prekograni\u010dnog podru\u010dja Srbije i Bosne i Hercegovine\u201c, na kojoj\u2026<\/div><\/div><footer class=\"entry-footer\"><div class='slide-meta'><time class='slide-meta-time updated'  itemprop=\"datePublished\" datetime=\"2025-12-30T11:04:36+00:00\" >30. December 2025.<\/time><\/div><\/footer><span class='hidden'>\n\t\t\t<span class='av-structured-data'  itemprop=\"ImageObject\" itemscope=\"itemscope\" itemtype=\"https:\/\/schema.org\/ImageObject\"  itemprop='image'>\n\t\t\t\t\t   <span itemprop='url' >https:\/\/srb-bih.org\/wp-content\/uploads\/2024\/02\/cbsrbbih.jpg<\/span>\n\t\t\t\t\t   <span itemprop='height' >0<\/span>\n\t\t\t\t\t   <span itemprop='width' >0<\/span>\n\t\t\t\t  <\/span><span class='av-structured-data'  itemprop=\"publisher\" itemtype=\"https:\/\/schema.org\/Organization\" itemscope=\"itemscope\" >\n\t\t\t\t<span itemprop='name'>Irena Markovic<\/span>\n\t\t\t\t<span itemprop='logo' itemscope itemtype='https:\/\/schema.org\/ImageObject'>\n\t\t\t\t   <span itemprop='url'>https:\/\/srb-bih.org\/wp-content\/uploads\/2024\/02\/cbsrbbih.jpg<\/span>\n\t\t\t\t <\/span>\n\t\t\t  <\/span><span class='av-structured-data'  itemprop=\"author\" itemscope=\"itemscope\" itemtype=\"https:\/\/schema.org\/Person\" ><span itemprop='name'>Irena Markovic<\/span><\/span><span class='av-structured-data'  itemprop=\"datePublished\" datetime=\"2025-09-29T14:08:27+00:00\" >2025-12-30 11:04:36<\/span><span class='av-structured-data'  itemprop=\"dateModified\" itemtype=\"https:\/\/schema.org\/dateModified\" >2025-12-30 11:24:43<\/span><span class='av-structured-data'  itemprop=\"mainEntityOfPage\" itemtype=\"https:\/\/schema.org\/mainEntityOfPage\" ><span itemprop='name'>Han Pijesak: Prekograni\u010dna saradnja BiH i Srbije uz podr\u0161ku EU daje konkretne rezultate<\/span><\/span><\/span><\/article><\/div><div class='slide-entry-wrap'><article class='slide-entry flex_column  post-entry post-entry-10384 slide-entry-overview slide-loop-3 slide-parity-odd  av_one_half first real-thumbnail'  itemscope=\"itemscope\" itemtype=\"https:\/\/schema.org\/BlogPosting\" itemprop=\"blogPost\" ><a href='https:\/\/srb-bih.org\/ba\/serbian-%d0%bf%d1%80%d0%b5%d0%ba%d0%be%d0%b3%d1%80%d0%b0%d0%bd%d0%b8%d1%87%d0%bd%d0%b0-%d1%81%d0%b0%d1%80%d0%b0%d0%b4%d1%9a%d0%b0-%d0%b4%d0%be%d0%bd%d0%be%d1%81%d0%b8-%d0%bd%d0%be%d0%b2%d0%b8-%d0%b7\/' data-rel='slide-1' class='slide-image' title=''><img decoding=\"async\" width=\"495\" height=\"400\" data-src=\"https:\/\/srb-bih.org\/wp-content\/uploads\/2025\/12\/viber_image_2025-12-17_11-34-21-171-495x400.jpg\" class=\"attachment-portfolio size-portfolio wp-post-image lazyload\" alt=\"\" data-srcset=\"https:\/\/srb-bih.org\/wp-content\/uploads\/2025\/12\/viber_image_2025-12-17_11-34-21-171-495x400.jpg 495w, https:\/\/srb-bih.org\/wp-content\/uploads\/2025\/12\/viber_image_2025-12-17_11-34-21-171-845x684.jpg 845w\" data-sizes=\"(max-width: 495px) 100vw, 495px\" src=\"data:image\/svg+xml;base64,PHN2ZyB3aWR0aD0iMSIgaGVpZ2h0PSIxIiB4bWxucz0iaHR0cDovL3d3dy53My5vcmcvMjAwMC9zdmciPjwvc3ZnPg==\" style=\"--smush-placeholder-width: 495px; --smush-placeholder-aspect-ratio: 495\/400;\" \/><\/a><div class='slide-content'><header class=\"entry-content-header\"><h3 class='slide-entry-title entry-title'  itemprop=\"headline\" ><a href='https:\/\/srb-bih.org\/ba\/serbian-%d0%bf%d1%80%d0%b5%d0%ba%d0%be%d0%b3%d1%80%d0%b0%d0%bd%d0%b8%d1%87%d0%bd%d0%b0-%d1%81%d0%b0%d1%80%d0%b0%d0%b4%d1%9a%d0%b0-%d0%b4%d0%be%d0%bd%d0%be%d1%81%d0%b8-%d0%bd%d0%be%d0%b2%d0%b8-%d0%b7\/' title='Prekograni\u010dna saradnja donosi novi zamah lovnom i ruralnom turizmu'>Prekograni\u010dna saradnja donosi novi zamah lovnom i ruralnom turizmu<\/a><\/h3><span class=\"blog-categories minor-meta\"><a href=\"https:\/\/srb-bih.org\/ba\/category\/news\/events\/\" rel=\"tag\">Doga\u0111aji<\/a>, <a href=\"https:\/\/srb-bih.org\/ba\/category\/news\/newss\/\" rel=\"tag\">Vijesti<\/a>, <a href=\"https:\/\/srb-bih.org\/ba\/category\/news\/\" rel=\"tag\">Vijesti i doga\u0111aji<\/a> <\/span><span class=\"av-vertical-delimiter\"><\/span><\/header><div class='slide-entry-excerpt entry-content'  itemprop=\"text\" >\r\n\r\n\r\n&nbsp;U okviru projekta \u201eRazvoj ruralnog turizma kao osnove za budu\u0107i odr\u017eivi razvoj prekograni\u010dnog podru\u010dja Srbije i Bosne i Hercegovine\u201c, u srijedu, 17. decembra 2025. godine, s po\u010detkom u 11.00 sati, odr\u017eana je projektna konferencija\u2026<\/div><\/div><footer class=\"entry-footer\"><div class='slide-meta'><time class='slide-meta-time updated'  itemprop=\"datePublished\" datetime=\"2025-12-18T12:17:55+00:00\" >18. December 2025.<\/time><\/div><\/footer><span class='hidden'>\n\t\t\t<span class='av-structured-data'  itemprop=\"ImageObject\" itemscope=\"itemscope\" itemtype=\"https:\/\/schema.org\/ImageObject\"  itemprop='image'>\n\t\t\t\t\t   <span itemprop='url' >https:\/\/srb-bih.org\/wp-content\/uploads\/2025\/12\/viber_image_2025-12-17_11-34-21-171-scaled.jpg<\/span>\n\t\t\t\t\t   <span itemprop='height' >878<\/span>\n\t\t\t\t\t   <span itemprop='width' >1560<\/span>\n\t\t\t\t  <\/span><span class='av-structured-data'  itemprop=\"publisher\" itemtype=\"https:\/\/schema.org\/Organization\" itemscope=\"itemscope\" >\n\t\t\t\t<span itemprop='name'>Irena Markovic<\/span>\n\t\t\t\t<span itemprop='logo' itemscope itemtype='https:\/\/schema.org\/ImageObject'>\n\t\t\t\t   <span itemprop='url'>https:\/\/srb-bih.org\/wp-content\/uploads\/2024\/02\/cbsrbbih.jpg<\/span>\n\t\t\t\t <\/span>\n\t\t\t  <\/span><span class='av-structured-data'  itemprop=\"author\" itemscope=\"itemscope\" itemtype=\"https:\/\/schema.org\/Person\" ><span itemprop='name'>Irena Markovic<\/span><\/span><span class='av-structured-data'  itemprop=\"datePublished\" datetime=\"2025-09-29T14:08:27+00:00\" >2025-12-18 12:17:55<\/span><span class='av-structured-data'  itemprop=\"dateModified\" itemtype=\"https:\/\/schema.org\/dateModified\" >2025-12-18 12:58:46<\/span><span class='av-structured-data'  itemprop=\"mainEntityOfPage\" itemtype=\"https:\/\/schema.org\/mainEntityOfPage\" ><span itemprop='name'>Prekograni\u010dna saradnja donosi novi zamah lovnom i ruralnom turizmu<\/span><\/span><\/span><\/article><article class='slide-entry flex_column  post-entry post-entry-10375 slide-entry-overview slide-loop-4 slide-parity-even  av_one_half  real-thumbnail'  itemscope=\"itemscope\" itemtype=\"https:\/\/schema.org\/BlogPosting\" itemprop=\"blogPost\" ><a href='https:\/\/srb-bih.org\/ba\/serbian-%d1%80%d0%b8%d0%bc%d1%81%d0%ba%d0%b8-%d0%b8%d0%bc%d0%bf%d0%b5%d1%80%d0%b0%d1%82%d0%be%d1%80%d0%b8-%d0%bf%d0%be%d0%bd%d0%be%d0%b2%d0%be-%d0%bd%d0%b0-%d1%81%d1%86%d0%b5%d0%bd%d0%b8-%d0%ba\/' data-rel='slide-1' class='slide-image' title=''><img decoding=\"async\" width=\"495\" height=\"400\" data-src=\"https:\/\/srb-bih.org\/wp-content\/uploads\/2025\/10\/Carska-palata-Sirmium-495x400.jpg\" class=\"attachment-portfolio size-portfolio wp-post-image lazyload\" alt=\"\" data-srcset=\"https:\/\/srb-bih.org\/wp-content\/uploads\/2025\/10\/Carska-palata-Sirmium-495x400.jpg 495w, https:\/\/srb-bih.org\/wp-content\/uploads\/2025\/10\/Carska-palata-Sirmium-845x684.jpg 845w\" data-sizes=\"(max-width: 495px) 100vw, 495px\" src=\"data:image\/svg+xml;base64,PHN2ZyB3aWR0aD0iMSIgaGVpZ2h0PSIxIiB4bWxucz0iaHR0cDovL3d3dy53My5vcmcvMjAwMC9zdmciPjwvc3ZnPg==\" style=\"--smush-placeholder-width: 495px; --smush-placeholder-aspect-ratio: 495\/400;\" \/><\/a><div class='slide-content'><header class=\"entry-content-header\"><h3 class='slide-entry-title entry-title'  itemprop=\"headline\" ><a href='https:\/\/srb-bih.org\/ba\/serbian-%d1%80%d0%b8%d0%bc%d1%81%d0%ba%d0%b8-%d0%b8%d0%bc%d0%bf%d0%b5%d1%80%d0%b0%d1%82%d0%be%d1%80%d0%b8-%d0%bf%d0%be%d0%bd%d0%be%d0%b2%d0%be-%d0%bd%d0%b0-%d1%81%d1%86%d0%b5%d0%bd%d0%b8-%d0%ba\/' title='Rimski imperatori ponovo na sceni: Kulturno naslije\u0111e kao pokreta\u010d razvoja'>Rimski imperatori ponovo na sceni: Kulturno naslije\u0111e kao pokreta\u010d razvoja<\/a><\/h3><span class=\"blog-categories minor-meta\"><a href=\"https:\/\/srb-bih.org\/ba\/category\/news\/newss\/\" rel=\"tag\">Vijesti<\/a>, <a href=\"https:\/\/srb-bih.org\/ba\/category\/news\/\" rel=\"tag\">Vijesti i doga\u0111aji<\/a> <\/span><span class=\"av-vertical-delimiter\"><\/span><\/header><div class='slide-entry-excerpt entry-content'  itemprop=\"text\" >Anti\u010dki lokaliteti u Srbiji i Bosni i Hercegovini dobili su novi \u017eivot \u2013 umjesto da budu skriveni u arhivima i pod slojevima zemlje, postaju pozornica kulturnog turizma. Projekat \u201ePutevi rimskih imperatora\u201c pokazao je kako historijsko\u2026<\/div><\/div><footer class=\"entry-footer\"><div class='slide-meta'><time class='slide-meta-time updated'  itemprop=\"datePublished\" datetime=\"2025-10-24T21:41:25+00:00\" >24. October 2025.<\/time><\/div><\/footer><span class='hidden'>\n\t\t\t<span class='av-structured-data'  itemprop=\"ImageObject\" itemscope=\"itemscope\" itemtype=\"https:\/\/schema.org\/ImageObject\"  itemprop='image'>\n\t\t\t\t\t   <span itemprop='url' >https:\/\/srb-bih.org\/wp-content\/uploads\/2025\/10\/Carska-palata-Sirmium-scaled.jpg<\/span>\n\t\t\t\t\t   <span itemprop='height' >1170<\/span>\n\t\t\t\t\t   <span itemprop='width' >1560<\/span>\n\t\t\t\t  <\/span><span class='av-structured-data'  itemprop=\"publisher\" itemtype=\"https:\/\/schema.org\/Organization\" itemscope=\"itemscope\" >\n\t\t\t\t<span itemprop='name'>Irena Markovic<\/span>\n\t\t\t\t<span itemprop='logo' itemscope itemtype='https:\/\/schema.org\/ImageObject'>\n\t\t\t\t   <span itemprop='url'>https:\/\/srb-bih.org\/wp-content\/uploads\/2024\/02\/cbsrbbih.jpg<\/span>\n\t\t\t\t <\/span>\n\t\t\t  <\/span><span class='av-structured-data'  itemprop=\"author\" itemscope=\"itemscope\" itemtype=\"https:\/\/schema.org\/Person\" ><span itemprop='name'>Irena Markovic<\/span><\/span><span class='av-structured-data'  itemprop=\"datePublished\" datetime=\"2025-09-29T14:08:27+00:00\" >2025-10-24 21:41:25<\/span><span class='av-structured-data'  itemprop=\"dateModified\" itemtype=\"https:\/\/schema.org\/dateModified\" >2025-10-30 21:44:07<\/span><span class='av-structured-data'  itemprop=\"mainEntityOfPage\" itemtype=\"https:\/\/schema.org\/mainEntityOfPage\" ><span itemprop='name'>Rimski imperatori ponovo na sceni: Kulturno naslije\u0111e kao pokreta\u010d razvoja<\/span><\/span><\/span><\/article><\/div><div class='slide-entry-wrap'><article class='slide-entry flex_column  post-entry post-entry-10365 slide-entry-overview slide-loop-5 slide-parity-odd  av_one_half first real-thumbnail'  itemscope=\"itemscope\" itemtype=\"https:\/\/schema.org\/BlogPosting\" itemprop=\"blogPost\" ><a href='https:\/\/srb-bih.org\/ba\/a-magical-view-through-the-binoculars-nature-tourism-and-inclusion-across-borders\/' data-rel='slide-1' class='slide-image' title=''><img decoding=\"async\" width=\"495\" height=\"400\" data-src=\"https:\/\/srb-bih.org\/wp-content\/uploads\/2025\/10\/7-495x400.jpg\" class=\"attachment-portfolio size-portfolio wp-post-image lazyload\" alt=\"\" data-srcset=\"https:\/\/srb-bih.org\/wp-content\/uploads\/2025\/10\/7-495x400.jpg 495w, https:\/\/srb-bih.org\/wp-content\/uploads\/2025\/10\/7-845x684.jpg 845w\" data-sizes=\"(max-width: 495px) 100vw, 495px\" src=\"data:image\/svg+xml;base64,PHN2ZyB3aWR0aD0iMSIgaGVpZ2h0PSIxIiB4bWxucz0iaHR0cDovL3d3dy53My5vcmcvMjAwMC9zdmciPjwvc3ZnPg==\" style=\"--smush-placeholder-width: 495px; --smush-placeholder-aspect-ratio: 495\/400;\" \/><\/a><div class='slide-content'><header class=\"entry-content-header\"><h3 class='slide-entry-title entry-title'  itemprop=\"headline\" ><a href='https:\/\/srb-bih.org\/ba\/a-magical-view-through-the-binoculars-nature-tourism-and-inclusion-across-borders\/' title='\u010carobni pogled kroz dvogled: Priroda, turizam i inkluzija preko granice'>\u010carobni pogled kroz dvogled: Priroda, turizam i inkluzija preko granice<\/a><\/h3><span class=\"blog-categories minor-meta\"><a href=\"https:\/\/srb-bih.org\/ba\/category\/news\/newss\/\" rel=\"tag\">Vijesti<\/a>, <a href=\"https:\/\/srb-bih.org\/ba\/category\/news\/\" rel=\"tag\">Vijesti i doga\u0111aji<\/a> <\/span><span class=\"av-vertical-delimiter\"><\/span><\/header><div class='slide-entry-excerpt entry-content'  itemprop=\"text\" >Na granici Srbije i Bosne i Hercegovine realizovan je jedinstven projekat koji je uspio spojiti ono \u0161to rijetko ide zajedno \u2014 prirodu, turizam i socijalnu inkluziju. Projekat \u201eEko turizam u prekograni\u010dnom podru\u010dju Srbije\u2013BiH \u2013 Posmatranje\u2026<\/div><\/div><footer class=\"entry-footer\"><div class='slide-meta'><time class='slide-meta-time updated'  itemprop=\"datePublished\" datetime=\"2025-10-23T21:29:54+00:00\" >23. October 2025.<\/time><\/div><\/footer><span class='hidden'>\n\t\t\t<span class='av-structured-data'  itemprop=\"ImageObject\" itemscope=\"itemscope\" itemtype=\"https:\/\/schema.org\/ImageObject\"  itemprop='image'>\n\t\t\t\t\t   <span itemprop='url' >https:\/\/srb-bih.org\/wp-content\/uploads\/2025\/10\/7.jpg<\/span>\n\t\t\t\t\t   <span itemprop='height' >1152<\/span>\n\t\t\t\t\t   <span itemprop='width' >1536<\/span>\n\t\t\t\t  <\/span><span class='av-structured-data'  itemprop=\"publisher\" itemtype=\"https:\/\/schema.org\/Organization\" itemscope=\"itemscope\" >\n\t\t\t\t<span itemprop='name'>Irena Markovic<\/span>\n\t\t\t\t<span itemprop='logo' itemscope itemtype='https:\/\/schema.org\/ImageObject'>\n\t\t\t\t   <span itemprop='url'>https:\/\/srb-bih.org\/wp-content\/uploads\/2024\/02\/cbsrbbih.jpg<\/span>\n\t\t\t\t <\/span>\n\t\t\t  <\/span><span class='av-structured-data'  itemprop=\"author\" itemscope=\"itemscope\" itemtype=\"https:\/\/schema.org\/Person\" ><span itemprop='name'>Irena Markovic<\/span><\/span><span class='av-structured-data'  itemprop=\"datePublished\" datetime=\"2025-09-29T14:08:27+00:00\" >2025-10-23 21:29:54<\/span><span class='av-structured-data'  itemprop=\"dateModified\" itemtype=\"https:\/\/schema.org\/dateModified\" >2025-10-30 21:38:57<\/span><span class='av-structured-data'  itemprop=\"mainEntityOfPage\" itemtype=\"https:\/\/schema.org\/mainEntityOfPage\" ><span itemprop='name'>\u010carobni pogled kroz dvogled: Priroda, turizam i inkluzija preko granice<\/span><\/span><\/span><\/article><article class='slide-entry flex_column  post-entry post-entry-10320 slide-entry-overview slide-loop-6 slide-parity-even  post-entry-last  av_one_half  real-thumbnail'  itemscope=\"itemscope\" itemtype=\"https:\/\/schema.org\/BlogPosting\" itemprop=\"blogPost\" ><a href='https:\/\/srb-bih.org\/ba\/published-clarifications-no-3-regarding-the-1st-call-for-proposals\/' data-rel='slide-1' class='slide-image' title=''><img decoding=\"async\" width=\"495\" height=\"400\" data-src=\"https:\/\/srb-bih.org\/wp-content\/uploads\/2025\/09\/fqa-495x400.png\" class=\"attachment-portfolio size-portfolio wp-post-image lazyload\" alt=\"\" data-srcset=\"https:\/\/srb-bih.org\/wp-content\/uploads\/2025\/09\/fqa-495x400.png 495w, https:\/\/srb-bih.org\/wp-content\/uploads\/2025\/09\/fqa-845x684.png 845w\" data-sizes=\"(max-width: 495px) 100vw, 495px\" src=\"data:image\/svg+xml;base64,PHN2ZyB3aWR0aD0iMSIgaGVpZ2h0PSIxIiB4bWxucz0iaHR0cDovL3d3dy53My5vcmcvMjAwMC9zdmciPjwvc3ZnPg==\" style=\"--smush-placeholder-width: 495px; --smush-placeholder-aspect-ratio: 495\/400;\" \/><\/a><div class='slide-content'><header class=\"entry-content-header\"><h3 class='slide-entry-title entry-title'  itemprop=\"headline\" ><a href='https:\/\/srb-bih.org\/ba\/published-clarifications-no-3-regarding-the-1st-call-for-proposals\/' title='Objavljena poja\u0161njenja br. 3 povodom 1. Poziva za podno\u0161enje prijedloga projekata'>Objavljena poja\u0161njenja br. 3 povodom 1. Poziva za podno\u0161enje prijedloga projekata<\/a><\/h3><span class=\"blog-categories minor-meta\"><a href=\"https:\/\/srb-bih.org\/ba\/category\/news\/newss\/\" rel=\"tag\">Vijesti<\/a>, <a href=\"https:\/\/srb-bih.org\/ba\/category\/news\/\" rel=\"tag\">Vijesti i doga\u0111aji<\/a> <\/span><span class=\"av-vertical-delimiter\"><\/span><\/header><div class='slide-entry-excerpt entry-content'  itemprop=\"text\" >\r\nOdgovori na pitanja upu\u0107ena Ugovornom tijelu u vezi sa Prvim pozivom za podno\u0161enje prijedloga projekata u okviru IPA Programa prekograni\u010dne saradnje Srbija \u2013 Bosna i Hercegovina 2021\u20132027 su objavljeni.\r\nKlarifikacije br. 3 dostupne\u2026<\/div><\/div><footer class=\"entry-footer\"><div class='slide-meta'><time class='slide-meta-time updated'  itemprop=\"datePublished\" datetime=\"2025-09-29T14:08:27+00:00\" >29. September 2025.<\/time><\/div><\/footer><span class='hidden'>\n\t\t\t<span class='av-structured-data'  itemprop=\"ImageObject\" itemscope=\"itemscope\" itemtype=\"https:\/\/schema.org\/ImageObject\"  itemprop='image'>\n\t\t\t\t\t   <span itemprop='url' >https:\/\/srb-bih.org\/wp-content\/uploads\/2025\/09\/fqa.png<\/span>\n\t\t\t\t\t   <span itemprop='height' >788<\/span>\n\t\t\t\t\t   <span itemprop='width' >940<\/span>\n\t\t\t\t  <\/span><span class='av-structured-data'  itemprop=\"publisher\" itemtype=\"https:\/\/schema.org\/Organization\" itemscope=\"itemscope\" >\n\t\t\t\t<span itemprop='name'>Irena Markovic<\/span>\n\t\t\t\t<span itemprop='logo' itemscope itemtype='https:\/\/schema.org\/ImageObject'>\n\t\t\t\t   <span itemprop='url'>https:\/\/srb-bih.org\/wp-content\/uploads\/2024\/02\/cbsrbbih.jpg<\/span>\n\t\t\t\t <\/span>\n\t\t\t  <\/span><span class='av-structured-data'  itemprop=\"author\" itemscope=\"itemscope\" itemtype=\"https:\/\/schema.org\/Person\" ><span itemprop='name'>Irena Markovic<\/span><\/span><span class='av-structured-data'  itemprop=\"datePublished\" datetime=\"2025-09-29T14:08:27+00:00\" >2025-09-29 14:08:27<\/span><span class='av-structured-data'  itemprop=\"dateModified\" itemtype=\"https:\/\/schema.org\/dateModified\" >2025-10-01 10:10:04<\/span><span class='av-structured-data'  itemprop=\"mainEntityOfPage\" itemtype=\"https:\/\/schema.org\/mainEntityOfPage\" ><span itemprop='name'> Objavljena poja\u0161njenja br. 3 povodom 1. Poziva za podno\u0161enje prijedloga projekata <\/span><\/span><\/span><\/article><\/div><\/div><div class='pagination-wrap pagination-slider'><nav class='pagination'><span class='pagination-meta'>Page 1 of 103<\/span><span class='current'>1<\/span><a href='https:\/\/srb-bih.org\/ba\/wp-json\/wp\/v2\/pages\/71\/page\/2\/' class='inactive next_page' >2<\/a><a href='https:\/\/srb-bih.org\/ba\/wp-json\/wp\/v2\/pages\/71\/page\/3\/' class='inactive' >3<\/a><a href='https:\/\/srb-bih.org\/ba\/wp-json\/wp\/v2\/pages\/71\/page\/2\/'>&rsaquo;<\/a><a href='https:\/\/srb-bih.org\/ba\/wp-json\/wp\/v2\/pages\/71\/page\/103\/'>&raquo;<\/a><\/nav>\n<\/div><\/div><\/div><\/p>","protected":false},"excerpt":{"rendered":"","protected":false},"author":1,"featured_media":0,"parent":68,"menu_order":2,"comment_status":"closed","ping_status":"open","template":"","meta":{"ngg_post_thumbnail":0,"footnotes":"","_links_to":"","_links_to_target":""},"class_list":["post-71","page","type-page","status-publish","hentry"],"yoast_head":"<!-- This site is optimized with the Yoast SEO plugin v25.6 - https:\/\/yoast.com\/wordpress\/plugins\/seo\/ -->\n<title>Novosti - Cross-border Programme<\/title>\n<meta name=\"robots\" content=\"index, follow, max-snippet:-1, max-image-preview:large, max-video-preview:-1\" \/>\n<link rel=\"canonical\" href=\"https:\/\/srb-bih.org\/en\/vesti\/vesti-i-dogadaji\/\" \/>\n<meta property=\"og:locale\" content=\"bs_BA\" \/>\n<meta property=\"og:type\" content=\"article\" \/>\n<meta property=\"og:title\" content=\"Novosti - Cross-border Programme\" \/>\n<meta property=\"og:url\" content=\"https:\/\/srb-bih.org\/en\/vesti\/vesti-i-dogadaji\/\" \/>\n<meta property=\"og:site_name\" content=\"Cross-border Programme\" \/>\n<meta property=\"article:modified_time\" content=\"2018-12-20T14:05:48+00:00\" \/>\n<meta name=\"twitter:card\" content=\"summary_large_image\" \/>\n<meta name=\"twitter:label1\" content=\"Est. reading time\" \/>\n\t<meta name=\"twitter:data1\" content=\"1 minuta\" \/>\n<script type=\"application\/ld+json\" class=\"yoast-schema-graph\">{\"@context\":\"https:\/\/schema.org\",\"@graph\":[{\"@type\":\"WebPage\",\"@id\":\"https:\/\/srb-bih.org\/en\/vesti\/vesti-i-dogadaji\/\",\"url\":\"https:\/\/srb-bih.org\/en\/vesti\/vesti-i-dogadaji\/\",\"name\":\"[:en]News[:sr]\u041d\u043e\u0432\u043e\u0441\u0442\u0438[:ba]Novosti[:] - Cross-border Programme\",\"isPartOf\":{\"@id\":\"https:\/\/srb-bih.org\/en\/#website\"},\"datePublished\":\"2013-06-18T05:05:31+00:00\",\"dateModified\":\"2018-12-20T14:05:48+00:00\",\"breadcrumb\":{\"@id\":\"https:\/\/srb-bih.org\/en\/vesti\/vesti-i-dogadaji\/#breadcrumb\"},\"inLanguage\":\"bs-BA\",\"potentialAction\":[{\"@type\":\"ReadAction\",\"target\":[\"https:\/\/srb-bih.org\/en\/vesti\/vesti-i-dogadaji\/\"]}]},{\"@type\":\"BreadcrumbList\",\"@id\":\"https:\/\/srb-bih.org\/en\/vesti\/vesti-i-dogadaji\/#breadcrumb\",\"itemListElement\":[{\"@type\":\"ListItem\",\"position\":1,\"name\":\"Home\",\"item\":\"https:\/\/srb-bih.org\/\"},{\"@type\":\"ListItem\",\"position\":2,\"name\":\"Newsroom\",\"item\":\"https:\/\/srb-bih.org\/en\/vesti\/\"},{\"@type\":\"ListItem\",\"position\":3,\"name\":\"News\"}]},{\"@type\":\"WebSite\",\"@id\":\"https:\/\/srb-bih.org\/en\/#website\",\"url\":\"https:\/\/srb-bih.org\/en\/\",\"name\":\"Cross-border Programme\",\"description\":\"Common Ideas for a Better Future\",\"potentialAction\":[{\"@type\":\"SearchAction\",\"target\":{\"@type\":\"EntryPoint\",\"urlTemplate\":\"https:\/\/srb-bih.org\/en\/?s={search_term_string}\"},\"query-input\":{\"@type\":\"PropertyValueSpecification\",\"valueRequired\":true,\"valueName\":\"search_term_string\"}}],\"inLanguage\":\"bs-BA\"}]}<\/script>\n<!-- \/ Yoast SEO plugin. -->","yoast_head_json":{"title":"Novosti - Cross-border Programme","robots":{"index":"index","follow":"follow","max-snippet":"max-snippet:-1","max-image-preview":"max-image-preview:large","max-video-preview":"max-video-preview:-1"},"canonical":"https:\/\/srb-bih.org\/en\/vesti\/vesti-i-dogadaji\/","og_locale":"bs_BA","og_type":"article","og_title":"Novosti - Cross-border Programme","og_url":"https:\/\/srb-bih.org\/en\/vesti\/vesti-i-dogadaji\/","og_site_name":"Cross-border Programme","article_modified_time":"2018-12-20T14:05:48+00:00","twitter_card":"summary_large_image","twitter_misc":{"Est. reading time":"1 minuta"},"schema":{"@context":"https:\/\/schema.org","@graph":[{"@type":"WebPage","@id":"https:\/\/srb-bih.org\/en\/vesti\/vesti-i-dogadaji\/","url":"https:\/\/srb-bih.org\/en\/vesti\/vesti-i-dogadaji\/","name":"[:en]News[:sr]\u041d\u043e\u0432\u043e\u0441\u0442\u0438[:ba]Novosti[:] - Cross-border Programme","isPartOf":{"@id":"https:\/\/srb-bih.org\/en\/#website"},"datePublished":"2013-06-18T05:05:31+00:00","dateModified":"2018-12-20T14:05:48+00:00","breadcrumb":{"@id":"https:\/\/srb-bih.org\/en\/vesti\/vesti-i-dogadaji\/#breadcrumb"},"inLanguage":"bs-BA","potentialAction":[{"@type":"ReadAction","target":["https:\/\/srb-bih.org\/en\/vesti\/vesti-i-dogadaji\/"]}]},{"@type":"BreadcrumbList","@id":"https:\/\/srb-bih.org\/en\/vesti\/vesti-i-dogadaji\/#breadcrumb","itemListElement":[{"@type":"ListItem","position":1,"name":"Home","item":"https:\/\/srb-bih.org\/"},{"@type":"ListItem","position":2,"name":"Newsroom","item":"https:\/\/srb-bih.org\/en\/vesti\/"},{"@type":"ListItem","position":3,"name":"News"}]},{"@type":"WebSite","@id":"https:\/\/srb-bih.org\/en\/#website","url":"https:\/\/srb-bih.org\/en\/","name":"Cross-border Programme","description":"Common Ideas for a Better Future","potentialAction":[{"@type":"SearchAction","target":{"@type":"EntryPoint","urlTemplate":"https:\/\/srb-bih.org\/en\/?s={search_term_string}"},"query-input":{"@type":"PropertyValueSpecification","valueRequired":true,"valueName":"search_term_string"}}],"inLanguage":"bs-BA"}]}},"_links":{"self":[{"href":"https:\/\/srb-bih.org\/ba\/wp-json\/wp\/v2\/pages\/71","targetHints":{"allow":["GET"]}}],"collection":[{"href":"https:\/\/srb-bih.org\/ba\/wp-json\/wp\/v2\/pages"}],"about":[{"href":"https:\/\/srb-bih.org\/ba\/wp-json\/wp\/v2\/types\/page"}],"author":[{"embeddable":true,"href":"https:\/\/srb-bih.org\/ba\/wp-json\/wp\/v2\/users\/1"}],"replies":[{"embeddable":true,"href":"https:\/\/srb-bih.org\/ba\/wp-json\/wp\/v2\/comments?post=71"}],"version-history":[{"count":8,"href":"https:\/\/srb-bih.org\/ba\/wp-json\/wp\/v2\/pages\/71\/revisions"}],"predecessor-version":[{"id":5731,"href":"https:\/\/srb-bih.org\/ba\/wp-json\/wp\/v2\/pages\/71\/revisions\/5731"}],"up":[{"embeddable":true,"href":"https:\/\/srb-bih.org\/ba\/wp-json\/wp\/v2\/pages\/68"}],"wp:attachment":[{"href":"https:\/\/srb-bih.org\/ba\/wp-json\/wp\/v2\/media?parent=71"}],"curies":[{"name":"wp","href":"https:\/\/api.w.org\/{rel}","templated":true}]}}