{"id":6874,"date":"2019-11-15T10:31:05","date_gmt":"2019-11-15T08:31:05","guid":{"rendered":"https:\/\/srb-bih.org\/?page_id=6874"},"modified":"2019-11-15T10:44:45","modified_gmt":"2019-11-15T08:44:45","slug":"application-package-with-the-guidelines-for-applicants","status":"publish","type":"page","link":"https:\/\/srb-bih.org\/ba\/application-package-with-the-guidelines-for-applicants\/","title":{"rendered":"Aplikacioni paket i smjernice za podnosioce projektnih prijedloga"},"content":{"rendered":"<p><\/p>\n<article class=\"post-entry post-entry-type-page post-entry-8487\">\n<div class=\"entry-content-wrapper clearfix\">\n<header class=\"entry-content-header\"><\/header>\n<div class=\"entry-content\">\n<p>Aplikacioni paket&nbsp; obuhvata sve va\u017ene i obavezne instrukcije koje je potrebno ispo\u0161tovati u postupku apliciranja za EU fondov\u0435. Smjernice za podnosioce projektnih prijedloga sadr\u017ee i \u0161ablone koje je obavezno koristiti u okviru poziva za podno\u0161enje prijedloga projekata.<\/p>\n<p>Aplikacioni paket i smernice za podnosioce projektnih prijedloga mo\u017eete preuzeti <a href=\"https:\/\/webgate.ec.europa.eu\/europeaid\/online-services\/index.cfm?do=publi.welcome&amp;nbPubliList=15&amp;orderby=upd&amp;orderbyad=Desc&amp;searchtype=RS&amp;aofr=165834\">ovde<\/a>.<\/p>\n<\/div>\n<\/div>\n<\/article>\n<p><\/p>","protected":false},"excerpt":{"rendered":"<p>Aplikacioni paket&nbsp; obuhvata sve va\u017ene i obavezne instrukcije koje je potrebno ispo\u0161tovati u postupku apliciranja za EU fondov\u0435. Smjernice za podnosioce projektnih prijedloga sadr\u017ee i \u0161ablone koje je obavezno koristiti u okviru poziva za podno\u0161enje prijedloga projekata. Aplikacioni paket i smernice za podnosioce projektnih prijedloga mo\u017eete preuzeti ovde.<\/p>\n","protected":false},"author":7,"featured_media":0,"parent":0,"menu_order":0,"comment_status":"closed","ping_status":"closed","template":"","meta":{"ngg_post_thumbnail":0,"footnotes":"","_links_to":"","_links_to_target":""},"class_list":["post-6874","page","type-page","status-publish","hentry"],"yoast_head":"<!-- This site is optimized with the Yoast SEO plugin v25.6 - https:\/\/yoast.com\/wordpress\/plugins\/seo\/ -->\n<title>Aplikacioni paket i smjernice za podnosioce projektnih prijedloga - Cross-border Programme<\/title>\n<meta name=\"robots\" content=\"index, follow, max-snippet:-1, max-image-preview:large, max-video-preview:-1\" \/>\n<link rel=\"canonical\" href=\"https:\/\/srb-bih.org\/en\/application-package-with-the-guidelines-for-applicants\/\" \/>\n<meta property=\"og:locale\" content=\"bs_BA\" \/>\n<meta property=\"og:type\" content=\"article\" \/>\n<meta property=\"og:title\" content=\"Aplikacioni paket i smjernice za podnosioce projektnih prijedloga - Cross-border Programme\" \/>\n<meta property=\"og:description\" content=\"Aplikacioni paket&nbsp; obuhvata sve va\u017ene i obavezne instrukcije koje je potrebno ispo\u0161tovati u postupku apliciranja za EU fondov\u0435. Smjernice za podnosioce projektnih prijedloga sadr\u017ee i \u0161ablone koje je obavezno koristiti u okviru poziva za podno\u0161enje prijedloga projekata. Aplikacioni paket i smernice za podnosioce projektnih prijedloga mo\u017eete preuzeti ovde.\" \/>\n<meta property=\"og:url\" content=\"https:\/\/srb-bih.org\/en\/application-package-with-the-guidelines-for-applicants\/\" \/>\n<meta property=\"og:site_name\" content=\"Cross-border Programme\" \/>\n<meta property=\"article:modified_time\" content=\"2019-11-15T08:44:45+00:00\" \/>\n<meta name=\"twitter:card\" content=\"summary_large_image\" \/>\n<meta name=\"twitter:label1\" content=\"Est. reading time\" \/>\n\t<meta name=\"twitter:data1\" content=\"1 minuta\" \/>\n<script type=\"application\/ld+json\" class=\"yoast-schema-graph\">{\"@context\":\"https:\/\/schema.org\",\"@graph\":[{\"@type\":\"WebPage\",\"@id\":\"https:\/\/srb-bih.org\/en\/application-package-with-the-guidelines-for-applicants\/\",\"url\":\"https:\/\/srb-bih.org\/en\/application-package-with-the-guidelines-for-applicants\/\",\"name\":\"[:en]Application package with the Guidelines for Applicants[:sr]\u0410\u043f\u043b\u0438\u043a\u0430\u0446\u0438\u043e\u043d\u0438 \u043f\u0430\u043a\u0435\u0442 \u0438 \u0441\u043c\u0435\u0440\u043d\u0438\u0446\u0435 \u0437\u0430 \u043f\u043e\u0434\u043d\u043e\u0441\u0438\u043e\u0446\u0435 \u043f\u0440\u043e\u0458\u0435\u043a\u0442\u043d\u0438\u0445 \u043f\u0440\u0435\u0434\u043b\u043e\u0433\u0430[:ba]Aplikacioni paket i smjernice za podnosioce projektnih prijedloga[:] - Cross-border Programme\",\"isPartOf\":{\"@id\":\"https:\/\/srb-bih.org\/en\/#website\"},\"datePublished\":\"2019-11-15T08:31:05+00:00\",\"dateModified\":\"2019-11-15T08:44:45+00:00\",\"breadcrumb\":{\"@id\":\"https:\/\/srb-bih.org\/en\/application-package-with-the-guidelines-for-applicants\/#breadcrumb\"},\"inLanguage\":\"bs-BA\",\"potentialAction\":[{\"@type\":\"ReadAction\",\"target\":[\"https:\/\/srb-bih.org\/en\/application-package-with-the-guidelines-for-applicants\/\"]}]},{\"@type\":\"BreadcrumbList\",\"@id\":\"https:\/\/srb-bih.org\/en\/application-package-with-the-guidelines-for-applicants\/#breadcrumb\",\"itemListElement\":[{\"@type\":\"ListItem\",\"position\":1,\"name\":\"Home\",\"item\":\"https:\/\/srb-bih.org\/\"},{\"@type\":\"ListItem\",\"position\":2,\"name\":\"Application package with the Guidelines for Applicants\"}]},{\"@type\":\"WebSite\",\"@id\":\"https:\/\/srb-bih.org\/en\/#website\",\"url\":\"https:\/\/srb-bih.org\/en\/\",\"name\":\"Cross-border Programme\",\"description\":\"Common Ideas for a Better Future\",\"potentialAction\":[{\"@type\":\"SearchAction\",\"target\":{\"@type\":\"EntryPoint\",\"urlTemplate\":\"https:\/\/srb-bih.org\/en\/?s={search_term_string}\"},\"query-input\":{\"@type\":\"PropertyValueSpecification\",\"valueRequired\":true,\"valueName\":\"search_term_string\"}}],\"inLanguage\":\"bs-BA\"}]}<\/script>\n<!-- \/ Yoast SEO plugin. -->","yoast_head_json":{"title":"Aplikacioni paket i smjernice za podnosioce projektnih prijedloga - Cross-border Programme","robots":{"index":"index","follow":"follow","max-snippet":"max-snippet:-1","max-image-preview":"max-image-preview:large","max-video-preview":"max-video-preview:-1"},"canonical":"https:\/\/srb-bih.org\/en\/application-package-with-the-guidelines-for-applicants\/","og_locale":"bs_BA","og_type":"article","og_title":"Aplikacioni paket i smjernice za podnosioce projektnih prijedloga - Cross-border Programme","og_description":"Aplikacioni paket&nbsp; obuhvata sve va\u017ene i obavezne instrukcije koje je potrebno ispo\u0161tovati u postupku apliciranja za EU fondov\u0435. Smjernice za podnosioce projektnih prijedloga sadr\u017ee i \u0161ablone koje je obavezno koristiti u okviru poziva za podno\u0161enje prijedloga projekata. Aplikacioni paket i smernice za podnosioce projektnih prijedloga mo\u017eete preuzeti ovde.","og_url":"https:\/\/srb-bih.org\/en\/application-package-with-the-guidelines-for-applicants\/","og_site_name":"Cross-border Programme","article_modified_time":"2019-11-15T08:44:45+00:00","twitter_card":"summary_large_image","twitter_misc":{"Est. reading time":"1 minuta"},"schema":{"@context":"https:\/\/schema.org","@graph":[{"@type":"WebPage","@id":"https:\/\/srb-bih.org\/en\/application-package-with-the-guidelines-for-applicants\/","url":"https:\/\/srb-bih.org\/en\/application-package-with-the-guidelines-for-applicants\/","name":"[:en]Application package with the Guidelines for Applicants[:sr]\u0410\u043f\u043b\u0438\u043a\u0430\u0446\u0438\u043e\u043d\u0438 \u043f\u0430\u043a\u0435\u0442 \u0438 \u0441\u043c\u0435\u0440\u043d\u0438\u0446\u0435 \u0437\u0430 \u043f\u043e\u0434\u043d\u043e\u0441\u0438\u043e\u0446\u0435 \u043f\u0440\u043e\u0458\u0435\u043a\u0442\u043d\u0438\u0445 \u043f\u0440\u0435\u0434\u043b\u043e\u0433\u0430[:ba]Aplikacioni paket i smjernice za podnosioce projektnih prijedloga[:] - Cross-border Programme","isPartOf":{"@id":"https:\/\/srb-bih.org\/en\/#website"},"datePublished":"2019-11-15T08:31:05+00:00","dateModified":"2019-11-15T08:44:45+00:00","breadcrumb":{"@id":"https:\/\/srb-bih.org\/en\/application-package-with-the-guidelines-for-applicants\/#breadcrumb"},"inLanguage":"bs-BA","potentialAction":[{"@type":"ReadAction","target":["https:\/\/srb-bih.org\/en\/application-package-with-the-guidelines-for-applicants\/"]}]},{"@type":"BreadcrumbList","@id":"https:\/\/srb-bih.org\/en\/application-package-with-the-guidelines-for-applicants\/#breadcrumb","itemListElement":[{"@type":"ListItem","position":1,"name":"Home","item":"https:\/\/srb-bih.org\/"},{"@type":"ListItem","position":2,"name":"Application package with the Guidelines for Applicants"}]},{"@type":"WebSite","@id":"https:\/\/srb-bih.org\/en\/#website","url":"https:\/\/srb-bih.org\/en\/","name":"Cross-border Programme","description":"Common Ideas for a Better Future","potentialAction":[{"@type":"SearchAction","target":{"@type":"EntryPoint","urlTemplate":"https:\/\/srb-bih.org\/en\/?s={search_term_string}"},"query-input":{"@type":"PropertyValueSpecification","valueRequired":true,"valueName":"search_term_string"}}],"inLanguage":"bs-BA"}]}},"_links":{"self":[{"href":"https:\/\/srb-bih.org\/ba\/wp-json\/wp\/v2\/pages\/6874","targetHints":{"allow":["GET"]}}],"collection":[{"href":"https:\/\/srb-bih.org\/ba\/wp-json\/wp\/v2\/pages"}],"about":[{"href":"https:\/\/srb-bih.org\/ba\/wp-json\/wp\/v2\/types\/page"}],"author":[{"embeddable":true,"href":"https:\/\/srb-bih.org\/ba\/wp-json\/wp\/v2\/users\/7"}],"replies":[{"embeddable":true,"href":"https:\/\/srb-bih.org\/ba\/wp-json\/wp\/v2\/comments?post=6874"}],"version-history":[{"count":4,"href":"https:\/\/srb-bih.org\/ba\/wp-json\/wp\/v2\/pages\/6874\/revisions"}],"predecessor-version":[{"id":6879,"href":"https:\/\/srb-bih.org\/ba\/wp-json\/wp\/v2\/pages\/6874\/revisions\/6879"}],"wp:attachment":[{"href":"https:\/\/srb-bih.org\/ba\/wp-json\/wp\/v2\/media?parent=6874"}],"curies":[{"name":"wp","href":"https:\/\/api.w.org\/{rel}","templated":true}]}}