{"id":6149,"date":"2019-02-27T15:33:39","date_gmt":"2019-02-27T13:33:39","guid":{"rendered":"http:\/\/srb-bih.org\/?page_id=6149"},"modified":"2019-03-14T10:56:12","modified_gmt":"2019-03-14T08:56:12","slug":"vat-exemption-procedure","status":"publish","type":"page","link":"https:\/\/srb-bih.org\/ba\/vat-exemption-procedure\/","title":{"rendered":"Procedura osloba\u0111anja od PDV-a"},"content":{"rendered":"<p>U skladu sa Zakonom o ratifikaciji Okvirnog sporazuma izme\u0111u Vlade Republike Srbije i Evropske komisije o pravilima saradnje u vezi sa finansijskom pomo\u0107i Evropske komisije Bosni i Hercegovini\u00a0 u okviru Instrumenta za pretpristupnu pomo\u0107 (IPA), ugovori koje finansira Evropska unija za usluge, robu ili radove koje obavljaju ugovara\u010di registrovani u Republici Srbiji ili Bosni i Hercegovini osloba\u0111aju se PDV-a za pru\u017eene usluge, isporu\u010denu robu i \/ili radove izvr\u0161ene prema ugovorima.<\/p>\n<p>Proceduru osloba\u0111anja od PDV-a za korisnike iz <strong>Bosne i Hercegovine<\/strong> mo\u017eete preuzeti ovde: <a href=\"http:\/\/srb-bih.org\/wp-content\/uploads\/2019\/03\/Instructions-and-template-for-VAT-exeption.zip\">Instrukcije i obrazac za osloba\u0111anje od PDV-a<\/a><\/p>\n<p>Proceduru osloba\u0111anja od PDV-a za korisnike iz <strong>Republike Srbije<\/strong> mo\u017eete preuzeti ovde: <a href=\"http:\/\/www.cfcu.gov.rs\/tag.php?tag=tax\">Instrukcije i obrazac za osloba\u0111anje od PDV-a<\/a><\/p>\n<p>&nbsp;<\/p>","protected":false},"excerpt":{"rendered":"<p>U skladu sa Zakonom o ratifikaciji Okvirnog sporazuma izme\u0111u Vlade Republike Srbije i Evropske komisije o pravilima saradnje u vezi sa finansijskom pomo\u0107i Evropske komisije Bosni i Hercegovini\u00a0 u okviru Instrumenta za pretpristupnu pomo\u0107 (IPA), ugovori koje finansira Evropska unija za usluge, robu ili radove koje obavljaju ugovara\u010di registrovani u Republici Srbiji ili Bosni i [&hellip;]<\/p>\n","protected":false},"author":1,"featured_media":0,"parent":0,"menu_order":0,"comment_status":"closed","ping_status":"closed","template":"","meta":{"ngg_post_thumbnail":0,"footnotes":"","_links_to":"","_links_to_target":""},"class_list":["post-6149","page","type-page","status-publish","hentry"],"yoast_head":"<!-- This site is optimized with the Yoast SEO plugin v25.6 - https:\/\/yoast.com\/wordpress\/plugins\/seo\/ -->\n<title>Procedura osloba\u0111anja od PDV-a - Cross-border Programme<\/title>\n<meta name=\"robots\" content=\"index, follow, max-snippet:-1, max-image-preview:large, max-video-preview:-1\" \/>\n<link rel=\"canonical\" href=\"https:\/\/srb-bih.org\/en\/vat-exemption-procedure\/\" \/>\n<meta property=\"og:locale\" content=\"bs_BA\" \/>\n<meta property=\"og:type\" content=\"article\" \/>\n<meta property=\"og:title\" content=\"Procedura osloba\u0111anja od PDV-a - Cross-border Programme\" \/>\n<meta property=\"og:description\" content=\"U skladu sa Zakonom o ratifikaciji Okvirnog sporazuma izme\u0111u Vlade Republike Srbije i Evropske komisije o pravilima saradnje u vezi sa finansijskom pomo\u0107i Evropske komisije Bosni i Hercegovini\u00a0 u okviru Instrumenta za pretpristupnu pomo\u0107 (IPA), ugovori koje finansira Evropska unija za usluge, robu ili radove koje obavljaju ugovara\u010di registrovani u Republici Srbiji ili Bosni i [&hellip;]\" \/>\n<meta property=\"og:url\" content=\"https:\/\/srb-bih.org\/en\/vat-exemption-procedure\/\" \/>\n<meta property=\"og:site_name\" content=\"Cross-border Programme\" \/>\n<meta property=\"article:modified_time\" content=\"2019-03-14T08:56:12+00:00\" \/>\n<meta name=\"twitter:card\" content=\"summary_large_image\" \/>\n<meta name=\"twitter:label1\" content=\"Est. reading time\" \/>\n\t<meta name=\"twitter:data1\" content=\"1 minuta\" \/>\n<script type=\"application\/ld+json\" class=\"yoast-schema-graph\">{\"@context\":\"https:\/\/schema.org\",\"@graph\":[{\"@type\":\"WebPage\",\"@id\":\"https:\/\/srb-bih.org\/en\/vat-exemption-procedure\/\",\"url\":\"https:\/\/srb-bih.org\/en\/vat-exemption-procedure\/\",\"name\":\"[:en]VAT Exemption Procedure[:sr]\u041f\u0440\u043e\u0446\u0435\u0434\u0443\u0440\u0430 \u043e\u0441\u043b\u043e\u0431\u0430\u0452\u0430\u045a\u0430 \u043e\u0434 \u041f\u0414\u0412-\u0430[:ba]Procedura osloba\u0111anja od PDV-a[:] - Cross-border Programme\",\"isPartOf\":{\"@id\":\"https:\/\/srb-bih.org\/en\/#website\"},\"datePublished\":\"2019-02-27T13:33:39+00:00\",\"dateModified\":\"2019-03-14T08:56:12+00:00\",\"breadcrumb\":{\"@id\":\"https:\/\/srb-bih.org\/en\/vat-exemption-procedure\/#breadcrumb\"},\"inLanguage\":\"bs-BA\",\"potentialAction\":[{\"@type\":\"ReadAction\",\"target\":[\"https:\/\/srb-bih.org\/en\/vat-exemption-procedure\/\"]}]},{\"@type\":\"BreadcrumbList\",\"@id\":\"https:\/\/srb-bih.org\/en\/vat-exemption-procedure\/#breadcrumb\",\"itemListElement\":[{\"@type\":\"ListItem\",\"position\":1,\"name\":\"Home\",\"item\":\"https:\/\/srb-bih.org\/\"},{\"@type\":\"ListItem\",\"position\":2,\"name\":\"VAT Exemption Procedure\"}]},{\"@type\":\"WebSite\",\"@id\":\"https:\/\/srb-bih.org\/en\/#website\",\"url\":\"https:\/\/srb-bih.org\/en\/\",\"name\":\"Cross-border Programme\",\"description\":\"Common Ideas for a Better Future\",\"potentialAction\":[{\"@type\":\"SearchAction\",\"target\":{\"@type\":\"EntryPoint\",\"urlTemplate\":\"https:\/\/srb-bih.org\/en\/?s={search_term_string}\"},\"query-input\":{\"@type\":\"PropertyValueSpecification\",\"valueRequired\":true,\"valueName\":\"search_term_string\"}}],\"inLanguage\":\"bs-BA\"}]}<\/script>\n<!-- \/ Yoast SEO plugin. -->","yoast_head_json":{"title":"Procedura osloba\u0111anja od PDV-a - Cross-border Programme","robots":{"index":"index","follow":"follow","max-snippet":"max-snippet:-1","max-image-preview":"max-image-preview:large","max-video-preview":"max-video-preview:-1"},"canonical":"https:\/\/srb-bih.org\/en\/vat-exemption-procedure\/","og_locale":"bs_BA","og_type":"article","og_title":"Procedura osloba\u0111anja od PDV-a - Cross-border Programme","og_description":"U skladu sa Zakonom o ratifikaciji Okvirnog sporazuma izme\u0111u Vlade Republike Srbije i Evropske komisije o pravilima saradnje u vezi sa finansijskom pomo\u0107i Evropske komisije Bosni i Hercegovini\u00a0 u okviru Instrumenta za pretpristupnu pomo\u0107 (IPA), ugovori koje finansira Evropska unija za usluge, robu ili radove koje obavljaju ugovara\u010di registrovani u Republici Srbiji ili Bosni i [&hellip;]","og_url":"https:\/\/srb-bih.org\/en\/vat-exemption-procedure\/","og_site_name":"Cross-border Programme","article_modified_time":"2019-03-14T08:56:12+00:00","twitter_card":"summary_large_image","twitter_misc":{"Est. reading time":"1 minuta"},"schema":{"@context":"https:\/\/schema.org","@graph":[{"@type":"WebPage","@id":"https:\/\/srb-bih.org\/en\/vat-exemption-procedure\/","url":"https:\/\/srb-bih.org\/en\/vat-exemption-procedure\/","name":"[:en]VAT Exemption Procedure[:sr]\u041f\u0440\u043e\u0446\u0435\u0434\u0443\u0440\u0430 \u043e\u0441\u043b\u043e\u0431\u0430\u0452\u0430\u045a\u0430 \u043e\u0434 \u041f\u0414\u0412-\u0430[:ba]Procedura osloba\u0111anja od PDV-a[:] - Cross-border Programme","isPartOf":{"@id":"https:\/\/srb-bih.org\/en\/#website"},"datePublished":"2019-02-27T13:33:39+00:00","dateModified":"2019-03-14T08:56:12+00:00","breadcrumb":{"@id":"https:\/\/srb-bih.org\/en\/vat-exemption-procedure\/#breadcrumb"},"inLanguage":"bs-BA","potentialAction":[{"@type":"ReadAction","target":["https:\/\/srb-bih.org\/en\/vat-exemption-procedure\/"]}]},{"@type":"BreadcrumbList","@id":"https:\/\/srb-bih.org\/en\/vat-exemption-procedure\/#breadcrumb","itemListElement":[{"@type":"ListItem","position":1,"name":"Home","item":"https:\/\/srb-bih.org\/"},{"@type":"ListItem","position":2,"name":"VAT Exemption Procedure"}]},{"@type":"WebSite","@id":"https:\/\/srb-bih.org\/en\/#website","url":"https:\/\/srb-bih.org\/en\/","name":"Cross-border Programme","description":"Common Ideas for a Better Future","potentialAction":[{"@type":"SearchAction","target":{"@type":"EntryPoint","urlTemplate":"https:\/\/srb-bih.org\/en\/?s={search_term_string}"},"query-input":{"@type":"PropertyValueSpecification","valueRequired":true,"valueName":"search_term_string"}}],"inLanguage":"bs-BA"}]}},"_links":{"self":[{"href":"https:\/\/srb-bih.org\/ba\/wp-json\/wp\/v2\/pages\/6149","targetHints":{"allow":["GET"]}}],"collection":[{"href":"https:\/\/srb-bih.org\/ba\/wp-json\/wp\/v2\/pages"}],"about":[{"href":"https:\/\/srb-bih.org\/ba\/wp-json\/wp\/v2\/types\/page"}],"author":[{"embeddable":true,"href":"https:\/\/srb-bih.org\/ba\/wp-json\/wp\/v2\/users\/1"}],"replies":[{"embeddable":true,"href":"https:\/\/srb-bih.org\/ba\/wp-json\/wp\/v2\/comments?post=6149"}],"version-history":[{"count":19,"href":"https:\/\/srb-bih.org\/ba\/wp-json\/wp\/v2\/pages\/6149\/revisions"}],"predecessor-version":[{"id":6247,"href":"https:\/\/srb-bih.org\/ba\/wp-json\/wp\/v2\/pages\/6149\/revisions\/6247"}],"wp:attachment":[{"href":"https:\/\/srb-bih.org\/ba\/wp-json\/wp\/v2\/media?parent=6149"}],"curies":[{"name":"wp","href":"https:\/\/api.w.org\/{rel}","templated":true}]}}