{"id":5191,"date":"2018-11-26T17:14:15","date_gmt":"2018-11-26T15:14:15","guid":{"rendered":"http:\/\/srb-bih.org\/?page_id=5191"},"modified":"2018-12-24T15:53:10","modified_gmt":"2018-12-24T13:53:10","slug":"vodic-za-aplikante-i-poziv","status":"publish","type":"page","link":"https:\/\/srb-bih.org\/ba\/vodic-za-aplikante-i-poziv\/","title":{"rendered":"Vodi\u010d za aplikante i poziv"},"content":{"rendered":"<p><strong>Vodi\u010d za aplikante Prvi poziv<\/strong><\/p>\n<p>Vodi\u010d za aplikante\u00a0 sadr\u017ei sve va\u017ene i obavezne instrukcije koje treba slijediti prilikom podno\u0161enja prijedloga za finansiranje od strane EU. Aneksi vodi\u010da su obrasci koji se obavezno primenjuju prilikom podno\u0161enja prijave za pozive.<br \/>\nPrvi poziv za podno\u0161enje prijedloga u okviru Programa prekograni\u010dne saradnje Srbija-Bosna i Hercegovina 2014-2020 za 2014, 2015. i 2016. godinu je restriktivan. U prvom koraku, samo sa\u017eetak projekta (dio A prijavnog obrasca) podnosi se na ocjenu. Nakon toga, vode\u0107i aplikanti, koji su prethodno odabrani, pozivaju se da podnesu punu prijavu. Nakon ocjene kompletnih prijava slijedi provjera podobnosti za one koji su privremeno izabrani. Prihvatljivost se provjerava na osnovu prate\u0107ih dokumenata koje tra\u017ei ugovorno tjelo, a potpisana &#8220;izjava vode\u0107eg partnera&#8221; \u0161alje se zajedno sa kompletnom aplikacijom.<\/p>\n<p>Vodi\u010d za aplikante mo\u017eete prona\u0107i ovdje:<\/p>\n<p><a title=\"Vodi\u010d za aplikante i poziv\" href=\"\/wp-content\/uploads\/2018\/11\/GfA_CBP_SRB-BIH_1st_CfP___FINAL_2014-2020.pdf\" target=\"_self\">Vodi\u010d za aplikante i poziv<\/a><\/p>","protected":false},"excerpt":{"rendered":"<p>Vodi\u010d za aplikante Prvi poziv Vodi\u010d za aplikante\u00a0 sadr\u017ei sve va\u017ene i obavezne instrukcije koje treba slijediti prilikom podno\u0161enja prijedloga za finansiranje od strane EU. Aneksi vodi\u010da su obrasci koji se obavezno primenjuju prilikom podno\u0161enja prijave za pozive. Prvi poziv za podno\u0161enje prijedloga u okviru Programa prekograni\u010dne saradnje Srbija-Bosna i Hercegovina 2014-2020 za 2014, 2015. [&hellip;]<\/p>\n","protected":false},"author":1,"featured_media":0,"parent":0,"menu_order":0,"comment_status":"closed","ping_status":"closed","template":"","meta":{"ngg_post_thumbnail":0,"footnotes":"","_links_to":"","_links_to_target":""},"class_list":["post-5191","page","type-page","status-publish","hentry"],"yoast_head":"<!-- This site is optimized with the Yoast SEO plugin v25.6 - https:\/\/yoast.com\/wordpress\/plugins\/seo\/ -->\n<title>Vodi\u010d za aplikante i poziv - Cross-border Programme<\/title>\n<meta name=\"robots\" content=\"index, follow, max-snippet:-1, max-image-preview:large, max-video-preview:-1\" \/>\n<link rel=\"canonical\" href=\"https:\/\/srb-bih.org\/en\/vodic-za-aplikante-i-poziv\/\" \/>\n<meta property=\"og:locale\" content=\"bs_BA\" \/>\n<meta property=\"og:type\" content=\"article\" \/>\n<meta property=\"og:title\" content=\"Vodi\u010d za aplikante i poziv - Cross-border Programme\" \/>\n<meta property=\"og:description\" content=\"Vodi\u010d za aplikante Prvi poziv Vodi\u010d za aplikante\u00a0 sadr\u017ei sve va\u017ene i obavezne instrukcije koje treba slijediti prilikom podno\u0161enja prijedloga za finansiranje od strane EU. Aneksi vodi\u010da su obrasci koji se obavezno primenjuju prilikom podno\u0161enja prijave za pozive. Prvi poziv za podno\u0161enje prijedloga u okviru Programa prekograni\u010dne saradnje Srbija-Bosna i Hercegovina 2014-2020 za 2014, 2015. [&hellip;]\" \/>\n<meta property=\"og:url\" content=\"https:\/\/srb-bih.org\/en\/vodic-za-aplikante-i-poziv\/\" \/>\n<meta property=\"og:site_name\" content=\"Cross-border Programme\" \/>\n<meta property=\"article:modified_time\" content=\"2018-12-24T13:53:10+00:00\" \/>\n<meta name=\"twitter:card\" content=\"summary_large_image\" \/>\n<meta name=\"twitter:label1\" content=\"Est. reading time\" \/>\n\t<meta name=\"twitter:data1\" content=\"1 minuta\" \/>\n<script type=\"application\/ld+json\" class=\"yoast-schema-graph\">{\"@context\":\"https:\/\/schema.org\",\"@graph\":[{\"@type\":\"WebPage\",\"@id\":\"https:\/\/srb-bih.org\/en\/vodic-za-aplikante-i-poziv\/\",\"url\":\"https:\/\/srb-bih.org\/en\/vodic-za-aplikante-i-poziv\/\",\"name\":\"[:en]Guide for applicants First call[:sr]\u0412\u043e\u0434\u0438\u0447 \u0437\u0430 \u0430\u043f\u043b\u0438\u043a\u0430\u043d\u0442\u0435[:ba]Vodi\u010d za aplikante i poziv[:] - Cross-border Programme\",\"isPartOf\":{\"@id\":\"https:\/\/srb-bih.org\/en\/#website\"},\"datePublished\":\"2018-11-26T15:14:15+00:00\",\"dateModified\":\"2018-12-24T13:53:10+00:00\",\"breadcrumb\":{\"@id\":\"https:\/\/srb-bih.org\/en\/vodic-za-aplikante-i-poziv\/#breadcrumb\"},\"inLanguage\":\"bs-BA\",\"potentialAction\":[{\"@type\":\"ReadAction\",\"target\":[\"https:\/\/srb-bih.org\/en\/vodic-za-aplikante-i-poziv\/\"]}]},{\"@type\":\"BreadcrumbList\",\"@id\":\"https:\/\/srb-bih.org\/en\/vodic-za-aplikante-i-poziv\/#breadcrumb\",\"itemListElement\":[{\"@type\":\"ListItem\",\"position\":1,\"name\":\"Home\",\"item\":\"https:\/\/srb-bih.org\/\"},{\"@type\":\"ListItem\",\"position\":2,\"name\":\"Guide for applicants First call\"}]},{\"@type\":\"WebSite\",\"@id\":\"https:\/\/srb-bih.org\/en\/#website\",\"url\":\"https:\/\/srb-bih.org\/en\/\",\"name\":\"Cross-border Programme\",\"description\":\"Common Ideas for a Better Future\",\"potentialAction\":[{\"@type\":\"SearchAction\",\"target\":{\"@type\":\"EntryPoint\",\"urlTemplate\":\"https:\/\/srb-bih.org\/en\/?s={search_term_string}\"},\"query-input\":{\"@type\":\"PropertyValueSpecification\",\"valueRequired\":true,\"valueName\":\"search_term_string\"}}],\"inLanguage\":\"bs-BA\"}]}<\/script>\n<!-- \/ Yoast SEO plugin. -->","yoast_head_json":{"title":"Vodi\u010d za aplikante i poziv - Cross-border Programme","robots":{"index":"index","follow":"follow","max-snippet":"max-snippet:-1","max-image-preview":"max-image-preview:large","max-video-preview":"max-video-preview:-1"},"canonical":"https:\/\/srb-bih.org\/en\/vodic-za-aplikante-i-poziv\/","og_locale":"bs_BA","og_type":"article","og_title":"Vodi\u010d za aplikante i poziv - Cross-border Programme","og_description":"Vodi\u010d za aplikante Prvi poziv Vodi\u010d za aplikante\u00a0 sadr\u017ei sve va\u017ene i obavezne instrukcije koje treba slijediti prilikom podno\u0161enja prijedloga za finansiranje od strane EU. Aneksi vodi\u010da su obrasci koji se obavezno primenjuju prilikom podno\u0161enja prijave za pozive. Prvi poziv za podno\u0161enje prijedloga u okviru Programa prekograni\u010dne saradnje Srbija-Bosna i Hercegovina 2014-2020 za 2014, 2015. [&hellip;]","og_url":"https:\/\/srb-bih.org\/en\/vodic-za-aplikante-i-poziv\/","og_site_name":"Cross-border Programme","article_modified_time":"2018-12-24T13:53:10+00:00","twitter_card":"summary_large_image","twitter_misc":{"Est. reading time":"1 minuta"},"schema":{"@context":"https:\/\/schema.org","@graph":[{"@type":"WebPage","@id":"https:\/\/srb-bih.org\/en\/vodic-za-aplikante-i-poziv\/","url":"https:\/\/srb-bih.org\/en\/vodic-za-aplikante-i-poziv\/","name":"[:en]Guide for applicants First call[:sr]\u0412\u043e\u0434\u0438\u0447 \u0437\u0430 \u0430\u043f\u043b\u0438\u043a\u0430\u043d\u0442\u0435[:ba]Vodi\u010d za aplikante i poziv[:] - Cross-border Programme","isPartOf":{"@id":"https:\/\/srb-bih.org\/en\/#website"},"datePublished":"2018-11-26T15:14:15+00:00","dateModified":"2018-12-24T13:53:10+00:00","breadcrumb":{"@id":"https:\/\/srb-bih.org\/en\/vodic-za-aplikante-i-poziv\/#breadcrumb"},"inLanguage":"bs-BA","potentialAction":[{"@type":"ReadAction","target":["https:\/\/srb-bih.org\/en\/vodic-za-aplikante-i-poziv\/"]}]},{"@type":"BreadcrumbList","@id":"https:\/\/srb-bih.org\/en\/vodic-za-aplikante-i-poziv\/#breadcrumb","itemListElement":[{"@type":"ListItem","position":1,"name":"Home","item":"https:\/\/srb-bih.org\/"},{"@type":"ListItem","position":2,"name":"Guide for applicants First call"}]},{"@type":"WebSite","@id":"https:\/\/srb-bih.org\/en\/#website","url":"https:\/\/srb-bih.org\/en\/","name":"Cross-border Programme","description":"Common Ideas for a Better Future","potentialAction":[{"@type":"SearchAction","target":{"@type":"EntryPoint","urlTemplate":"https:\/\/srb-bih.org\/en\/?s={search_term_string}"},"query-input":{"@type":"PropertyValueSpecification","valueRequired":true,"valueName":"search_term_string"}}],"inLanguage":"bs-BA"}]}},"_links":{"self":[{"href":"https:\/\/srb-bih.org\/ba\/wp-json\/wp\/v2\/pages\/5191","targetHints":{"allow":["GET"]}}],"collection":[{"href":"https:\/\/srb-bih.org\/ba\/wp-json\/wp\/v2\/pages"}],"about":[{"href":"https:\/\/srb-bih.org\/ba\/wp-json\/wp\/v2\/types\/page"}],"author":[{"embeddable":true,"href":"https:\/\/srb-bih.org\/ba\/wp-json\/wp\/v2\/users\/1"}],"replies":[{"embeddable":true,"href":"https:\/\/srb-bih.org\/ba\/wp-json\/wp\/v2\/comments?post=5191"}],"version-history":[{"count":8,"href":"https:\/\/srb-bih.org\/ba\/wp-json\/wp\/v2\/pages\/5191\/revisions"}],"predecessor-version":[{"id":5845,"href":"https:\/\/srb-bih.org\/ba\/wp-json\/wp\/v2\/pages\/5191\/revisions\/5845"}],"wp:attachment":[{"href":"https:\/\/srb-bih.org\/ba\/wp-json\/wp\/v2\/media?parent=5191"}],"curies":[{"name":"wp","href":"https:\/\/api.w.org\/{rel}","templated":true}]}}