{"id":5168,"date":"2018-11-26T16:32:26","date_gmt":"2018-11-26T14:32:26","guid":{"rendered":"http:\/\/srb-bih.org\/?page_id=5168"},"modified":"2024-12-11T11:57:53","modified_gmt":"2024-12-11T09:57:53","slug":"prioriteti-i-mere","status":"publish","type":"page","link":"https:\/\/srb-bih.org\/ba\/prioriteti-i-mere\/","title":{"rendered":"Prioriteti i mere"},"content":{"rendered":"<p>Op\u0161ti cilj\/uticaj programa je:<\/p>\n<p>Promocija dobrosusjedskih odnosa, podsticanje integracije u Uniju i unapre\u0111enje socio-ekonomskog razvoja prekograni\u010dnog podru\u010dja programa putem socijalne i ekonomske inkluzije odre\u0111enih grupa, posebno mladih, i konkurentnosti turizma.<\/p>\n<p>&nbsp;<\/p>\n<p>Specifi\u010dni ciljevi i vrste aktivnosti definisani su po tematskim prioritetima kako slijedi:<\/p>\n<table style=\"height: 1101px;\" width=\"929\">\n<tbody>\n<tr>\n<td width=\"566\"><strong>Tematski prioritet 1:<\/strong> Ulaganje u mlade, obrazovanje i v\u0458e\u0161tine<\/td>\n<\/tr>\n<tr>\n<td width=\"566\"><strong>Specifi\u010dni cilj 1.1. <\/strong>Pobolj\u0161ati aktivizam mladih i dru\u0161tveno-ekonomsko u\u010de\u0161\u0107e mladih<\/td>\n<\/tr>\n<tr>\n<td width=\"566\"><strong>Rezultati: 1.1.1.<\/strong> Pobolj\u0161ane su socijalna integracija i ekonomske perspektive mladih<\/p>\n<p><strong>&nbsp;<\/strong><\/td>\n<\/tr>\n<tr>\n<td width=\"566\"><strong>&nbsp;Indikativna lista aktivnosti<\/strong><\/td>\n<\/tr>\n<tr>\n<td width=\"566\">&#8211; Zajedni\u010dke obuke,<\/p>\n<p>&#8211; Promocija dijaloga i kriti\u010dkog razmi\u0161ljanja me\u0111u mladima,<\/p>\n<p>&#8211; Implementacija preduzetni\u010dkih aktivnosti mladih,<\/p>\n<p>&#8211; Aktivizam mladih i volontiranje<\/p>\n<p>&#8211; Podr\u0161ka mladima iz ranjivih grupa,<\/p>\n<p>&#8211; Implementacija inovativnih mjera za uklju\u010divanje mladih u dru\u0161tvo (npr. putem novih tehnologija i digitalizacije);&nbsp;&nbsp;&nbsp;&nbsp;&nbsp;&nbsp;&nbsp;&nbsp;&nbsp;&nbsp; &nbsp;&nbsp;&nbsp;&nbsp;&nbsp;&nbsp;&nbsp;&nbsp;&nbsp;&nbsp;&nbsp;&nbsp;&nbsp;&nbsp;&nbsp;&nbsp;&nbsp;&nbsp;&nbsp;&nbsp;&nbsp;&nbsp;&nbsp;&nbsp;&nbsp;&nbsp;&nbsp;&nbsp;&nbsp;&nbsp;&nbsp;&nbsp;&nbsp;&nbsp;&nbsp;&nbsp;&nbsp;&nbsp;&nbsp;&nbsp;&nbsp;&nbsp;&nbsp;&nbsp;<\/td>\n<\/tr>\n<tr>\n<td width=\"566\"><strong>Specifi\u010dni cilj 1.2.<\/strong> Pove\u0107ati zapo\u0161ljivost odre\u0111enih grupa pru\u017eanjem novih v\u0458e\u0161tina<\/td>\n<\/tr>\n<tr>\n<td width=\"566\"><strong>Rezultati: 1.2.1.<\/strong> Ve\u0161tine i kompetencije u odre\u0111enim grupama su unapre\u0111ene<\/td>\n<\/tr>\n<tr>\n<td width=\"566\"><strong>&#8211; Indikativna lista aktivnosti<\/strong><\/td>\n<\/tr>\n<tr>\n<td width=\"566\">&#8211; Zajedni\u010dke obuke za specifi\u010dne vje\u0161tine i kompetencije s dokazanom potra\u017enjom na tr\u017ei\u0161tu,<\/p>\n<p>&#8211; Obuke i programi stru\u010dnog osposobljavanja usmjereni na ranjive grupe s naglaskom na upotrebu modernih tehnologija i digitalizaciju,<\/p>\n<p>&#8211; Prekvalifikacija radnika iz velikih tradicionalnih industrijskih sistema &#8211; razvoj novih, inovativnih modela obuke ili kurikuluma (formalnih i neformalnih),<\/p>\n<p>&#8211; Unapre\u0111enje saradnje s poslodavcima kako bi se omogu\u0107ili sta\u017eiranja i prva radna iskustva;<\/td>\n<\/tr>\n<\/tbody>\n<\/table>\n<p>&nbsp;<\/p>\n<table style=\"height: 1263px;\" width=\"930\">\n<tbody>\n<tr>\n<td colspan=\"2\" width=\"566\"><strong>Tematski prioritet <\/strong>2<strong>:<\/strong> Podsticanje turizma i kulturnog i prirodnog nasle\u0111a<\/td>\n<\/tr>\n<tr>\n<td colspan=\"2\" width=\"566\"><strong>Specifi\u010dni cilj <\/strong>2.1. Razvijati i promovisati zajedni\u010dke turisti\u010dke ponude zasnovane na kulturnom i prirodnom nasle\u0111u<\/td>\n<\/tr>\n<tr>\n<td width=\"287\"><strong>Rezultati: <\/strong><\/p>\n<p>2.1.1. Zajedni\u010dki prekograni\u010dni turisti\u010dki proizvodi\/inicijative su razvijeni\/sa\u010duvani&nbsp;&nbsp;&nbsp;&nbsp;&nbsp;&nbsp;&nbsp;&nbsp;&nbsp;&nbsp;&nbsp;&nbsp;&nbsp;&nbsp;<\/p>\n<p>&nbsp;<\/td>\n<td width=\"279\"><strong>Rezultati: <\/strong><\/p>\n<p>2.1.2. Prirodni i kulturni lokaliteti su o\u010duvani<\/td>\n<\/tr>\n<tr>\n<td colspan=\"2\" width=\"566\"><strong>Indikativna lista aktivnosti<\/strong><\/td>\n<\/tr>\n<tr>\n<td width=\"287\">&#8211; Razvoj i promocija zajedni\u010dkih prekograni\u010dnih turisti\u010dkih proizvoda\/usluga &#8211; umre\u017eavanje pru\u017ealaca turisti\u010dkih usluga s obje strane granice &#8211; uklju\u010divanje odre\u0111enih grupa u razvoj turizma<\/p>\n<p>&#8211; razvoj specijalizovanog turizma<\/p>\n<p>&nbsp;\u2013 sportski, avanturisti\u010dki, kulinarstvo, ruralni turizam<\/p>\n<p>&nbsp;&#8211; povezivanje turizma s drugim sektorima, na primjer poljoprivrede i prehrambene industrije<\/p>\n<p>renoviranje turisti\u010dke infrastrukture<\/p>\n<p>&#8211; opremanje turisti\u010dkih lokaliteta u regionu<\/p>\n<p>&#8211; digitalizacija u turizmu<\/p>\n<p>&#8211; specijalizovana obuka turisti\u010dkih radnika i pru\u017ealaca usluga<\/p>\n<p>&#8211; inovativni i tehnolo\u0161ki pristupi razvoju, promociji i sprovo\u0111enju<\/p>\n<p>prekograni\u010dnih turisti\u010dkih ponuda<\/p>\n<p>&#8211; uvo\u0111enje standarda kvaliteta za pru\u017eaoce turisti\u010dkih usluga<\/td>\n<td width=\"279\">&nbsp;<\/p>\n<p>&nbsp;<\/p>\n<p>-sprovo\u0111enje planova akcija za o\u010duvanje<\/p>\n<p>-manji radovi renoviranja i opremanje prirodne i kulturne ba\u0161tine<\/p>\n<p>-prevencija rizika za korisnike prirodnih i kulturnih lokaliteta<\/p>\n<p>-informacije i digitalna rje\u0161enja u o\u010duvanju kulturne i prirodne ba\u0161tine<\/p>\n<p>&nbsp;<\/td>\n<\/tr>\n<\/tbody>\n<\/table>\n<p><\/p>","protected":false},"excerpt":{"rendered":"<p>Op\u0161ti cilj\/uticaj programa je: Promocija dobrosusjedskih odnosa, podsticanje integracije u Uniju i unapre\u0111enje socio-ekonomskog razvoja prekograni\u010dnog podru\u010dja programa putem socijalne i ekonomske inkluzije odre\u0111enih grupa, posebno mladih, i konkurentnosti turizma. &nbsp; Specifi\u010dni ciljevi i vrste aktivnosti definisani su po tematskim prioritetima kako slijedi: Tematski prioritet 1: Ulaganje u mlade, obrazovanje i v\u0458e\u0161tine Specifi\u010dni cilj 1.1. [&hellip;]<\/p>\n","protected":false},"author":1,"featured_media":0,"parent":0,"menu_order":0,"comment_status":"closed","ping_status":"closed","template":"","meta":{"ngg_post_thumbnail":0,"footnotes":"","_links_to":"","_links_to_target":""},"class_list":["post-5168","page","type-page","status-publish","hentry"],"yoast_head":"<!-- This site is optimized with the Yoast SEO plugin v25.6 - https:\/\/yoast.com\/wordpress\/plugins\/seo\/ -->\n<title>Prioriteti i mere - Cross-border Programme<\/title>\n<meta name=\"robots\" content=\"index, follow, max-snippet:-1, max-image-preview:large, max-video-preview:-1\" \/>\n<link rel=\"canonical\" href=\"https:\/\/srb-bih.org\/sr\/prioriteti-i-mere\/\" \/>\n<meta property=\"og:locale\" content=\"bs_BA\" \/>\n<meta property=\"og:type\" content=\"article\" \/>\n<meta property=\"og:title\" content=\"Prioriteti i mere - Cross-border Programme\" \/>\n<meta property=\"og:description\" content=\"Op\u0161ti cilj\/uticaj programa je: Promocija dobrosusjedskih odnosa, podsticanje integracije u Uniju i unapre\u0111enje socio-ekonomskog razvoja prekograni\u010dnog podru\u010dja programa putem socijalne i ekonomske inkluzije odre\u0111enih grupa, posebno mladih, i konkurentnosti turizma. &nbsp; Specifi\u010dni ciljevi i vrste aktivnosti definisani su po tematskim prioritetima kako slijedi: Tematski prioritet 1: Ulaganje u mlade, obrazovanje i v\u0458e\u0161tine Specifi\u010dni cilj 1.1. [&hellip;]\" \/>\n<meta property=\"og:url\" content=\"https:\/\/srb-bih.org\/sr\/prioriteti-i-mere\/\" \/>\n<meta property=\"og:site_name\" content=\"Cross-border Programme\" \/>\n<meta property=\"article:modified_time\" content=\"2024-12-11T09:57:53+00:00\" \/>\n<meta name=\"twitter:card\" content=\"summary_large_image\" \/>\n<meta name=\"twitter:label1\" content=\"Est. reading time\" \/>\n\t<meta name=\"twitter:data1\" content=\"6 minuta\" \/>\n<script type=\"application\/ld+json\" class=\"yoast-schema-graph\">{\"@context\":\"https:\/\/schema.org\",\"@graph\":[{\"@type\":\"WebPage\",\"@id\":\"https:\/\/srb-bih.org\/sr\/prioriteti-i-mere\/\",\"url\":\"https:\/\/srb-bih.org\/sr\/prioriteti-i-mere\/\",\"name\":\"[:en]Priorities and measures[:sr]\u041f\u0440\u0438\u043e\u0440\u0438\u0442\u0435\u0442\u0438 \u0438 \u043c\u0435\u0440\u0435[:ba]Prioriteti i mere[:] - Cross-border Programme\",\"isPartOf\":{\"@id\":\"https:\/\/srb-bih.org\/en\/#website\"},\"datePublished\":\"2018-11-26T14:32:26+00:00\",\"dateModified\":\"2024-12-11T09:57:53+00:00\",\"breadcrumb\":{\"@id\":\"https:\/\/srb-bih.org\/sr\/prioriteti-i-mere\/#breadcrumb\"},\"inLanguage\":\"bs-BA\",\"potentialAction\":[{\"@type\":\"ReadAction\",\"target\":[\"https:\/\/srb-bih.org\/sr\/prioriteti-i-mere\/\"]}]},{\"@type\":\"BreadcrumbList\",\"@id\":\"https:\/\/srb-bih.org\/sr\/prioriteti-i-mere\/#breadcrumb\",\"itemListElement\":[{\"@type\":\"ListItem\",\"position\":1,\"name\":\"Home\",\"item\":\"https:\/\/srb-bih.org\/\"},{\"@type\":\"ListItem\",\"position\":2,\"name\":\"\u041f\u0440\u0438\u043e\u0440\u0438\u0442\u0435\u0442\u0438 \u0438 \u043c\u0435\u0440\u0435\"}]},{\"@type\":\"WebSite\",\"@id\":\"https:\/\/srb-bih.org\/en\/#website\",\"url\":\"https:\/\/srb-bih.org\/en\/\",\"name\":\"Cross-border Programme\",\"description\":\"Common Ideas for a Better Future\",\"potentialAction\":[{\"@type\":\"SearchAction\",\"target\":{\"@type\":\"EntryPoint\",\"urlTemplate\":\"https:\/\/srb-bih.org\/en\/?s={search_term_string}\"},\"query-input\":{\"@type\":\"PropertyValueSpecification\",\"valueRequired\":true,\"valueName\":\"search_term_string\"}}],\"inLanguage\":\"bs-BA\"}]}<\/script>\n<!-- \/ Yoast SEO plugin. -->","yoast_head_json":{"title":"Prioriteti i mere - Cross-border Programme","robots":{"index":"index","follow":"follow","max-snippet":"max-snippet:-1","max-image-preview":"max-image-preview:large","max-video-preview":"max-video-preview:-1"},"canonical":"https:\/\/srb-bih.org\/sr\/prioriteti-i-mere\/","og_locale":"bs_BA","og_type":"article","og_title":"Prioriteti i mere - Cross-border Programme","og_description":"Op\u0161ti cilj\/uticaj programa je: Promocija dobrosusjedskih odnosa, podsticanje integracije u Uniju i unapre\u0111enje socio-ekonomskog razvoja prekograni\u010dnog podru\u010dja programa putem socijalne i ekonomske inkluzije odre\u0111enih grupa, posebno mladih, i konkurentnosti turizma. &nbsp; Specifi\u010dni ciljevi i vrste aktivnosti definisani su po tematskim prioritetima kako slijedi: Tematski prioritet 1: Ulaganje u mlade, obrazovanje i v\u0458e\u0161tine Specifi\u010dni cilj 1.1. [&hellip;]","og_url":"https:\/\/srb-bih.org\/sr\/prioriteti-i-mere\/","og_site_name":"Cross-border Programme","article_modified_time":"2024-12-11T09:57:53+00:00","twitter_card":"summary_large_image","twitter_misc":{"Est. reading time":"6 minuta"},"schema":{"@context":"https:\/\/schema.org","@graph":[{"@type":"WebPage","@id":"https:\/\/srb-bih.org\/sr\/prioriteti-i-mere\/","url":"https:\/\/srb-bih.org\/sr\/prioriteti-i-mere\/","name":"[:en]Priorities and measures[:sr]\u041f\u0440\u0438\u043e\u0440\u0438\u0442\u0435\u0442\u0438 \u0438 \u043c\u0435\u0440\u0435[:ba]Prioriteti i mere[:] - Cross-border Programme","isPartOf":{"@id":"https:\/\/srb-bih.org\/en\/#website"},"datePublished":"2018-11-26T14:32:26+00:00","dateModified":"2024-12-11T09:57:53+00:00","breadcrumb":{"@id":"https:\/\/srb-bih.org\/sr\/prioriteti-i-mere\/#breadcrumb"},"inLanguage":"bs-BA","potentialAction":[{"@type":"ReadAction","target":["https:\/\/srb-bih.org\/sr\/prioriteti-i-mere\/"]}]},{"@type":"BreadcrumbList","@id":"https:\/\/srb-bih.org\/sr\/prioriteti-i-mere\/#breadcrumb","itemListElement":[{"@type":"ListItem","position":1,"name":"Home","item":"https:\/\/srb-bih.org\/"},{"@type":"ListItem","position":2,"name":"\u041f\u0440\u0438\u043e\u0440\u0438\u0442\u0435\u0442\u0438 \u0438 \u043c\u0435\u0440\u0435"}]},{"@type":"WebSite","@id":"https:\/\/srb-bih.org\/en\/#website","url":"https:\/\/srb-bih.org\/en\/","name":"Cross-border Programme","description":"Common Ideas for a Better Future","potentialAction":[{"@type":"SearchAction","target":{"@type":"EntryPoint","urlTemplate":"https:\/\/srb-bih.org\/en\/?s={search_term_string}"},"query-input":{"@type":"PropertyValueSpecification","valueRequired":true,"valueName":"search_term_string"}}],"inLanguage":"bs-BA"}]}},"_links":{"self":[{"href":"https:\/\/srb-bih.org\/ba\/wp-json\/wp\/v2\/pages\/5168","targetHints":{"allow":["GET"]}}],"collection":[{"href":"https:\/\/srb-bih.org\/ba\/wp-json\/wp\/v2\/pages"}],"about":[{"href":"https:\/\/srb-bih.org\/ba\/wp-json\/wp\/v2\/types\/page"}],"author":[{"embeddable":true,"href":"https:\/\/srb-bih.org\/ba\/wp-json\/wp\/v2\/users\/1"}],"replies":[{"embeddable":true,"href":"https:\/\/srb-bih.org\/ba\/wp-json\/wp\/v2\/comments?post=5168"}],"version-history":[{"count":37,"href":"https:\/\/srb-bih.org\/ba\/wp-json\/wp\/v2\/pages\/5168\/revisions"}],"predecessor-version":[{"id":10051,"href":"https:\/\/srb-bih.org\/ba\/wp-json\/wp\/v2\/pages\/5168\/revisions\/10051"}],"wp:attachment":[{"href":"https:\/\/srb-bih.org\/ba\/wp-json\/wp\/v2\/media?parent=5168"}],"curies":[{"name":"wp","href":"https:\/\/api.w.org\/{rel}","templated":true}]}}