{"id":5163,"date":"2018-11-26T16:01:46","date_gmt":"2018-11-26T14:01:46","guid":{"rendered":"http:\/\/srb-bih.org\/?page_id=5163"},"modified":"2024-02-09T19:56:09","modified_gmt":"2024-02-09T17:56:09","slug":"ukratko-o-programu","status":"publish","type":"page","link":"https:\/\/srb-bih.org\/ba\/ukratko-o-programu\/","title":{"rendered":"Ukratko o programu"},"content":{"rendered":"<p>Program prekograni\u010dne saradnje izme\u0111u Republike Srbije i Bosne i Hercegovine (BiH) bi\u0107e sproveden u okviru Instrumenta za pretpristupnu pomo\u0107 (IPA III) za period 2021-2027. sa ciljem promocije dobrosusjedskih odnosa, podsticanja integracije u Uniju i promovisanja socio-ekonomskog razvoja kroz zajedni\u010dke lokalne i regionalne inicijative.<\/p>\n<p>Pravni osnov za izradu Programa prekograni\u010dne saradnje je: Uredba (EU) 2021\/1529 Evropskog parlamenta i Savjeta od 15. septembra 2021. kojom se uspostavlja Instrument za pretpristupnu pomo\u0107 (IPA III).<\/p>\n<p>Ovim instrumentom EU nastavlja da pru\u017ea pravni okvir za pru\u017eanje finansijske pomo\u0107i zemljama kandidatima i potencijalnim kandidatima u njihovim naporima da podstaknu politi\u010dke, ekonomske i institucionalne reforme s krajnjim ciljem punopravnog \u010dlanstva u Evropskoj uniji.<\/p>\n<p>Prekograni\u010dni program Srbija-Bosna i Hercegovina 2021-2027 sprovodi se u okviru Instrumenta za pretpristupnu pomo\u0107 (IPA III) i rezultat je zajedni\u010dkih napora vlada i drugih zainteresovanih strana obje zemlje. IPA III podr\u017eava prekograni\u010dnu saradnju s ciljem promocije dobrosusjedskih odnosa, podsticanja integracije u Evropsku uniju i promovisanja socio-ekonomskog razvoja.<\/p>\n<p>Program analizira socio-ekonomsku situaciju u prekograni\u010dnoj regiji, postavlja zajedni\u010dku strategiju za rje\u0161avanje identifikovanih problema i formuli\u0161e zajedni\u010dke tematske prioritete za razvoj. Ovaj Program se zasniva na temeljnom pregledu izazova i specifi\u010dnosti programskog podru\u010dja.<\/p>\n<p>Ukupno sufinansiranje Unije za Prekograni\u010dni program za period 2021-2027. iznosi 14.000.000 eura, dok se o\u010dekuje da \u0107e sufinansiranje korisnika iznositi 2.223.529,42 eura.<\/p>","protected":false},"excerpt":{"rendered":"<p>Program prekograni\u010dne saradnje izme\u0111u Republike Srbije i Bosne i Hercegovine (BiH) bi\u0107e sproveden u okviru Instrumenta za pretpristupnu pomo\u0107 (IPA III) za period 2021-2027. sa ciljem promocije dobrosusjedskih odnosa, podsticanja integracije u Uniju i promovisanja socio-ekonomskog razvoja kroz zajedni\u010dke lokalne i regionalne inicijative. Pravni osnov za izradu Programa prekograni\u010dne saradnje je: Uredba (EU) 2021\/1529 Evropskog [&hellip;]<\/p>\n","protected":false},"author":1,"featured_media":0,"parent":0,"menu_order":0,"comment_status":"closed","ping_status":"closed","template":"","meta":{"ngg_post_thumbnail":0,"footnotes":"","_links_to":"","_links_to_target":""},"class_list":["post-5163","page","type-page","status-publish","hentry"],"yoast_head":"<!-- This site is optimized with the Yoast SEO plugin v25.6 - https:\/\/yoast.com\/wordpress\/plugins\/seo\/ -->\n<title>Ukratko o programu - Cross-border Programme<\/title>\n<meta name=\"robots\" content=\"index, follow, max-snippet:-1, max-image-preview:large, max-video-preview:-1\" \/>\n<link rel=\"canonical\" href=\"https:\/\/srb-bih.org\/ba\/ukratko-o-programu\/\" \/>\n<meta property=\"og:locale\" content=\"bs_BA\" \/>\n<meta property=\"og:type\" content=\"article\" \/>\n<meta property=\"og:title\" content=\"Ukratko o programu - Cross-border Programme\" \/>\n<meta property=\"og:description\" content=\"Program prekograni\u010dne saradnje izme\u0111u Republike Srbije i Bosne i Hercegovine (BiH) bi\u0107e sproveden u okviru Instrumenta za pretpristupnu pomo\u0107 (IPA III) za period 2021-2027. sa ciljem promocije dobrosusjedskih odnosa, podsticanja integracije u Uniju i promovisanja socio-ekonomskog razvoja kroz zajedni\u010dke lokalne i regionalne inicijative. Pravni osnov za izradu Programa prekograni\u010dne saradnje je: Uredba (EU) 2021\/1529 Evropskog [&hellip;]\" \/>\n<meta property=\"og:url\" content=\"https:\/\/srb-bih.org\/ba\/ukratko-o-programu\/\" \/>\n<meta property=\"og:site_name\" content=\"Cross-border Programme\" \/>\n<meta property=\"article:modified_time\" content=\"2024-02-09T17:56:09+00:00\" \/>\n<meta name=\"twitter:card\" content=\"summary_large_image\" \/>\n<meta name=\"twitter:label1\" content=\"Est. reading time\" \/>\n\t<meta name=\"twitter:data1\" content=\"2 minute\" \/>\n<script type=\"application\/ld+json\" class=\"yoast-schema-graph\">{\"@context\":\"https:\/\/schema.org\",\"@graph\":[{\"@type\":\"WebPage\",\"@id\":\"https:\/\/srb-bih.org\/ba\/ukratko-o-programu\/\",\"url\":\"https:\/\/srb-bih.org\/ba\/ukratko-o-programu\/\",\"name\":\"[:en]About programme[:sr]\u0423\u043a\u0440\u0430\u0442\u043a\u043e \u043e \u043f\u0440\u043e\u0433\u0440\u0430\u043c\u0443[:ba]Ukratko o programu[:] - Cross-border Programme\",\"isPartOf\":{\"@id\":\"https:\/\/srb-bih.org\/en\/#website\"},\"datePublished\":\"2018-11-26T14:01:46+00:00\",\"dateModified\":\"2024-02-09T17:56:09+00:00\",\"breadcrumb\":{\"@id\":\"https:\/\/srb-bih.org\/ba\/ukratko-o-programu\/#breadcrumb\"},\"inLanguage\":\"bs-BA\",\"potentialAction\":[{\"@type\":\"ReadAction\",\"target\":[\"https:\/\/srb-bih.org\/ba\/ukratko-o-programu\/\"]}]},{\"@type\":\"BreadcrumbList\",\"@id\":\"https:\/\/srb-bih.org\/ba\/ukratko-o-programu\/#breadcrumb\",\"itemListElement\":[{\"@type\":\"ListItem\",\"position\":1,\"name\":\"Home\",\"item\":\"https:\/\/srb-bih.org\/\"},{\"@type\":\"ListItem\",\"position\":2,\"name\":\"Ukratko o programu\"}]},{\"@type\":\"WebSite\",\"@id\":\"https:\/\/srb-bih.org\/en\/#website\",\"url\":\"https:\/\/srb-bih.org\/en\/\",\"name\":\"Cross-border Programme\",\"description\":\"Common Ideas for a Better Future\",\"potentialAction\":[{\"@type\":\"SearchAction\",\"target\":{\"@type\":\"EntryPoint\",\"urlTemplate\":\"https:\/\/srb-bih.org\/en\/?s={search_term_string}\"},\"query-input\":{\"@type\":\"PropertyValueSpecification\",\"valueRequired\":true,\"valueName\":\"search_term_string\"}}],\"inLanguage\":\"bs-BA\"}]}<\/script>\n<!-- \/ Yoast SEO plugin. -->","yoast_head_json":{"title":"Ukratko o programu - Cross-border Programme","robots":{"index":"index","follow":"follow","max-snippet":"max-snippet:-1","max-image-preview":"max-image-preview:large","max-video-preview":"max-video-preview:-1"},"canonical":"https:\/\/srb-bih.org\/ba\/ukratko-o-programu\/","og_locale":"bs_BA","og_type":"article","og_title":"Ukratko o programu - Cross-border Programme","og_description":"Program prekograni\u010dne saradnje izme\u0111u Republike Srbije i Bosne i Hercegovine (BiH) bi\u0107e sproveden u okviru Instrumenta za pretpristupnu pomo\u0107 (IPA III) za period 2021-2027. sa ciljem promocije dobrosusjedskih odnosa, podsticanja integracije u Uniju i promovisanja socio-ekonomskog razvoja kroz zajedni\u010dke lokalne i regionalne inicijative. Pravni osnov za izradu Programa prekograni\u010dne saradnje je: Uredba (EU) 2021\/1529 Evropskog [&hellip;]","og_url":"https:\/\/srb-bih.org\/ba\/ukratko-o-programu\/","og_site_name":"Cross-border Programme","article_modified_time":"2024-02-09T17:56:09+00:00","twitter_card":"summary_large_image","twitter_misc":{"Est. reading time":"2 minute"},"schema":{"@context":"https:\/\/schema.org","@graph":[{"@type":"WebPage","@id":"https:\/\/srb-bih.org\/ba\/ukratko-o-programu\/","url":"https:\/\/srb-bih.org\/ba\/ukratko-o-programu\/","name":"[:en]About programme[:sr]\u0423\u043a\u0440\u0430\u0442\u043a\u043e \u043e \u043f\u0440\u043e\u0433\u0440\u0430\u043c\u0443[:ba]Ukratko o programu[:] - Cross-border Programme","isPartOf":{"@id":"https:\/\/srb-bih.org\/en\/#website"},"datePublished":"2018-11-26T14:01:46+00:00","dateModified":"2024-02-09T17:56:09+00:00","breadcrumb":{"@id":"https:\/\/srb-bih.org\/ba\/ukratko-o-programu\/#breadcrumb"},"inLanguage":"bs-BA","potentialAction":[{"@type":"ReadAction","target":["https:\/\/srb-bih.org\/ba\/ukratko-o-programu\/"]}]},{"@type":"BreadcrumbList","@id":"https:\/\/srb-bih.org\/ba\/ukratko-o-programu\/#breadcrumb","itemListElement":[{"@type":"ListItem","position":1,"name":"Home","item":"https:\/\/srb-bih.org\/"},{"@type":"ListItem","position":2,"name":"Ukratko o programu"}]},{"@type":"WebSite","@id":"https:\/\/srb-bih.org\/en\/#website","url":"https:\/\/srb-bih.org\/en\/","name":"Cross-border Programme","description":"Common Ideas for a Better Future","potentialAction":[{"@type":"SearchAction","target":{"@type":"EntryPoint","urlTemplate":"https:\/\/srb-bih.org\/en\/?s={search_term_string}"},"query-input":{"@type":"PropertyValueSpecification","valueRequired":true,"valueName":"search_term_string"}}],"inLanguage":"bs-BA"}]}},"_links":{"self":[{"href":"https:\/\/srb-bih.org\/ba\/wp-json\/wp\/v2\/pages\/5163","targetHints":{"allow":["GET"]}}],"collection":[{"href":"https:\/\/srb-bih.org\/ba\/wp-json\/wp\/v2\/pages"}],"about":[{"href":"https:\/\/srb-bih.org\/ba\/wp-json\/wp\/v2\/types\/page"}],"author":[{"embeddable":true,"href":"https:\/\/srb-bih.org\/ba\/wp-json\/wp\/v2\/users\/1"}],"replies":[{"embeddable":true,"href":"https:\/\/srb-bih.org\/ba\/wp-json\/wp\/v2\/comments?post=5163"}],"version-history":[{"count":14,"href":"https:\/\/srb-bih.org\/ba\/wp-json\/wp\/v2\/pages\/5163\/revisions"}],"predecessor-version":[{"id":9277,"href":"https:\/\/srb-bih.org\/ba\/wp-json\/wp\/v2\/pages\/5163\/revisions\/9277"}],"wp:attachment":[{"href":"https:\/\/srb-bih.org\/ba\/wp-json\/wp\/v2\/media?parent=5163"}],"curies":[{"name":"wp","href":"https:\/\/api.w.org\/{rel}","templated":true}]}}