{"id":45,"date":"2013-06-18T04:49:50","date_gmt":"2013-06-18T04:49:50","guid":{"rendered":"http:\/\/localhost\/srb-bih\/?page_id=45"},"modified":"2013-06-18T05:30:14","modified_gmt":"2013-06-18T05:30:14","slug":"unapredenje-konkuretnosti-malih-i-srednjih-preduzeca-i-jacanje-medunarodnih-veza-u-metalskoj-industriji-eumetal2","status":"publish","type":"page","link":"https:\/\/srb-bih.org\/ba\/projekti-ii-poziv\/unapredenje-konkuretnosti-malih-i-srednjih-preduzeca-i-jacanje-medunarodnih-veza-u-metalskoj-industriji-eumetal2\/","title":{"rendered":"Unapre\u0111enje konkuretnosti malih i srednjih preduze\u0107a i ja\u010danje me\u0111unarodnih veza u metalskoj industriji- EUMETAL2"},"content":{"rendered":"","protected":false},"excerpt":{"rendered":"","protected":false},"author":1,"featured_media":0,"parent":42,"menu_order":3,"comment_status":"closed","ping_status":"open","template":"","meta":{"ngg_post_thumbnail":0,"footnotes":"","_links_to":"","_links_to_target":""},"class_list":["post-45","page","type-page","status-publish","hentry"],"yoast_head":"<!-- This site is optimized with the Yoast SEO plugin v25.6 - https:\/\/yoast.com\/wordpress\/plugins\/seo\/ -->\n<title>Unapre\u0111enje konkuretnosti malih i srednjih preduze\u0107a i ja\u010danje me\u0111unarodnih veza u metalskoj industriji- EUMETAL2Unapre\u0111enje konkuretnosti malih i srednjih preduze\u0107a i ja\u010danje me\u0111unarodnih veza u metalskoj industriji- EUMETAL2Increasing competitiveness of SMEs and enhancement of cross border links in metal industry - EUMETAL2 - Cross-border Programme<\/title>\n<meta name=\"robots\" content=\"index, follow, max-snippet:-1, max-image-preview:large, max-video-preview:-1\" \/>\n<link rel=\"canonical\" href=\"https:\/\/srb-bih.org\/en\/projekti-ii-poziv\/unapredenje-konkuretnosti-malih-i-srednjih-preduzeca-i-jacanje-medunarodnih-veza-u-metalskoj-industriji-eumetal2\/\" \/>\n<meta property=\"og:locale\" content=\"bs_BA\" \/>\n<meta property=\"og:type\" content=\"article\" \/>\n<meta property=\"og:title\" content=\"Unapre\u0111enje konkuretnosti malih i srednjih preduze\u0107a i ja\u010danje me\u0111unarodnih veza u metalskoj industriji- EUMETAL2Unapre\u0111enje konkuretnosti malih i srednjih preduze\u0107a i ja\u010danje me\u0111unarodnih veza u metalskoj industriji- EUMETAL2Increasing competitiveness of SMEs and enhancement of cross border links in metal industry - EUMETAL2 - Cross-border Programme\" \/>\n<meta property=\"og:url\" content=\"https:\/\/srb-bih.org\/en\/projekti-ii-poziv\/unapredenje-konkuretnosti-malih-i-srednjih-preduzeca-i-jacanje-medunarodnih-veza-u-metalskoj-industriji-eumetal2\/\" \/>\n<meta property=\"og:site_name\" content=\"Cross-border Programme\" \/>\n<meta property=\"article:modified_time\" content=\"2013-06-18T05:30:14+00:00\" \/>\n<meta name=\"twitter:card\" content=\"summary_large_image\" \/>\n<script type=\"application\/ld+json\" class=\"yoast-schema-graph\">{\"@context\":\"https:\/\/schema.org\",\"@graph\":[{\"@type\":\"WebPage\",\"@id\":\"https:\/\/srb-bih.org\/en\/projekti-ii-poziv\/unapredenje-konkuretnosti-malih-i-srednjih-preduzeca-i-jacanje-medunarodnih-veza-u-metalskoj-industriji-eumetal2\/\",\"url\":\"https:\/\/srb-bih.org\/en\/projekti-ii-poziv\/unapredenje-konkuretnosti-malih-i-srednjih-preduzeca-i-jacanje-medunarodnih-veza-u-metalskoj-industriji-eumetal2\/\",\"name\":\"Unapre\u0111enje konkuretnosti malih i srednjih preduze\u0107a i ja\u010danje me\u0111unarodnih veza u metalskoj industriji- EUMETAL2Unapre\u0111enje konkuretnosti malih i srednjih preduze\u0107a i ja\u010danje me\u0111unarodnih veza u metalskoj industriji- EUMETAL2Increasing competitiveness of SMEs and enhancement of cross border links in metal industry - EUMETAL2 - Cross-border Programme\",\"isPartOf\":{\"@id\":\"https:\/\/srb-bih.org\/en\/#website\"},\"datePublished\":\"2013-06-18T04:49:50+00:00\",\"dateModified\":\"2013-06-18T05:30:14+00:00\",\"breadcrumb\":{\"@id\":\"https:\/\/srb-bih.org\/en\/projekti-ii-poziv\/unapredenje-konkuretnosti-malih-i-srednjih-preduzeca-i-jacanje-medunarodnih-veza-u-metalskoj-industriji-eumetal2\/#breadcrumb\"},\"inLanguage\":\"bs-BA\",\"potentialAction\":[{\"@type\":\"ReadAction\",\"target\":[\"https:\/\/srb-bih.org\/en\/projekti-ii-poziv\/unapredenje-konkuretnosti-malih-i-srednjih-preduzeca-i-jacanje-medunarodnih-veza-u-metalskoj-industriji-eumetal2\/\"]}]},{\"@type\":\"BreadcrumbList\",\"@id\":\"https:\/\/srb-bih.org\/en\/projekti-ii-poziv\/unapredenje-konkuretnosti-malih-i-srednjih-preduzeca-i-jacanje-medunarodnih-veza-u-metalskoj-industriji-eumetal2\/#breadcrumb\",\"itemListElement\":[{\"@type\":\"ListItem\",\"position\":1,\"name\":\"Home\",\"item\":\"https:\/\/srb-bih.org\/\"},{\"@type\":\"ListItem\",\"position\":2,\"name\":\"Projekti II poziv\",\"item\":\"https:\/\/srb-bih.org\/ba\/projekti-ii-poziv\/\"},{\"@type\":\"ListItem\",\"position\":3,\"name\":\"Increasing competitiveness of SMEs and enhancement of cross border links in metal industry &#8211; EUMETAL2\"}]},{\"@type\":\"WebSite\",\"@id\":\"https:\/\/srb-bih.org\/en\/#website\",\"url\":\"https:\/\/srb-bih.org\/en\/\",\"name\":\"Cross-border Programme\",\"description\":\"Common Ideas for a Better Future\",\"potentialAction\":[{\"@type\":\"SearchAction\",\"target\":{\"@type\":\"EntryPoint\",\"urlTemplate\":\"https:\/\/srb-bih.org\/en\/?s={search_term_string}\"},\"query-input\":{\"@type\":\"PropertyValueSpecification\",\"valueRequired\":true,\"valueName\":\"search_term_string\"}}],\"inLanguage\":\"bs-BA\"}]}<\/script>\n<!-- \/ Yoast SEO plugin. -->","yoast_head_json":{"title":"Unapre\u0111enje konkuretnosti malih i srednjih preduze\u0107a i ja\u010danje me\u0111unarodnih veza u metalskoj industriji- EUMETAL2Unapre\u0111enje konkuretnosti malih i srednjih preduze\u0107a i ja\u010danje me\u0111unarodnih veza u metalskoj industriji- EUMETAL2Increasing competitiveness of SMEs and enhancement of cross border links in metal industry - EUMETAL2 - Cross-border Programme","robots":{"index":"index","follow":"follow","max-snippet":"max-snippet:-1","max-image-preview":"max-image-preview:large","max-video-preview":"max-video-preview:-1"},"canonical":"https:\/\/srb-bih.org\/en\/projekti-ii-poziv\/unapredenje-konkuretnosti-malih-i-srednjih-preduzeca-i-jacanje-medunarodnih-veza-u-metalskoj-industriji-eumetal2\/","og_locale":"bs_BA","og_type":"article","og_title":"Unapre\u0111enje konkuretnosti malih i srednjih preduze\u0107a i ja\u010danje me\u0111unarodnih veza u metalskoj industriji- EUMETAL2Unapre\u0111enje konkuretnosti malih i srednjih preduze\u0107a i ja\u010danje me\u0111unarodnih veza u metalskoj industriji- EUMETAL2Increasing competitiveness of SMEs and enhancement of cross border links in metal industry - EUMETAL2 - Cross-border Programme","og_url":"https:\/\/srb-bih.org\/en\/projekti-ii-poziv\/unapredenje-konkuretnosti-malih-i-srednjih-preduzeca-i-jacanje-medunarodnih-veza-u-metalskoj-industriji-eumetal2\/","og_site_name":"Cross-border Programme","article_modified_time":"2013-06-18T05:30:14+00:00","twitter_card":"summary_large_image","schema":{"@context":"https:\/\/schema.org","@graph":[{"@type":"WebPage","@id":"https:\/\/srb-bih.org\/en\/projekti-ii-poziv\/unapredenje-konkuretnosti-malih-i-srednjih-preduzeca-i-jacanje-medunarodnih-veza-u-metalskoj-industriji-eumetal2\/","url":"https:\/\/srb-bih.org\/en\/projekti-ii-poziv\/unapredenje-konkuretnosti-malih-i-srednjih-preduzeca-i-jacanje-medunarodnih-veza-u-metalskoj-industriji-eumetal2\/","name":"Unapre\u0111enje konkuretnosti malih i srednjih preduze\u0107a i ja\u010danje me\u0111unarodnih veza u metalskoj industriji- EUMETAL2Unapre\u0111enje konkuretnosti malih i srednjih preduze\u0107a i ja\u010danje me\u0111unarodnih veza u metalskoj industriji- EUMETAL2Increasing competitiveness of SMEs and enhancement of cross border links in metal industry - EUMETAL2 - Cross-border Programme","isPartOf":{"@id":"https:\/\/srb-bih.org\/en\/#website"},"datePublished":"2013-06-18T04:49:50+00:00","dateModified":"2013-06-18T05:30:14+00:00","breadcrumb":{"@id":"https:\/\/srb-bih.org\/en\/projekti-ii-poziv\/unapredenje-konkuretnosti-malih-i-srednjih-preduzeca-i-jacanje-medunarodnih-veza-u-metalskoj-industriji-eumetal2\/#breadcrumb"},"inLanguage":"bs-BA","potentialAction":[{"@type":"ReadAction","target":["https:\/\/srb-bih.org\/en\/projekti-ii-poziv\/unapredenje-konkuretnosti-malih-i-srednjih-preduzeca-i-jacanje-medunarodnih-veza-u-metalskoj-industriji-eumetal2\/"]}]},{"@type":"BreadcrumbList","@id":"https:\/\/srb-bih.org\/en\/projekti-ii-poziv\/unapredenje-konkuretnosti-malih-i-srednjih-preduzeca-i-jacanje-medunarodnih-veza-u-metalskoj-industriji-eumetal2\/#breadcrumb","itemListElement":[{"@type":"ListItem","position":1,"name":"Home","item":"https:\/\/srb-bih.org\/"},{"@type":"ListItem","position":2,"name":"Projekti II poziv","item":"https:\/\/srb-bih.org\/ba\/projekti-ii-poziv\/"},{"@type":"ListItem","position":3,"name":"Increasing competitiveness of SMEs and enhancement of cross border links in metal industry &#8211; EUMETAL2"}]},{"@type":"WebSite","@id":"https:\/\/srb-bih.org\/en\/#website","url":"https:\/\/srb-bih.org\/en\/","name":"Cross-border Programme","description":"Common Ideas for a Better Future","potentialAction":[{"@type":"SearchAction","target":{"@type":"EntryPoint","urlTemplate":"https:\/\/srb-bih.org\/en\/?s={search_term_string}"},"query-input":{"@type":"PropertyValueSpecification","valueRequired":true,"valueName":"search_term_string"}}],"inLanguage":"bs-BA"}]}},"_links":{"self":[{"href":"https:\/\/srb-bih.org\/ba\/wp-json\/wp\/v2\/pages\/45","targetHints":{"allow":["GET"]}}],"collection":[{"href":"https:\/\/srb-bih.org\/ba\/wp-json\/wp\/v2\/pages"}],"about":[{"href":"https:\/\/srb-bih.org\/ba\/wp-json\/wp\/v2\/types\/page"}],"author":[{"embeddable":true,"href":"https:\/\/srb-bih.org\/ba\/wp-json\/wp\/v2\/users\/1"}],"replies":[{"embeddable":true,"href":"https:\/\/srb-bih.org\/ba\/wp-json\/wp\/v2\/comments?post=45"}],"version-history":[{"count":0,"href":"https:\/\/srb-bih.org\/ba\/wp-json\/wp\/v2\/pages\/45\/revisions"}],"up":[{"embeddable":true,"href":"https:\/\/srb-bih.org\/ba\/wp-json\/wp\/v2\/pages\/42"}],"wp:attachment":[{"href":"https:\/\/srb-bih.org\/ba\/wp-json\/wp\/v2\/media?parent=45"}],"curies":[{"name":"wp","href":"https:\/\/api.w.org\/{rel}","templated":true}]}}