{"id":41,"date":"2013-06-18T04:46:14","date_gmt":"2013-06-18T04:46:14","guid":{"rendered":"http:\/\/localhost\/srb-bih\/?page_id=41"},"modified":"2024-02-12T13:10:24","modified_gmt":"2024-02-12T11:10:24","slug":"ugovorna-tela","status":"publish","type":"page","link":"https:\/\/srb-bih.org\/ba\/strukture\/ugovorna-tela\/","title":{"rendered":"Posredni\u010dko tijelo za finansijsko upravljanje"},"content":{"rendered":"<p>Posredni\u010dko tijelo za finansijsko upravljanje (PTFU) za IPA Program prekograni\u010dne saradnje Srbija \u2013 Bosna i Hercegovina 2021-2027 je Vlada Republike Srbije, Sektor za ugovaranje i finansiranje Programa iz sredstava Evropske unije (CFCU) Republike Srbije.<br \/>\nSektor za ugovaranje i finansiranje Programa iz sredstava Evropske unije (CFCU)<br \/>\nAdresa: Sremska 3-5,<br \/>\n11 000 Beograd,<br \/>\nTelefon: +381 11 2021 389<\/p>\n<p>Odgovornosti Posredni\u010dkog tijela za finansijsko upravljanje (PTFU) su sljede\u0107e:<br \/>\n\u2022 upravljanje postupcima nabavke, postupcima dodjele grantova i drugim postupcima ugovaranja, u skladu sa \u010dlanom 18, 19 i 22;<br \/>\n\u2022 osiguravanje da se aktivnosti biraju za finansiranje u skladu sa procedurama i kriterijumima koji se primjenjuju na Program, akciju, poziv na tender i na poziv za podno\u0161enje prijedloga projekata;<br \/>\n\u2022 zaklju\u010divanje ugovora i aneksa;<br \/>\n\u2022 autorizacija pla\u0107anja primaocima pomo\u0107i IPA III;<br \/>\n\u2022 autorizacija povra\u0107aja od primalaca pomo\u0107i IPA III.<\/p>","protected":false},"excerpt":{"rendered":"<p>Posredni\u010dko tijelo za finansijsko upravljanje (PTFU) za IPA Program prekograni\u010dne saradnje Srbija \u2013 Bosna i Hercegovina 2021-2027 je Vlada Republike Srbije, Sektor za ugovaranje i finansiranje Programa iz sredstava Evropske unije (CFCU) Republike Srbije. Sektor za ugovaranje i finansiranje Programa iz sredstava Evropske unije (CFCU) Adresa: Sremska 3-5, 11 000 Beograd, Telefon: +381 11 2021 [&hellip;]<\/p>\n","protected":false},"author":1,"featured_media":0,"parent":36,"menu_order":4,"comment_status":"closed","ping_status":"open","template":"","meta":{"ngg_post_thumbnail":0,"footnotes":"","_links_to":"","_links_to_target":""},"class_list":["post-41","page","type-page","status-publish","hentry"],"yoast_head":"<!-- This site is optimized with the Yoast SEO plugin v25.6 - https:\/\/yoast.com\/wordpress\/plugins\/seo\/ -->\n<title>Posredni\u010dko tijelo za finansijsko upravljanje - Cross-border Programme<\/title>\n<meta name=\"robots\" content=\"index, follow, max-snippet:-1, max-image-preview:large, max-video-preview:-1\" \/>\n<link rel=\"canonical\" href=\"https:\/\/srb-bih.org\/en\/strukture\/ugovorna-tela\/\" \/>\n<meta property=\"og:locale\" content=\"bs_BA\" \/>\n<meta property=\"og:type\" content=\"article\" \/>\n<meta property=\"og:title\" content=\"Posredni\u010dko tijelo za finansijsko upravljanje - Cross-border Programme\" \/>\n<meta property=\"og:description\" content=\"Posredni\u010dko tijelo za finansijsko upravljanje (PTFU) za IPA Program prekograni\u010dne saradnje Srbija \u2013 Bosna i Hercegovina 2021-2027 je Vlada Republike Srbije, Sektor za ugovaranje i finansiranje Programa iz sredstava Evropske unije (CFCU) Republike Srbije. Sektor za ugovaranje i finansiranje Programa iz sredstava Evropske unije (CFCU) Adresa: Sremska 3-5, 11 000 Beograd, Telefon: +381 11 2021 [&hellip;]\" \/>\n<meta property=\"og:url\" content=\"https:\/\/srb-bih.org\/en\/strukture\/ugovorna-tela\/\" \/>\n<meta property=\"og:site_name\" content=\"Cross-border Programme\" \/>\n<meta property=\"article:modified_time\" content=\"2024-02-12T11:10:24+00:00\" \/>\n<meta name=\"twitter:card\" content=\"summary_large_image\" \/>\n<meta name=\"twitter:label1\" content=\"Est. reading time\" \/>\n\t<meta name=\"twitter:data1\" content=\"1 minuta\" \/>\n<script type=\"application\/ld+json\" class=\"yoast-schema-graph\">{\"@context\":\"https:\/\/schema.org\",\"@graph\":[{\"@type\":\"WebPage\",\"@id\":\"https:\/\/srb-bih.org\/en\/strukture\/ugovorna-tela\/\",\"url\":\"https:\/\/srb-bih.org\/en\/strukture\/ugovorna-tela\/\",\"name\":\"[:en]The Intermediate Body for financial management[:sr]\u041f\u043e\u0441\u0440\u0435\u0434\u043d\u0438\u0447\u043a\u043e \u0442\u0435\u043b\u043e \u0437\u0430 \u0444\u0438\u043d\u0430\u043d\u0441\u0438\u0458\u0441\u043a\u043e \u0443\u043f\u0440\u0430\u0432\u0459\u0430\u045a\u0435[:ba]Posredni\u010dko tijelo za finansijsko upravljanje[:] - Cross-border Programme\",\"isPartOf\":{\"@id\":\"https:\/\/srb-bih.org\/en\/#website\"},\"datePublished\":\"2013-06-18T04:46:14+00:00\",\"dateModified\":\"2024-02-12T11:10:24+00:00\",\"breadcrumb\":{\"@id\":\"https:\/\/srb-bih.org\/en\/strukture\/ugovorna-tela\/#breadcrumb\"},\"inLanguage\":\"bs-BA\",\"potentialAction\":[{\"@type\":\"ReadAction\",\"target\":[\"https:\/\/srb-bih.org\/en\/strukture\/ugovorna-tela\/\"]}]},{\"@type\":\"BreadcrumbList\",\"@id\":\"https:\/\/srb-bih.org\/en\/strukture\/ugovorna-tela\/#breadcrumb\",\"itemListElement\":[{\"@type\":\"ListItem\",\"position\":1,\"name\":\"Home\",\"item\":\"https:\/\/srb-bih.org\/\"},{\"@type\":\"ListItem\",\"position\":2,\"name\":\"Structure\",\"item\":\"https:\/\/srb-bih.org\/en\/strukture\/\"},{\"@type\":\"ListItem\",\"position\":3,\"name\":\"The Intermediate Body for financial management\"}]},{\"@type\":\"WebSite\",\"@id\":\"https:\/\/srb-bih.org\/en\/#website\",\"url\":\"https:\/\/srb-bih.org\/en\/\",\"name\":\"Cross-border Programme\",\"description\":\"Common Ideas for a Better Future\",\"potentialAction\":[{\"@type\":\"SearchAction\",\"target\":{\"@type\":\"EntryPoint\",\"urlTemplate\":\"https:\/\/srb-bih.org\/en\/?s={search_term_string}\"},\"query-input\":{\"@type\":\"PropertyValueSpecification\",\"valueRequired\":true,\"valueName\":\"search_term_string\"}}],\"inLanguage\":\"bs-BA\"}]}<\/script>\n<!-- \/ Yoast SEO plugin. -->","yoast_head_json":{"title":"Posredni\u010dko tijelo za finansijsko upravljanje - Cross-border Programme","robots":{"index":"index","follow":"follow","max-snippet":"max-snippet:-1","max-image-preview":"max-image-preview:large","max-video-preview":"max-video-preview:-1"},"canonical":"https:\/\/srb-bih.org\/en\/strukture\/ugovorna-tela\/","og_locale":"bs_BA","og_type":"article","og_title":"Posredni\u010dko tijelo za finansijsko upravljanje - Cross-border Programme","og_description":"Posredni\u010dko tijelo za finansijsko upravljanje (PTFU) za IPA Program prekograni\u010dne saradnje Srbija \u2013 Bosna i Hercegovina 2021-2027 je Vlada Republike Srbije, Sektor za ugovaranje i finansiranje Programa iz sredstava Evropske unije (CFCU) Republike Srbije. Sektor za ugovaranje i finansiranje Programa iz sredstava Evropske unije (CFCU) Adresa: Sremska 3-5, 11 000 Beograd, Telefon: +381 11 2021 [&hellip;]","og_url":"https:\/\/srb-bih.org\/en\/strukture\/ugovorna-tela\/","og_site_name":"Cross-border Programme","article_modified_time":"2024-02-12T11:10:24+00:00","twitter_card":"summary_large_image","twitter_misc":{"Est. reading time":"1 minuta"},"schema":{"@context":"https:\/\/schema.org","@graph":[{"@type":"WebPage","@id":"https:\/\/srb-bih.org\/en\/strukture\/ugovorna-tela\/","url":"https:\/\/srb-bih.org\/en\/strukture\/ugovorna-tela\/","name":"[:en]The Intermediate Body for financial management[:sr]\u041f\u043e\u0441\u0440\u0435\u0434\u043d\u0438\u0447\u043a\u043e \u0442\u0435\u043b\u043e \u0437\u0430 \u0444\u0438\u043d\u0430\u043d\u0441\u0438\u0458\u0441\u043a\u043e \u0443\u043f\u0440\u0430\u0432\u0459\u0430\u045a\u0435[:ba]Posredni\u010dko tijelo za finansijsko upravljanje[:] - Cross-border Programme","isPartOf":{"@id":"https:\/\/srb-bih.org\/en\/#website"},"datePublished":"2013-06-18T04:46:14+00:00","dateModified":"2024-02-12T11:10:24+00:00","breadcrumb":{"@id":"https:\/\/srb-bih.org\/en\/strukture\/ugovorna-tela\/#breadcrumb"},"inLanguage":"bs-BA","potentialAction":[{"@type":"ReadAction","target":["https:\/\/srb-bih.org\/en\/strukture\/ugovorna-tela\/"]}]},{"@type":"BreadcrumbList","@id":"https:\/\/srb-bih.org\/en\/strukture\/ugovorna-tela\/#breadcrumb","itemListElement":[{"@type":"ListItem","position":1,"name":"Home","item":"https:\/\/srb-bih.org\/"},{"@type":"ListItem","position":2,"name":"Structure","item":"https:\/\/srb-bih.org\/en\/strukture\/"},{"@type":"ListItem","position":3,"name":"The Intermediate Body for financial management"}]},{"@type":"WebSite","@id":"https:\/\/srb-bih.org\/en\/#website","url":"https:\/\/srb-bih.org\/en\/","name":"Cross-border Programme","description":"Common Ideas for a Better Future","potentialAction":[{"@type":"SearchAction","target":{"@type":"EntryPoint","urlTemplate":"https:\/\/srb-bih.org\/en\/?s={search_term_string}"},"query-input":{"@type":"PropertyValueSpecification","valueRequired":true,"valueName":"search_term_string"}}],"inLanguage":"bs-BA"}]}},"_links":{"self":[{"href":"https:\/\/srb-bih.org\/ba\/wp-json\/wp\/v2\/pages\/41","targetHints":{"allow":["GET"]}}],"collection":[{"href":"https:\/\/srb-bih.org\/ba\/wp-json\/wp\/v2\/pages"}],"about":[{"href":"https:\/\/srb-bih.org\/ba\/wp-json\/wp\/v2\/types\/page"}],"author":[{"embeddable":true,"href":"https:\/\/srb-bih.org\/ba\/wp-json\/wp\/v2\/users\/1"}],"replies":[{"embeddable":true,"href":"https:\/\/srb-bih.org\/ba\/wp-json\/wp\/v2\/comments?post=41"}],"version-history":[{"count":28,"href":"https:\/\/srb-bih.org\/ba\/wp-json\/wp\/v2\/pages\/41\/revisions"}],"predecessor-version":[{"id":9354,"href":"https:\/\/srb-bih.org\/ba\/wp-json\/wp\/v2\/pages\/41\/revisions\/9354"}],"up":[{"embeddable":true,"href":"https:\/\/srb-bih.org\/ba\/wp-json\/wp\/v2\/pages\/36"}],"wp:attachment":[{"href":"https:\/\/srb-bih.org\/ba\/wp-json\/wp\/v2\/media?parent=41"}],"curies":[{"name":"wp","href":"https:\/\/api.w.org\/{rel}","templated":true}]}}