{"id":40,"date":"2013-06-18T04:45:02","date_gmt":"2013-06-18T04:45:02","guid":{"rendered":"http:\/\/localhost\/srb-bih\/?page_id=40"},"modified":"2024-02-09T22:39:40","modified_gmt":"2024-02-09T20:39:40","slug":"zts","status":"publish","type":"page","link":"https:\/\/srb-bih.org\/ba\/strukture\/zts\/","title":{"rendered":"Zajedni\u010dki tehni\u010dki sekretarijat (ZTS)"},"content":{"rendered":"<p><strong>Uspostavljanje i organizacija<\/strong><\/p>\n<p>U skladu s \u010dlanom 79. Okvirnog sporazuma, uspostavlja se Zajedni\u010dki tehni\u010dki sekretarijat koji \u0107e pomagati Komisiji, strukturama za prekograni\u010dnu saradnju, Upravnom tijelu, Zajedni\u010dkom nadzornom&nbsp; odboru.<\/p>\n<p>Zajedni\u010dki tehni\u010dki sekretarijat osnovan je za Program prekograni\u010dne saradnje Srbija-Bosna i Hercegovina 2021-2027, sa glavnim sedi\u0161tem u U\u017eicu, Republici Srbiji (Adresa: &nbsp;Nemanjina 52, U\u017eice, Antena (prate\u0107e tijelo) sa sjedi\u0161tem u Tuzli, BiH (Adresa: Turalibegova bb, TC Pasa\u017e<\/p>\n<p>75000 Tuzla).&nbsp;<\/p>\n<p><strong>Organizacija i osoblje zajedni\u010dkog tehni\u010dkog sekretarijata<\/strong><\/p>\n<p>ZTS \u010dine osoblje imenovano od strane oba operativna tijela. Broj i kvalifikacija osoblja odgovaraju zadacima definisanim u nastavku. Osoblje ZTS-a treba da pokriva relevantne jezike &#8211; srpski\/bosanski i engleski.<\/p>\n<p>Rad ZTS-a, uklju\u010duju\u0107i tro\u0161kove osoblja, finansira se iz prioriteta tehni\u010dke pomo\u0107i. Detaljnija pravila o radu ZTS-a uklju\u010dena su u bilateralni sporazum izme\u0111u operativnih struktura.<\/p>\n<p>Njegove aktivnosti \u0107e se sprovoditi prema godi\u0161njem planu rada koji godi\u0161nje odobri Zajedni\u010dki nadzorni &nbsp;odbor.<\/p>\n<p><strong>Zadaci ZTS-a<\/strong><\/p>\n<p>Zajedni\u010dki tehni\u010dki sekretarijat mo\u017ee biti odgovoran, u skladu s \u010dlanom 79(7) Okvirnog sporazuma, za sljede\u0107e zadatke:<\/p>\n<ul>\n<li>organizovanje sastanaka Zajedni\u010dkog nadzornog odbora, uklju\u010duju\u0107i izradu i distribuciju zapisnika;<\/li>\n<li>pomo\u0107 potencijalnim aplikantima u pronala\u017eenju partnera i razvoju projekata, organizovanje informativnih dana i radionica; razvoj i odr\u017eavanje mre\u017ee zainteresovanih strana;<\/li>\n<li>pomo\u0107 korisnicima i partnerima u implementaciji;<\/li>\n<li>priprema, sprovo\u0111enje i izvje\u0161tavanje o&nbsp; aktivnostima prekograni\u010dnih kooperativnih operacija;<\/li>\n<li>uspostavljanje sistema za prikupljanje pouzdanih informacija o implementaciji Programa prekograni\u010dne saradnje;<\/li>\n<li>priprema godi\u0161njih i finalnih izve\u0161taja o implementaciji Programa ;<\/li>\n<li>planiranje i sprovo\u0111enje kampanja informisanja i drugih aktivnosti vezanih za podizanje javne svijesti o Programu, uklju\u010duju\u0107i objavljivanje propagandnog materijala o Programu i odr\u017eavanje programskog veb-sajta.<\/li>\n<\/ul>\n<p>Pored toga, kroz podr\u0161ku i pra\u0107enje, Zajedni\u010dki tehni\u010dki sekretarijat \u0107e pru\u017eiti relevantne informacije Ugovornom organu koje ukazuju na potrebu za potencijalnim korektivnim mjerama u vezi sa samom implementacijom, a u skladu s njegovim du\u017enostima.<\/p>","protected":false},"excerpt":{"rendered":"<p>Uspostavljanje i organizacija U skladu s \u010dlanom 79. Okvirnog sporazuma, uspostavlja se Zajedni\u010dki tehni\u010dki sekretarijat koji \u0107e pomagati Komisiji, strukturama za prekograni\u010dnu saradnju, Upravnom tijelu, Zajedni\u010dkom nadzornom&nbsp; odboru. Zajedni\u010dki tehni\u010dki sekretarijat osnovan je za Program prekograni\u010dne saradnje Srbija-Bosna i Hercegovina 2021-2027, sa glavnim sedi\u0161tem u U\u017eicu, Republici Srbiji (Adresa: &nbsp;Nemanjina 52, U\u017eice, Antena (prate\u0107e tijelo) [&hellip;]<\/p>\n","protected":false},"author":1,"featured_media":0,"parent":36,"menu_order":3,"comment_status":"closed","ping_status":"open","template":"","meta":{"ngg_post_thumbnail":0,"footnotes":"","_links_to":"","_links_to_target":""},"class_list":["post-40","page","type-page","status-publish","hentry"],"yoast_head":"<!-- This site is optimized with the Yoast SEO plugin v25.6 - https:\/\/yoast.com\/wordpress\/plugins\/seo\/ -->\n<title>Zajedni\u010dki tehni\u010dki sekretarijat (ZTS) - Cross-border Programme<\/title>\n<meta name=\"robots\" content=\"index, follow, max-snippet:-1, max-image-preview:large, max-video-preview:-1\" \/>\n<link rel=\"canonical\" href=\"https:\/\/srb-bih.org\/sr\/strukture\/zts\/\" \/>\n<meta property=\"og:locale\" content=\"bs_BA\" \/>\n<meta property=\"og:type\" content=\"article\" \/>\n<meta property=\"og:title\" content=\"Zajedni\u010dki tehni\u010dki sekretarijat (ZTS) - Cross-border Programme\" \/>\n<meta property=\"og:description\" content=\"Uspostavljanje i organizacija U skladu s \u010dlanom 79. Okvirnog sporazuma, uspostavlja se Zajedni\u010dki tehni\u010dki sekretarijat koji \u0107e pomagati Komisiji, strukturama za prekograni\u010dnu saradnju, Upravnom tijelu, Zajedni\u010dkom nadzornom&nbsp; odboru. Zajedni\u010dki tehni\u010dki sekretarijat osnovan je za Program prekograni\u010dne saradnje Srbija-Bosna i Hercegovina 2021-2027, sa glavnim sedi\u0161tem u U\u017eicu, Republici Srbiji (Adresa: &nbsp;Nemanjina 52, U\u017eice, Antena (prate\u0107e tijelo) [&hellip;]\" \/>\n<meta property=\"og:url\" content=\"https:\/\/srb-bih.org\/sr\/strukture\/zts\/\" \/>\n<meta property=\"og:site_name\" content=\"Cross-border Programme\" \/>\n<meta property=\"article:modified_time\" content=\"2024-02-09T20:39:40+00:00\" \/>\n<meta name=\"twitter:card\" content=\"summary_large_image\" \/>\n<meta name=\"twitter:label1\" content=\"Est. reading time\" \/>\n\t<meta name=\"twitter:data1\" content=\"4 minute\" \/>\n<script type=\"application\/ld+json\" class=\"yoast-schema-graph\">{\"@context\":\"https:\/\/schema.org\",\"@graph\":[{\"@type\":\"WebPage\",\"@id\":\"https:\/\/srb-bih.org\/sr\/strukture\/zts\/\",\"url\":\"https:\/\/srb-bih.org\/sr\/strukture\/zts\/\",\"name\":\"[:en]Joint Technical Secretariat (JTS)[:sr]\u0417\u0430\u0458\u0435\u0434\u043d\u0438\u0447\u043a\u0438 \u0442\u0435\u0445\u043d\u0438\u0447\u043a\u0438 \u0441\u0435\u043a\u0440\u0435\u0442\u0435\u0440\u0438\u0458\u0430\u0442 (\u0417\u0422\u0421)[:ba]Zajedni\u010dki tehni\u010dki sekretarijat (ZTS)[:] - Cross-border Programme\",\"isPartOf\":{\"@id\":\"https:\/\/srb-bih.org\/en\/#website\"},\"datePublished\":\"2013-06-18T04:45:02+00:00\",\"dateModified\":\"2024-02-09T20:39:40+00:00\",\"breadcrumb\":{\"@id\":\"https:\/\/srb-bih.org\/sr\/strukture\/zts\/#breadcrumb\"},\"inLanguage\":\"bs-BA\",\"potentialAction\":[{\"@type\":\"ReadAction\",\"target\":[\"https:\/\/srb-bih.org\/sr\/strukture\/zts\/\"]}]},{\"@type\":\"BreadcrumbList\",\"@id\":\"https:\/\/srb-bih.org\/sr\/strukture\/zts\/#breadcrumb\",\"itemListElement\":[{\"@type\":\"ListItem\",\"position\":1,\"name\":\"Home\",\"item\":\"https:\/\/srb-bih.org\/\"},{\"@type\":\"ListItem\",\"position\":2,\"name\":\"Structure\",\"item\":\"https:\/\/srb-bih.org\/en\/strukture\/\"},{\"@type\":\"ListItem\",\"position\":3,\"name\":\"\u0417\u0430\u0458\u0435\u0434\u043d\u0438\u0447\u043a\u0438 \u0442\u0435\u0445\u043d\u0438\u0447\u043a\u0438 \u0441\u0435\u043a\u0440\u0435\u0442\u0435\u0440\u0438\u0458\u0430\u0442 (\u0417\u0422\u0421)\"}]},{\"@type\":\"WebSite\",\"@id\":\"https:\/\/srb-bih.org\/en\/#website\",\"url\":\"https:\/\/srb-bih.org\/en\/\",\"name\":\"Cross-border Programme\",\"description\":\"Common Ideas for a Better Future\",\"potentialAction\":[{\"@type\":\"SearchAction\",\"target\":{\"@type\":\"EntryPoint\",\"urlTemplate\":\"https:\/\/srb-bih.org\/en\/?s={search_term_string}\"},\"query-input\":{\"@type\":\"PropertyValueSpecification\",\"valueRequired\":true,\"valueName\":\"search_term_string\"}}],\"inLanguage\":\"bs-BA\"}]}<\/script>\n<!-- \/ Yoast SEO plugin. -->","yoast_head_json":{"title":"Zajedni\u010dki tehni\u010dki sekretarijat (ZTS) - Cross-border Programme","robots":{"index":"index","follow":"follow","max-snippet":"max-snippet:-1","max-image-preview":"max-image-preview:large","max-video-preview":"max-video-preview:-1"},"canonical":"https:\/\/srb-bih.org\/sr\/strukture\/zts\/","og_locale":"bs_BA","og_type":"article","og_title":"Zajedni\u010dki tehni\u010dki sekretarijat (ZTS) - Cross-border Programme","og_description":"Uspostavljanje i organizacija U skladu s \u010dlanom 79. Okvirnog sporazuma, uspostavlja se Zajedni\u010dki tehni\u010dki sekretarijat koji \u0107e pomagati Komisiji, strukturama za prekograni\u010dnu saradnju, Upravnom tijelu, Zajedni\u010dkom nadzornom&nbsp; odboru. Zajedni\u010dki tehni\u010dki sekretarijat osnovan je za Program prekograni\u010dne saradnje Srbija-Bosna i Hercegovina 2021-2027, sa glavnim sedi\u0161tem u U\u017eicu, Republici Srbiji (Adresa: &nbsp;Nemanjina 52, U\u017eice, Antena (prate\u0107e tijelo) [&hellip;]","og_url":"https:\/\/srb-bih.org\/sr\/strukture\/zts\/","og_site_name":"Cross-border Programme","article_modified_time":"2024-02-09T20:39:40+00:00","twitter_card":"summary_large_image","twitter_misc":{"Est. reading time":"4 minute"},"schema":{"@context":"https:\/\/schema.org","@graph":[{"@type":"WebPage","@id":"https:\/\/srb-bih.org\/sr\/strukture\/zts\/","url":"https:\/\/srb-bih.org\/sr\/strukture\/zts\/","name":"[:en]Joint Technical Secretariat (JTS)[:sr]\u0417\u0430\u0458\u0435\u0434\u043d\u0438\u0447\u043a\u0438 \u0442\u0435\u0445\u043d\u0438\u0447\u043a\u0438 \u0441\u0435\u043a\u0440\u0435\u0442\u0435\u0440\u0438\u0458\u0430\u0442 (\u0417\u0422\u0421)[:ba]Zajedni\u010dki tehni\u010dki sekretarijat (ZTS)[:] - Cross-border Programme","isPartOf":{"@id":"https:\/\/srb-bih.org\/en\/#website"},"datePublished":"2013-06-18T04:45:02+00:00","dateModified":"2024-02-09T20:39:40+00:00","breadcrumb":{"@id":"https:\/\/srb-bih.org\/sr\/strukture\/zts\/#breadcrumb"},"inLanguage":"bs-BA","potentialAction":[{"@type":"ReadAction","target":["https:\/\/srb-bih.org\/sr\/strukture\/zts\/"]}]},{"@type":"BreadcrumbList","@id":"https:\/\/srb-bih.org\/sr\/strukture\/zts\/#breadcrumb","itemListElement":[{"@type":"ListItem","position":1,"name":"Home","item":"https:\/\/srb-bih.org\/"},{"@type":"ListItem","position":2,"name":"Structure","item":"https:\/\/srb-bih.org\/en\/strukture\/"},{"@type":"ListItem","position":3,"name":"\u0417\u0430\u0458\u0435\u0434\u043d\u0438\u0447\u043a\u0438 \u0442\u0435\u0445\u043d\u0438\u0447\u043a\u0438 \u0441\u0435\u043a\u0440\u0435\u0442\u0435\u0440\u0438\u0458\u0430\u0442 (\u0417\u0422\u0421)"}]},{"@type":"WebSite","@id":"https:\/\/srb-bih.org\/en\/#website","url":"https:\/\/srb-bih.org\/en\/","name":"Cross-border Programme","description":"Common Ideas for a Better Future","potentialAction":[{"@type":"SearchAction","target":{"@type":"EntryPoint","urlTemplate":"https:\/\/srb-bih.org\/en\/?s={search_term_string}"},"query-input":{"@type":"PropertyValueSpecification","valueRequired":true,"valueName":"search_term_string"}}],"inLanguage":"bs-BA"}]}},"_links":{"self":[{"href":"https:\/\/srb-bih.org\/ba\/wp-json\/wp\/v2\/pages\/40","targetHints":{"allow":["GET"]}}],"collection":[{"href":"https:\/\/srb-bih.org\/ba\/wp-json\/wp\/v2\/pages"}],"about":[{"href":"https:\/\/srb-bih.org\/ba\/wp-json\/wp\/v2\/types\/page"}],"author":[{"embeddable":true,"href":"https:\/\/srb-bih.org\/ba\/wp-json\/wp\/v2\/users\/1"}],"replies":[{"embeddable":true,"href":"https:\/\/srb-bih.org\/ba\/wp-json\/wp\/v2\/comments?post=40"}],"version-history":[{"count":8,"href":"https:\/\/srb-bih.org\/ba\/wp-json\/wp\/v2\/pages\/40\/revisions"}],"predecessor-version":[{"id":9303,"href":"https:\/\/srb-bih.org\/ba\/wp-json\/wp\/v2\/pages\/40\/revisions\/9303"}],"up":[{"embeddable":true,"href":"https:\/\/srb-bih.org\/ba\/wp-json\/wp\/v2\/pages\/36"}],"wp:attachment":[{"href":"https:\/\/srb-bih.org\/ba\/wp-json\/wp\/v2\/media?parent=40"}],"curies":[{"name":"wp","href":"https:\/\/api.w.org\/{rel}","templated":true}]}}