{"id":38,"date":"2013-06-18T04:42:38","date_gmt":"2013-06-18T04:42:38","guid":{"rendered":"http:\/\/localhost\/srb-bih\/?page_id=38"},"modified":"2024-02-09T23:07:18","modified_gmt":"2024-02-09T21:07:18","slug":"zno","status":"publish","type":"page","link":"https:\/\/srb-bih.org\/ba\/strukture\/zno\/","title":{"rendered":"Zajedni\u010dki nadzorni odbor"},"content":{"rendered":"<p>Zajedni\u010dki nadzorni &nbsp;odbor za pra\u0107enje IPA Program prekograni\u010dne saradnje Srbija \u2013 Bosna i Hercegovina 2021-2027, je stalno tijelo koje je osnovano u skladu s \u010dlanom 52.2. Pravilnika Komisije 447\/2014 od 2. maja 2014. o specifi\u010dnim pravilima za sprovo\u0111enje uredbi (EU) br. 231\/2014 Evropskog parlamenta i Savjeta o uspostavljanju Instrumenta za pretpristupnu pomo\u0107 (&#8220;Pravilnik o sprovo\u0111enju IPA III&#8221;), i \u010dlanom 78. Okvirnog sporazuma.<\/p>\n<p>U\u010desni\u010dke zemlje treba da uspostave Zajedni\u010dki nadzorni odbor najkasnije \u0161est mjeseci od stupanja na snagu prvog sporazuma o finansiranju.<\/p>\n<p>Kako bi ispunio svoju ulogu u skladu s \u010dlanom 78. Okvirnog sporazuma, Zajedni\u010dki nadzorni odbor ima sljede\u0107e zadatke:<\/p>\n<p>(a) odgovoran je za identifikaciju tematskih prioriteta, specifi\u010dnih ciljeva, ciljnih korisnika i specifi\u010dnog fokusa svakog Poziva za podno\u0161enje prijedloga koji treba da budu odobreni od strane Komisije;<\/p>\n<p>(b) razmatra i daje savjetodavno mi\u0161ljenje o listi operacija odabranih putem Poziva za podno\u0161enje prijedloga projekata prije dono\u0161enja odluke o dodjeli grantova. Ugovorni organ \u0107e donijeti kona\u010dnu odluku o dodjeli grantova;<\/p>\n<p>(c) pregleda napredak u postizanju specifi\u010dnih ciljeva, o\u010dekivanih rezultata i ciljeva po tematskom prioritetu kako je utvr\u0111eno u prekograni\u010dnom programu saradnje, na osnovu informacija koje pru\u017eaju operativne strukture u\u010desni\u010dkih zemalja. Napredak se prati na osnovu pokazatelja postavljenih u Programu;<\/p>\n<p>(d) pregleda relevantne nalaze i zaklju\u010dke, kao i prijedloge za popravljanje akcija koja proizilaze iz provjere na licu mjesta, monitoringa i evaluacija, ako su dostupni;<\/p>\n<p>(e) odobrava bilo koji prijedlog za reviziju Programa. Kada je potrebno, mo\u017ee predlo\u017eiti izmjene Programa &nbsp;kao \u0161to je predvi\u0111eno \u010dlanom 68. Okvirnog sporazuma, kako bi se osiguralo postizanje ciljeva prekograni\u010dnog programa saradnje i pobolj\u0161ala efikasnost, efektivnost, uticaj i odr\u017eivost pomo\u0107i IPA III. Tako\u0111e Zajedni\u010dki nadzorni odbor mo\u017ee dati preporuke o tome kako unaprijediti implementaciju prekograni\u010dnog programa saradnje;<\/p>\n<p>(f) pregleda i odobrava plan komunikacija i vidljivosti Programa;<\/p>\n<p>(g) pregleda i odobrava plan evaluacije koji se odnosi na \u010dlan 57(2) Okvirnog sporazuma;<\/p>\n<p>(h) pregleda i odobrava godi\u0161nje i zavr\u0161ne izvje\u0161taje o implementaciji navedene u \u010dlanu 80 Okvirnog sporazuma;<\/p>\n<p>(i) pregleda i odobrava godi\u0161nji radni plan Zajedni\u010dkog tehni\u010dkog sekretarijata.<\/p>\n<p>Zajedni\u010dki nadzorni odbor treba da se sastaje najmanje dva puta godi\u0161nje. Tako\u0111e, iznenadni sastanci mogu biti sazvani na inicijativu u\u010desni\u010dkih zemalja ili Komisije. Predsjedavaju\u0107i, u saradnji s partnerima i uz podr\u0161ku ZTS-a, odgovoran je za organizaciju sastanka. Po potrebi, sastanci se mogu organizovati putem video konferencije.<\/p>","protected":false},"excerpt":{"rendered":"<p>Zajedni\u010dki nadzorni &nbsp;odbor za pra\u0107enje IPA Program prekograni\u010dne saradnje Srbija \u2013 Bosna i Hercegovina 2021-2027, je stalno tijelo koje je osnovano u skladu s \u010dlanom 52.2. Pravilnika Komisije 447\/2014 od 2. maja 2014. o specifi\u010dnim pravilima za sprovo\u0111enje uredbi (EU) br. 231\/2014 Evropskog parlamenta i Savjeta o uspostavljanju Instrumenta za pretpristupnu pomo\u0107 (&#8220;Pravilnik o sprovo\u0111enju [&hellip;]<\/p>\n","protected":false},"author":1,"featured_media":0,"parent":36,"menu_order":2,"comment_status":"closed","ping_status":"open","template":"","meta":{"ngg_post_thumbnail":0,"footnotes":"","_links_to":"","_links_to_target":""},"class_list":["post-38","page","type-page","status-publish","hentry"],"yoast_head":"<!-- This site is optimized with the Yoast SEO plugin v25.6 - https:\/\/yoast.com\/wordpress\/plugins\/seo\/ -->\n<title>Zajedni\u010dki nadzorni odbor - Cross-border Programme<\/title>\n<meta name=\"robots\" content=\"index, follow, max-snippet:-1, max-image-preview:large, max-video-preview:-1\" \/>\n<link rel=\"canonical\" href=\"https:\/\/srb-bih.org\/en\/strukture\/zno\/\" \/>\n<meta property=\"og:locale\" content=\"bs_BA\" \/>\n<meta property=\"og:type\" content=\"article\" \/>\n<meta property=\"og:title\" content=\"Zajedni\u010dki nadzorni odbor - Cross-border Programme\" \/>\n<meta property=\"og:description\" content=\"Zajedni\u010dki nadzorni &nbsp;odbor za pra\u0107enje IPA Program prekograni\u010dne saradnje Srbija \u2013 Bosna i Hercegovina 2021-2027, je stalno tijelo koje je osnovano u skladu s \u010dlanom 52.2. Pravilnika Komisije 447\/2014 od 2. maja 2014. o specifi\u010dnim pravilima za sprovo\u0111enje uredbi (EU) br. 231\/2014 Evropskog parlamenta i Savjeta o uspostavljanju Instrumenta za pretpristupnu pomo\u0107 (&#8220;Pravilnik o sprovo\u0111enju [&hellip;]\" \/>\n<meta property=\"og:url\" content=\"https:\/\/srb-bih.org\/en\/strukture\/zno\/\" \/>\n<meta property=\"og:site_name\" content=\"Cross-border Programme\" \/>\n<meta property=\"article:modified_time\" content=\"2024-02-09T21:07:18+00:00\" \/>\n<meta name=\"twitter:card\" content=\"summary_large_image\" \/>\n<meta name=\"twitter:label1\" content=\"Est. reading time\" \/>\n\t<meta name=\"twitter:data1\" content=\"4 minute\" \/>\n<script type=\"application\/ld+json\" class=\"yoast-schema-graph\">{\"@context\":\"https:\/\/schema.org\",\"@graph\":[{\"@type\":\"WebPage\",\"@id\":\"https:\/\/srb-bih.org\/en\/strukture\/zno\/\",\"url\":\"https:\/\/srb-bih.org\/en\/strukture\/zno\/\",\"name\":\"[:en]Joint Monitoring Committee[:sr]\u0417\u0430\u0458\u0435\u0434\u043d\u0438\u0447\u043a\u0438 \u043d\u0430\u0434\u0437\u043e\u0440\u043d\u0438 \u043e\u0434\u0431\u043e\u0440[:ba]Zajedni\u010dki nadzorni odbor[:] - Cross-border Programme\",\"isPartOf\":{\"@id\":\"https:\/\/srb-bih.org\/en\/#website\"},\"datePublished\":\"2013-06-18T04:42:38+00:00\",\"dateModified\":\"2024-02-09T21:07:18+00:00\",\"breadcrumb\":{\"@id\":\"https:\/\/srb-bih.org\/en\/strukture\/zno\/#breadcrumb\"},\"inLanguage\":\"bs-BA\",\"potentialAction\":[{\"@type\":\"ReadAction\",\"target\":[\"https:\/\/srb-bih.org\/en\/strukture\/zno\/\"]}]},{\"@type\":\"BreadcrumbList\",\"@id\":\"https:\/\/srb-bih.org\/en\/strukture\/zno\/#breadcrumb\",\"itemListElement\":[{\"@type\":\"ListItem\",\"position\":1,\"name\":\"Home\",\"item\":\"https:\/\/srb-bih.org\/\"},{\"@type\":\"ListItem\",\"position\":2,\"name\":\"Structure\",\"item\":\"https:\/\/srb-bih.org\/en\/strukture\/\"},{\"@type\":\"ListItem\",\"position\":3,\"name\":\"Joint Monitoring Committee\"}]},{\"@type\":\"WebSite\",\"@id\":\"https:\/\/srb-bih.org\/en\/#website\",\"url\":\"https:\/\/srb-bih.org\/en\/\",\"name\":\"Cross-border Programme\",\"description\":\"Common Ideas for a Better Future\",\"potentialAction\":[{\"@type\":\"SearchAction\",\"target\":{\"@type\":\"EntryPoint\",\"urlTemplate\":\"https:\/\/srb-bih.org\/en\/?s={search_term_string}\"},\"query-input\":{\"@type\":\"PropertyValueSpecification\",\"valueRequired\":true,\"valueName\":\"search_term_string\"}}],\"inLanguage\":\"bs-BA\"}]}<\/script>\n<!-- \/ Yoast SEO plugin. -->","yoast_head_json":{"title":"Zajedni\u010dki nadzorni odbor - Cross-border Programme","robots":{"index":"index","follow":"follow","max-snippet":"max-snippet:-1","max-image-preview":"max-image-preview:large","max-video-preview":"max-video-preview:-1"},"canonical":"https:\/\/srb-bih.org\/en\/strukture\/zno\/","og_locale":"bs_BA","og_type":"article","og_title":"Zajedni\u010dki nadzorni odbor - Cross-border Programme","og_description":"Zajedni\u010dki nadzorni &nbsp;odbor za pra\u0107enje IPA Program prekograni\u010dne saradnje Srbija \u2013 Bosna i Hercegovina 2021-2027, je stalno tijelo koje je osnovano u skladu s \u010dlanom 52.2. Pravilnika Komisije 447\/2014 od 2. maja 2014. o specifi\u010dnim pravilima za sprovo\u0111enje uredbi (EU) br. 231\/2014 Evropskog parlamenta i Savjeta o uspostavljanju Instrumenta za pretpristupnu pomo\u0107 (&#8220;Pravilnik o sprovo\u0111enju [&hellip;]","og_url":"https:\/\/srb-bih.org\/en\/strukture\/zno\/","og_site_name":"Cross-border Programme","article_modified_time":"2024-02-09T21:07:18+00:00","twitter_card":"summary_large_image","twitter_misc":{"Est. reading time":"4 minute"},"schema":{"@context":"https:\/\/schema.org","@graph":[{"@type":"WebPage","@id":"https:\/\/srb-bih.org\/en\/strukture\/zno\/","url":"https:\/\/srb-bih.org\/en\/strukture\/zno\/","name":"[:en]Joint Monitoring Committee[:sr]\u0417\u0430\u0458\u0435\u0434\u043d\u0438\u0447\u043a\u0438 \u043d\u0430\u0434\u0437\u043e\u0440\u043d\u0438 \u043e\u0434\u0431\u043e\u0440[:ba]Zajedni\u010dki nadzorni odbor[:] - Cross-border Programme","isPartOf":{"@id":"https:\/\/srb-bih.org\/en\/#website"},"datePublished":"2013-06-18T04:42:38+00:00","dateModified":"2024-02-09T21:07:18+00:00","breadcrumb":{"@id":"https:\/\/srb-bih.org\/en\/strukture\/zno\/#breadcrumb"},"inLanguage":"bs-BA","potentialAction":[{"@type":"ReadAction","target":["https:\/\/srb-bih.org\/en\/strukture\/zno\/"]}]},{"@type":"BreadcrumbList","@id":"https:\/\/srb-bih.org\/en\/strukture\/zno\/#breadcrumb","itemListElement":[{"@type":"ListItem","position":1,"name":"Home","item":"https:\/\/srb-bih.org\/"},{"@type":"ListItem","position":2,"name":"Structure","item":"https:\/\/srb-bih.org\/en\/strukture\/"},{"@type":"ListItem","position":3,"name":"Joint Monitoring Committee"}]},{"@type":"WebSite","@id":"https:\/\/srb-bih.org\/en\/#website","url":"https:\/\/srb-bih.org\/en\/","name":"Cross-border Programme","description":"Common Ideas for a Better Future","potentialAction":[{"@type":"SearchAction","target":{"@type":"EntryPoint","urlTemplate":"https:\/\/srb-bih.org\/en\/?s={search_term_string}"},"query-input":{"@type":"PropertyValueSpecification","valueRequired":true,"valueName":"search_term_string"}}],"inLanguage":"bs-BA"}]}},"_links":{"self":[{"href":"https:\/\/srb-bih.org\/ba\/wp-json\/wp\/v2\/pages\/38","targetHints":{"allow":["GET"]}}],"collection":[{"href":"https:\/\/srb-bih.org\/ba\/wp-json\/wp\/v2\/pages"}],"about":[{"href":"https:\/\/srb-bih.org\/ba\/wp-json\/wp\/v2\/types\/page"}],"author":[{"embeddable":true,"href":"https:\/\/srb-bih.org\/ba\/wp-json\/wp\/v2\/users\/1"}],"replies":[{"embeddable":true,"href":"https:\/\/srb-bih.org\/ba\/wp-json\/wp\/v2\/comments?post=38"}],"version-history":[{"count":14,"href":"https:\/\/srb-bih.org\/ba\/wp-json\/wp\/v2\/pages\/38\/revisions"}],"predecessor-version":[{"id":9308,"href":"https:\/\/srb-bih.org\/ba\/wp-json\/wp\/v2\/pages\/38\/revisions\/9308"}],"up":[{"embeddable":true,"href":"https:\/\/srb-bih.org\/ba\/wp-json\/wp\/v2\/pages\/36"}],"wp:attachment":[{"href":"https:\/\/srb-bih.org\/ba\/wp-json\/wp\/v2\/media?parent=38"}],"curies":[{"name":"wp","href":"https:\/\/api.w.org\/{rel}","templated":true}]}}