{"id":34,"date":"2013-06-18T04:38:04","date_gmt":"2013-06-18T04:38:04","guid":{"rendered":"http:\/\/localhost\/srb-bih\/?page_id=34"},"modified":"2024-02-12T20:33:07","modified_gmt":"2024-02-12T18:33:07","slug":"operativne-strukture","status":"publish","type":"page","link":"https:\/\/srb-bih.org\/ba\/strukture\/operativne-strukture\/","title":{"rendered":"Operativne strukture"},"content":{"rendered":"<p>Operativna struktura(e) treba da budu uspostavljena od strane IPA III korisnika kako bi sproveli i upravljali pomo\u0107u IPA III (\u010clan 10, Pravilnik o sprovo\u0111enju IPA III).<\/p>\n<p>Operativne strukture unutar IPA III Programa prekograni\u010dne saradnje Srbija \u2013 Bosna i Hercegovina 2021-2027 su:<\/p>\n<table style=\"height: 643px;\" width=\"930\">\n<tbody>\n<tr>\n<td width=\"283\">Republika Srbija<\/td>\n<td width=\"282\">Bosna i Hercegovina<\/td>\n<\/tr>\n<tr>\n<td width=\"283\">IPA&nbsp; Upravlja\u010dko telo<\/td>\n<td width=\"282\">Strukture programa<\/td>\n<\/tr>\n<tr>\n<td width=\"283\">Vlada Republike Srbije<\/p>\n<p>Ministarstvo za evropske integracije<\/p>\n<p>&nbsp;Nemanjina 34<\/p>\n<p>&nbsp;11000 Beograd, Srbija<\/p>\n<p>&nbsp;<\/td>\n<td width=\"282\">Direkcija za evropske integracije<\/p>\n<p>\u0110oke Mazali\u0107a 5<\/p>\n<p>71000 Sarajevo, BIH<\/td>\n<\/tr>\n<tr>\n<td width=\"283\">Posredni\u010dko telo za finansijsko upravljanje (PTFU) &nbsp;&nbsp;&nbsp;&nbsp;&nbsp;&nbsp;&nbsp;&nbsp;<\/td>\n<td width=\"282\">Kontrolno telo<\/td>\n<\/tr>\n<tr>\n<td width=\"283\">Vlada Republike Srbije<\/p>\n<p>Ministarstvo finansija<\/p>\n<p>&nbsp;Sektor za ugovaranje i finansiranje Programa iz sredstava Evropske unije<\/p>\n<p>Sremska 3-5, 11 000 Beograd<\/td>\n<td width=\"282\">Ministarstvo finansija i trezora BiH<\/p>\n<p>Sektor za finansiranje programa i projekata pomoci Evropske unije<\/p>\n<p>Trg BiH 1<\/p>\n<p>71000 Sarajevo<\/td>\n<\/tr>\n<\/tbody>\n<\/table>\n<p><strong>&nbsp;<\/strong><\/p>\n<p><strong>Strukture i ovla\u0161\u0107enja<\/strong><\/p>\n<p>&nbsp;&nbsp;&nbsp; U upravljanju programima prekograni\u010dne saradnje kod korisnika IPA III u\u010destvuju sljede\u0107e strukture:<\/p>\n<p>&nbsp;&nbsp;&nbsp; (a) NIPAK zemalja koje u\u010destvuju u programu prekograni\u010dne saradnje i, gdje je primjenjivo, koordinatori teritorijalne saradnje, koji su zajedno odgovorni za osiguravanje da ciljevi navedeni u predlo\u017eenim Programima prekograni\u010dne saradnje budu usagla\u0161eni sa ciljevima u IPA III okviru programiranja;<\/p>\n<p>&nbsp;&nbsp;&nbsp; (b) NAO i Struktura upravljanja vode\u0107eg korisnika IPA III kada se Program prekograni\u010dne saradnje sprovodi u indirektnom upravljanju;<\/p>\n<p>&nbsp;&nbsp;&nbsp; (v) Strukture prekograni\u010dne saradnje u svim u\u010desnicima korisnicima IPA-a koji \u0107e blisko sara\u0111ivati u programiranju i sprovo\u0111enju relevantnog Programa prekograni\u010dne saradnje. U slu\u010daju indirektnog upravljanja, struktura prekograni\u010dne saradnje kod vode\u0107eg korisnika IPA III obavlja\u0107e zadatke Upravnog tijela. Upravno tijelo \u0107e odrediti Me\u0111uorganizacije.<\/p>\n<p>&nbsp;&nbsp;&nbsp; (g) Revizorski organ kako je navedeno u \u010dlanu 10(1), ta\u010dka (e), kada se Program prekograni\u010dne saradnje sprovodi u neizravnom upravljanju s korisnikom IPA III.<\/p>\n<p>&nbsp;&nbsp;&nbsp; Korisnici IPA III i zemlje pod Evropskim instrumentom za susjedstvo koje u\u010destvuju u Programu prekograni\u010dne saradnje uspostavi\u0107e Zajedni\u010dki nadzorni odbor koji \u0107e obavljati ulogu sektorskog monitoring odbora kako je navedeno u \u010dlanu 19.<\/p>\n<p>&nbsp;&nbsp;&nbsp; Treba uspostaviti Zajedni\u010dki tehni\u010dki sekretarijat kako bi pomogao Komisiji, operativnim strukturama i Zajedni\u010dkom nadzornom odboru za pra\u0107enje.<\/p>\n<p>&nbsp;&nbsp;&nbsp; Operativna struktura je odgovorna za implementaciju, informisanje i vidljivost, pra\u0107enje i izvje\u0161tavanje o Programima, kao i evaluaciju istih kada je potrebno, u skladu sa principima zdravog finansijskog upravljanja, i za osiguranje zakonitosti i regularnosti tro\u0161kova nastalih tokom sprovo\u0111enja Programa pod njegovom odgovorno\u0161\u0107u.<\/p>","protected":false},"excerpt":{"rendered":"<p>Operativna struktura(e) treba da budu uspostavljena od strane IPA III korisnika kako bi sproveli i upravljali pomo\u0107u IPA III (\u010clan 10, Pravilnik o sprovo\u0111enju IPA III). Operativne strukture unutar IPA III Programa prekograni\u010dne saradnje Srbija \u2013 Bosna i Hercegovina 2021-2027 su: Republika Srbija Bosna i Hercegovina IPA&nbsp; Upravlja\u010dko telo Strukture programa Vlada Republike Srbije Ministarstvo [&hellip;]<\/p>\n","protected":false},"author":1,"featured_media":0,"parent":36,"menu_order":1,"comment_status":"closed","ping_status":"open","template":"","meta":{"ngg_post_thumbnail":0,"footnotes":"","_links_to":"","_links_to_target":""},"class_list":["post-34","page","type-page","status-publish","hentry"],"yoast_head":"<!-- This site is optimized with the Yoast SEO plugin v25.6 - https:\/\/yoast.com\/wordpress\/plugins\/seo\/ -->\n<title>Operativne strukture - Cross-border Programme<\/title>\n<meta name=\"robots\" content=\"index, follow, max-snippet:-1, max-image-preview:large, max-video-preview:-1\" \/>\n<link rel=\"canonical\" href=\"https:\/\/srb-bih.org\/en\/strukture\/operativne-strukture\/\" \/>\n<meta property=\"og:locale\" content=\"bs_BA\" \/>\n<meta property=\"og:type\" content=\"article\" \/>\n<meta property=\"og:title\" content=\"Operativne strukture - Cross-border Programme\" \/>\n<meta property=\"og:description\" content=\"Operativna struktura(e) treba da budu uspostavljena od strane IPA III korisnika kako bi sproveli i upravljali pomo\u0107u IPA III (\u010clan 10, Pravilnik o sprovo\u0111enju IPA III). Operativne strukture unutar IPA III Programa prekograni\u010dne saradnje Srbija \u2013 Bosna i Hercegovina 2021-2027 su: Republika Srbija Bosna i Hercegovina IPA&nbsp; Upravlja\u010dko telo Strukture programa Vlada Republike Srbije Ministarstvo [&hellip;]\" \/>\n<meta property=\"og:url\" content=\"https:\/\/srb-bih.org\/en\/strukture\/operativne-strukture\/\" \/>\n<meta property=\"og:site_name\" content=\"Cross-border Programme\" \/>\n<meta property=\"article:modified_time\" content=\"2024-02-12T18:33:07+00:00\" \/>\n<meta name=\"twitter:card\" content=\"summary_large_image\" \/>\n<meta name=\"twitter:label1\" content=\"Est. reading time\" \/>\n\t<meta name=\"twitter:data1\" content=\"4 minute\" \/>\n<script type=\"application\/ld+json\" class=\"yoast-schema-graph\">{\"@context\":\"https:\/\/schema.org\",\"@graph\":[{\"@type\":\"WebPage\",\"@id\":\"https:\/\/srb-bih.org\/en\/strukture\/operativne-strukture\/\",\"url\":\"https:\/\/srb-bih.org\/en\/strukture\/operativne-strukture\/\",\"name\":\"[:en]Operating Structures[:sr]O\u043f\u0435\u0440\u0430\u0442\u0438\u0432\u043d\u0435 \u0441\u0442\u0440\u0443\u043a\u0442\u0443\u0440\u0435[:ba]Operativne strukture[:] - Cross-border Programme\",\"isPartOf\":{\"@id\":\"https:\/\/srb-bih.org\/en\/#website\"},\"datePublished\":\"2013-06-18T04:38:04+00:00\",\"dateModified\":\"2024-02-12T18:33:07+00:00\",\"breadcrumb\":{\"@id\":\"https:\/\/srb-bih.org\/en\/strukture\/operativne-strukture\/#breadcrumb\"},\"inLanguage\":\"bs-BA\",\"potentialAction\":[{\"@type\":\"ReadAction\",\"target\":[\"https:\/\/srb-bih.org\/en\/strukture\/operativne-strukture\/\"]}]},{\"@type\":\"BreadcrumbList\",\"@id\":\"https:\/\/srb-bih.org\/en\/strukture\/operativne-strukture\/#breadcrumb\",\"itemListElement\":[{\"@type\":\"ListItem\",\"position\":1,\"name\":\"Home\",\"item\":\"https:\/\/srb-bih.org\/\"},{\"@type\":\"ListItem\",\"position\":2,\"name\":\"Structure\",\"item\":\"https:\/\/srb-bih.org\/en\/strukture\/\"},{\"@type\":\"ListItem\",\"position\":3,\"name\":\"Operating Structures\"}]},{\"@type\":\"WebSite\",\"@id\":\"https:\/\/srb-bih.org\/en\/#website\",\"url\":\"https:\/\/srb-bih.org\/en\/\",\"name\":\"Cross-border Programme\",\"description\":\"Common Ideas for a Better Future\",\"potentialAction\":[{\"@type\":\"SearchAction\",\"target\":{\"@type\":\"EntryPoint\",\"urlTemplate\":\"https:\/\/srb-bih.org\/en\/?s={search_term_string}\"},\"query-input\":{\"@type\":\"PropertyValueSpecification\",\"valueRequired\":true,\"valueName\":\"search_term_string\"}}],\"inLanguage\":\"bs-BA\"}]}<\/script>\n<!-- \/ Yoast SEO plugin. -->","yoast_head_json":{"title":"Operativne strukture - Cross-border Programme","robots":{"index":"index","follow":"follow","max-snippet":"max-snippet:-1","max-image-preview":"max-image-preview:large","max-video-preview":"max-video-preview:-1"},"canonical":"https:\/\/srb-bih.org\/en\/strukture\/operativne-strukture\/","og_locale":"bs_BA","og_type":"article","og_title":"Operativne strukture - Cross-border Programme","og_description":"Operativna struktura(e) treba da budu uspostavljena od strane IPA III korisnika kako bi sproveli i upravljali pomo\u0107u IPA III (\u010clan 10, Pravilnik o sprovo\u0111enju IPA III). Operativne strukture unutar IPA III Programa prekograni\u010dne saradnje Srbija \u2013 Bosna i Hercegovina 2021-2027 su: Republika Srbija Bosna i Hercegovina IPA&nbsp; Upravlja\u010dko telo Strukture programa Vlada Republike Srbije Ministarstvo [&hellip;]","og_url":"https:\/\/srb-bih.org\/en\/strukture\/operativne-strukture\/","og_site_name":"Cross-border Programme","article_modified_time":"2024-02-12T18:33:07+00:00","twitter_card":"summary_large_image","twitter_misc":{"Est. reading time":"4 minute"},"schema":{"@context":"https:\/\/schema.org","@graph":[{"@type":"WebPage","@id":"https:\/\/srb-bih.org\/en\/strukture\/operativne-strukture\/","url":"https:\/\/srb-bih.org\/en\/strukture\/operativne-strukture\/","name":"[:en]Operating Structures[:sr]O\u043f\u0435\u0440\u0430\u0442\u0438\u0432\u043d\u0435 \u0441\u0442\u0440\u0443\u043a\u0442\u0443\u0440\u0435[:ba]Operativne strukture[:] - Cross-border Programme","isPartOf":{"@id":"https:\/\/srb-bih.org\/en\/#website"},"datePublished":"2013-06-18T04:38:04+00:00","dateModified":"2024-02-12T18:33:07+00:00","breadcrumb":{"@id":"https:\/\/srb-bih.org\/en\/strukture\/operativne-strukture\/#breadcrumb"},"inLanguage":"bs-BA","potentialAction":[{"@type":"ReadAction","target":["https:\/\/srb-bih.org\/en\/strukture\/operativne-strukture\/"]}]},{"@type":"BreadcrumbList","@id":"https:\/\/srb-bih.org\/en\/strukture\/operativne-strukture\/#breadcrumb","itemListElement":[{"@type":"ListItem","position":1,"name":"Home","item":"https:\/\/srb-bih.org\/"},{"@type":"ListItem","position":2,"name":"Structure","item":"https:\/\/srb-bih.org\/en\/strukture\/"},{"@type":"ListItem","position":3,"name":"Operating Structures"}]},{"@type":"WebSite","@id":"https:\/\/srb-bih.org\/en\/#website","url":"https:\/\/srb-bih.org\/en\/","name":"Cross-border Programme","description":"Common Ideas for a Better Future","potentialAction":[{"@type":"SearchAction","target":{"@type":"EntryPoint","urlTemplate":"https:\/\/srb-bih.org\/en\/?s={search_term_string}"},"query-input":{"@type":"PropertyValueSpecification","valueRequired":true,"valueName":"search_term_string"}}],"inLanguage":"bs-BA"}]}},"_links":{"self":[{"href":"https:\/\/srb-bih.org\/ba\/wp-json\/wp\/v2\/pages\/34","targetHints":{"allow":["GET"]}}],"collection":[{"href":"https:\/\/srb-bih.org\/ba\/wp-json\/wp\/v2\/pages"}],"about":[{"href":"https:\/\/srb-bih.org\/ba\/wp-json\/wp\/v2\/types\/page"}],"author":[{"embeddable":true,"href":"https:\/\/srb-bih.org\/ba\/wp-json\/wp\/v2\/users\/1"}],"replies":[{"embeddable":true,"href":"https:\/\/srb-bih.org\/ba\/wp-json\/wp\/v2\/comments?post=34"}],"version-history":[{"count":16,"href":"https:\/\/srb-bih.org\/ba\/wp-json\/wp\/v2\/pages\/34\/revisions"}],"predecessor-version":[{"id":9356,"href":"https:\/\/srb-bih.org\/ba\/wp-json\/wp\/v2\/pages\/34\/revisions\/9356"}],"up":[{"embeddable":true,"href":"https:\/\/srb-bih.org\/ba\/wp-json\/wp\/v2\/pages\/36"}],"wp:attachment":[{"href":"https:\/\/srb-bih.org\/ba\/wp-json\/wp\/v2\/media?parent=34"}],"curies":[{"name":"wp","href":"https:\/\/api.w.org\/{rel}","templated":true}]}}