{"id":30,"date":"2013-06-18T04:34:11","date_gmt":"2013-06-18T04:34:11","guid":{"rendered":"http:\/\/localhost\/srb-bih\/?page_id=30"},"modified":"2017-09-26T07:20:32","modified_gmt":"2017-09-26T05:20:32","slug":"potencijalni-aplikanti","status":"publish","type":"page","link":"https:\/\/srb-bih.org\/ba\/sample-page\/potencijalni-aplikanti\/","title":{"rendered":"Potencijalni aplikanti"},"content":{"rendered":"<p>Za IPA grantove mogu konkurisati sve neprofitne organizacije i institucije:<\/p>\n<ul>\n<li>regionalna i lokalna samouprava ;<\/li>\n<li>op\u0161tinska udru\u017eenja;<\/li>\n<li>agencije za razvoj;<\/li>\n<li>organizacije za podr\u0161ku razvoju preduzetni\u0161tva, kao \u0161to su privredne komore, biznis centri, udru\u017eenja za razvoj malih i srednjih preduze?a, sektorske asocijacije, lokalna udru\u017eenja trgovaca itd;<\/li>\n<li>turisti?ke i kulturne organizacije;<\/li>\n<li>nevladine neprofitne organizacije, uklju\u010duju\u0107i Crveni krst i Crveni polumesec;<\/li>\n<li>javna i privatna tijela koja pru\u017eaju podr\u0161ku radnoj snazi;<\/li>\n<li>nacionalne institucije koje djeluju na kvalifikovanom podru\u010dju;<\/li>\n<li>tijela i organizacije (uklju\u010duju\u0107i i nevladine) nadle\u017eni za za\u0161titu prirode;<\/li>\n<li>tijela nadle\u017ena za upravljanje vodama;<\/li>\n<li>vatrogasne i hitne slu\u017ebe;<\/li>\n<li>\u0161kole;<\/li>\n<li>obrazovni i istra\u017eiva\u010dki centri;<\/li>\n<li>fakulteti i institucije za stru\u010dno usavr\u0161avanje itd.<\/li>\n<\/ul>\n<p><a href=\"http:\/\/srb-bih.org\/wp-content\/uploads\/2013\/07\/Aplikanti.jpg\"><img decoding=\"async\" class=\"aligncenter size-full wp-image-775 lazyload\" data-src=\"http:\/\/srb-bih.org\/wp-content\/uploads\/2013\/07\/Aplikanti.jpg\" alt=\"Aplikanti\" width=\"486\" height=\"372\" data-srcset=\"https:\/\/srb-bih.org\/wp-content\/uploads\/2013\/07\/Aplikanti.jpg 486w, https:\/\/srb-bih.org\/wp-content\/uploads\/2013\/07\/Aplikanti-300x229.jpg 300w\" data-sizes=\"(max-width: 486px) 100vw, 486px\" src=\"data:image\/svg+xml;base64,PHN2ZyB3aWR0aD0iMSIgaGVpZ2h0PSIxIiB4bWxucz0iaHR0cDovL3d3dy53My5vcmcvMjAwMC9zdmciPjwvc3ZnPg==\" style=\"--smush-placeholder-width: 486px; --smush-placeholder-aspect-ratio: 486\/372;\" \/><\/a><\/p>","protected":false},"excerpt":{"rendered":"<p>Za IPA grantove mogu konkurisati sve neprofitne organizacije i institucije: regionalna i lokalna samouprava ; op\u0161tinska udru\u017eenja; agencije za razvoj; organizacije za podr\u0161ku razvoju preduzetni\u0161tva, kao \u0161to su privredne komore, biznis centri, udru\u017eenja za razvoj malih i srednjih preduze?a, sektorske asocijacije, lokalna udru\u017eenja trgovaca itd; turisti?ke i kulturne organizacije; nevladine neprofitne organizacije, uklju\u010duju\u0107i Crveni krst [&hellip;]<\/p>\n","protected":false},"author":1,"featured_media":0,"parent":2,"menu_order":3,"comment_status":"closed","ping_status":"open","template":"","meta":{"ngg_post_thumbnail":0,"footnotes":"","_links_to":"","_links_to_target":""},"class_list":["post-30","page","type-page","status-publish","hentry"],"yoast_head":"<!-- This site is optimized with the Yoast SEO plugin v25.6 - https:\/\/yoast.com\/wordpress\/plugins\/seo\/ -->\n<title>Potencijalni aplikanti - Cross-border Programme<\/title>\n<meta name=\"robots\" content=\"index, follow, max-snippet:-1, max-image-preview:large, max-video-preview:-1\" \/>\n<link rel=\"canonical\" href=\"https:\/\/srb-bih.org\/sr\/sample-page\/potencijalni-aplikanti\/\" \/>\n<meta property=\"og:locale\" content=\"bs_BA\" \/>\n<meta property=\"og:type\" content=\"article\" \/>\n<meta property=\"og:title\" content=\"Potencijalni aplikanti - Cross-border Programme\" \/>\n<meta property=\"og:description\" content=\"Za IPA grantove mogu konkurisati sve neprofitne organizacije i institucije: regionalna i lokalna samouprava ; op\u0161tinska udru\u017eenja; agencije za razvoj; organizacije za podr\u0161ku razvoju preduzetni\u0161tva, kao \u0161to su privredne komore, biznis centri, udru\u017eenja za razvoj malih i srednjih preduze?a, sektorske asocijacije, lokalna udru\u017eenja trgovaca itd; turisti?ke i kulturne organizacije; nevladine neprofitne organizacije, uklju\u010duju\u0107i Crveni krst [&hellip;]\" \/>\n<meta property=\"og:url\" content=\"https:\/\/srb-bih.org\/sr\/sample-page\/potencijalni-aplikanti\/\" \/>\n<meta property=\"og:site_name\" content=\"Cross-border Programme\" \/>\n<meta property=\"article:modified_time\" content=\"2017-09-26T05:20:32+00:00\" \/>\n<meta property=\"og:image\" content=\"http:\/\/srb-bih.org\/wp-content\/uploads\/2013\/07\/Aplikanti.jpg\" \/>\n<meta name=\"twitter:card\" content=\"summary_large_image\" \/>\n<meta name=\"twitter:label1\" content=\"Est. reading time\" \/>\n\t<meta name=\"twitter:data1\" content=\"2 minute\" \/>\n<script type=\"application\/ld+json\" class=\"yoast-schema-graph\">{\"@context\":\"https:\/\/schema.org\",\"@graph\":[{\"@type\":\"WebPage\",\"@id\":\"https:\/\/srb-bih.org\/sr\/sample-page\/potencijalni-aplikanti\/\",\"url\":\"https:\/\/srb-bih.org\/sr\/sample-page\/potencijalni-aplikanti\/\",\"name\":\"[:sr]Potencijalni aplikanti[:ba]Potencijalni aplikanti[:en]Potential applicants[:] - Cross-border Programme\",\"isPartOf\":{\"@id\":\"https:\/\/srb-bih.org\/en\/#website\"},\"primaryImageOfPage\":{\"@id\":\"https:\/\/srb-bih.org\/sr\/sample-page\/potencijalni-aplikanti\/#primaryimage\"},\"image\":{\"@id\":\"https:\/\/srb-bih.org\/sr\/sample-page\/potencijalni-aplikanti\/#primaryimage\"},\"thumbnailUrl\":\"http:\/\/srb-bih.org\/wp-content\/uploads\/2013\/07\/Aplikanti.jpg\",\"datePublished\":\"2013-06-18T04:34:11+00:00\",\"dateModified\":\"2017-09-26T05:20:32+00:00\",\"breadcrumb\":{\"@id\":\"https:\/\/srb-bih.org\/sr\/sample-page\/potencijalni-aplikanti\/#breadcrumb\"},\"inLanguage\":\"bs-BA\",\"potentialAction\":[{\"@type\":\"ReadAction\",\"target\":[\"https:\/\/srb-bih.org\/sr\/sample-page\/potencijalni-aplikanti\/\"]}]},{\"@type\":\"ImageObject\",\"inLanguage\":\"bs-BA\",\"@id\":\"https:\/\/srb-bih.org\/sr\/sample-page\/potencijalni-aplikanti\/#primaryimage\",\"url\":\"http:\/\/srb-bih.org\/wp-content\/uploads\/2013\/07\/Aplikanti.jpg\",\"contentUrl\":\"http:\/\/srb-bih.org\/wp-content\/uploads\/2013\/07\/Aplikanti.jpg\"},{\"@type\":\"BreadcrumbList\",\"@id\":\"https:\/\/srb-bih.org\/sr\/sample-page\/potencijalni-aplikanti\/#breadcrumb\",\"itemListElement\":[{\"@type\":\"ListItem\",\"position\":1,\"name\":\"Home\",\"item\":\"https:\/\/srb-bih.org\/\"},{\"@type\":\"ListItem\",\"position\":2,\"name\":\"Program\",\"item\":\"https:\/\/srb-bih.org\/sr\/sample-page\/\"},{\"@type\":\"ListItem\",\"position\":3,\"name\":\"Potencijalni aplikanti\"}]},{\"@type\":\"WebSite\",\"@id\":\"https:\/\/srb-bih.org\/en\/#website\",\"url\":\"https:\/\/srb-bih.org\/en\/\",\"name\":\"Cross-border Programme\",\"description\":\"Common Ideas for a Better Future\",\"potentialAction\":[{\"@type\":\"SearchAction\",\"target\":{\"@type\":\"EntryPoint\",\"urlTemplate\":\"https:\/\/srb-bih.org\/en\/?s={search_term_string}\"},\"query-input\":{\"@type\":\"PropertyValueSpecification\",\"valueRequired\":true,\"valueName\":\"search_term_string\"}}],\"inLanguage\":\"bs-BA\"}]}<\/script>\n<!-- \/ Yoast SEO plugin. -->","yoast_head_json":{"title":"Potencijalni aplikanti - Cross-border Programme","robots":{"index":"index","follow":"follow","max-snippet":"max-snippet:-1","max-image-preview":"max-image-preview:large","max-video-preview":"max-video-preview:-1"},"canonical":"https:\/\/srb-bih.org\/sr\/sample-page\/potencijalni-aplikanti\/","og_locale":"bs_BA","og_type":"article","og_title":"Potencijalni aplikanti - Cross-border Programme","og_description":"Za IPA grantove mogu konkurisati sve neprofitne organizacije i institucije: regionalna i lokalna samouprava ; op\u0161tinska udru\u017eenja; agencije za razvoj; organizacije za podr\u0161ku razvoju preduzetni\u0161tva, kao \u0161to su privredne komore, biznis centri, udru\u017eenja za razvoj malih i srednjih preduze?a, sektorske asocijacije, lokalna udru\u017eenja trgovaca itd; turisti?ke i kulturne organizacije; nevladine neprofitne organizacije, uklju\u010duju\u0107i Crveni krst [&hellip;]","og_url":"https:\/\/srb-bih.org\/sr\/sample-page\/potencijalni-aplikanti\/","og_site_name":"Cross-border Programme","article_modified_time":"2017-09-26T05:20:32+00:00","og_image":[{"url":"http:\/\/srb-bih.org\/wp-content\/uploads\/2013\/07\/Aplikanti.jpg","type":"","width":"","height":""}],"twitter_card":"summary_large_image","twitter_misc":{"Est. reading time":"2 minute"},"schema":{"@context":"https:\/\/schema.org","@graph":[{"@type":"WebPage","@id":"https:\/\/srb-bih.org\/sr\/sample-page\/potencijalni-aplikanti\/","url":"https:\/\/srb-bih.org\/sr\/sample-page\/potencijalni-aplikanti\/","name":"[:sr]Potencijalni aplikanti[:ba]Potencijalni aplikanti[:en]Potential applicants[:] - Cross-border Programme","isPartOf":{"@id":"https:\/\/srb-bih.org\/en\/#website"},"primaryImageOfPage":{"@id":"https:\/\/srb-bih.org\/sr\/sample-page\/potencijalni-aplikanti\/#primaryimage"},"image":{"@id":"https:\/\/srb-bih.org\/sr\/sample-page\/potencijalni-aplikanti\/#primaryimage"},"thumbnailUrl":"http:\/\/srb-bih.org\/wp-content\/uploads\/2013\/07\/Aplikanti.jpg","datePublished":"2013-06-18T04:34:11+00:00","dateModified":"2017-09-26T05:20:32+00:00","breadcrumb":{"@id":"https:\/\/srb-bih.org\/sr\/sample-page\/potencijalni-aplikanti\/#breadcrumb"},"inLanguage":"bs-BA","potentialAction":[{"@type":"ReadAction","target":["https:\/\/srb-bih.org\/sr\/sample-page\/potencijalni-aplikanti\/"]}]},{"@type":"ImageObject","inLanguage":"bs-BA","@id":"https:\/\/srb-bih.org\/sr\/sample-page\/potencijalni-aplikanti\/#primaryimage","url":"http:\/\/srb-bih.org\/wp-content\/uploads\/2013\/07\/Aplikanti.jpg","contentUrl":"http:\/\/srb-bih.org\/wp-content\/uploads\/2013\/07\/Aplikanti.jpg"},{"@type":"BreadcrumbList","@id":"https:\/\/srb-bih.org\/sr\/sample-page\/potencijalni-aplikanti\/#breadcrumb","itemListElement":[{"@type":"ListItem","position":1,"name":"Home","item":"https:\/\/srb-bih.org\/"},{"@type":"ListItem","position":2,"name":"Program","item":"https:\/\/srb-bih.org\/sr\/sample-page\/"},{"@type":"ListItem","position":3,"name":"Potencijalni aplikanti"}]},{"@type":"WebSite","@id":"https:\/\/srb-bih.org\/en\/#website","url":"https:\/\/srb-bih.org\/en\/","name":"Cross-border Programme","description":"Common Ideas for a Better Future","potentialAction":[{"@type":"SearchAction","target":{"@type":"EntryPoint","urlTemplate":"https:\/\/srb-bih.org\/en\/?s={search_term_string}"},"query-input":{"@type":"PropertyValueSpecification","valueRequired":true,"valueName":"search_term_string"}}],"inLanguage":"bs-BA"}]}},"_links":{"self":[{"href":"https:\/\/srb-bih.org\/ba\/wp-json\/wp\/v2\/pages\/30","targetHints":{"allow":["GET"]}}],"collection":[{"href":"https:\/\/srb-bih.org\/ba\/wp-json\/wp\/v2\/pages"}],"about":[{"href":"https:\/\/srb-bih.org\/ba\/wp-json\/wp\/v2\/types\/page"}],"author":[{"embeddable":true,"href":"https:\/\/srb-bih.org\/ba\/wp-json\/wp\/v2\/users\/1"}],"replies":[{"embeddable":true,"href":"https:\/\/srb-bih.org\/ba\/wp-json\/wp\/v2\/comments?post=30"}],"version-history":[{"count":0,"href":"https:\/\/srb-bih.org\/ba\/wp-json\/wp\/v2\/pages\/30\/revisions"}],"up":[{"embeddable":true,"href":"https:\/\/srb-bih.org\/ba\/wp-json\/wp\/v2\/pages\/2"}],"wp:attachment":[{"href":"https:\/\/srb-bih.org\/ba\/wp-json\/wp\/v2\/media?parent=30"}],"curies":[{"name":"wp","href":"https:\/\/api.w.org\/{rel}","templated":true}]}}