{"id":15,"date":"2013-06-18T04:18:02","date_gmt":"2013-06-18T04:18:02","guid":{"rendered":"http:\/\/localhost\/srb-bih\/?page_id=15"},"modified":"2020-03-11T14:20:42","modified_gmt":"2020-03-11T12:20:42","slug":"teorija-obuhvacena-programom","status":"publish","type":"page","link":"https:\/\/srb-bih.org\/ba\/sample-page\/teorija-obuhvacena-programom\/","title":{"rendered":"Teritorija obuhva\u0107ena Programom"},"content":{"rendered":"<p>Pograni\u010dno podru\u010dje obuhva\u0107eno Programom prekograni\u010dne saradnje Srbija \u2013 Bosna i Hercegovina sastoji se od:<\/p>\n<ul>\n<li><strong>SRBIJA \u2013 Sremskog okruga<\/strong>&nbsp;sa op\u0161tinama Sremska Mitrovica, \u0160id, Indjija, Irig, Ruma, Stara Pazova, Pe\u0107inci,&nbsp;<strong>Ma\u010dvanskog okruga<\/strong>&nbsp;sa op\u0161tinama \u0160abac, Bogati\u0107, Loznica, Vladimirci, Koceljevo, Mali Zvornik, Krupanj, Ljubovija,<strong>Zlatiborskog okruga<\/strong>&nbsp;sa op\u0161tinama Bajina Ba\u0161ta, Kosjeri\u0107, U\u017eice, Po\u017eega, \u010cajetina, Arilje, Priboj, Nova Varo\u0161, Prijepolje, Sjenica i&nbsp;<strong>Kolubarskog okruga<\/strong>sa op\u0161tinama Valjevo, Ose\u010dina, Ub, Lajkovac, Mionica, Ljig.<\/li>\n<li><strong>BiH \u2013&nbsp;<\/strong>op\u0161tine: Br\u010dko Distrikt (BiH), Grada\u010dac, Doboj Istok, Gra\u010danica, Srebrenik, \u010celi\u0107, Lopare, Ugljevik, Donji \u017dabar, Domaljevac-\u0160amac, Modri\u010da, Od\u017eak, Osmaci, Banovi\u0107i, Bijeljina, Brod, Bratunac, Han Pijesak, Kalesija, Kladanj, Lukavac, Mili\u0107i, Ora\u0161je, Pelagi\u010devo, Petrovo, Sapna, Srebrenica, \u0160amac, \u0160ekovi\u0107i, Teo\u010dak, Tuzla, Vlasenica, Vukosavlje, Zvornik, \u017divinice, Trnovo RS, Isto\u010dna Ilid\u017ea,&nbsp; Isto\u010dno Novo Sarajevo, Vogo\u0161\u0107a, Isto\u010dni Stari Grad , Vare\u0161, Visoko, Fojnica, Vi\u0161egrad, Rogatica, Sokolac, Pale, Pale (FBiH), Novo Gora\u017ede, Rudo, \u010cajni\u010de, Gora\u017ede, Fo\u010da (FBiH), Fo\u010da, Kalinovik, Trnovo,&nbsp; Had\u017ei\u0107i, Ilid\u017ea, Novi Grad Sarajevo, Stari Grad Sarajevo, Ilija\u0161, Breza, Kiseljak, Kre\u0161evo, Olovo, Sarajevo Centar, Novo Sarajevo.<\/li>\n<\/ul>\n<p style=\"text-align: center;\"><img decoding=\"async\" class=\"aligncenter lazyload\" data-src=\"\/wp-content\/uploads\/2013\/06\/mapa_ilustracija.jpg\" alt=\"mapa_ilustracija\" src=\"data:image\/svg+xml;base64,PHN2ZyB3aWR0aD0iMSIgaGVpZ2h0PSIxIiB4bWxucz0iaHR0cDovL3d3dy53My5vcmcvMjAwMC9zdmciPjwvc3ZnPg==\" style=\"--smush-placeholder-width: 486px; --smush-placeholder-aspect-ratio: 486\/481;\"><\/p>\n<p><\/p>","protected":false},"excerpt":{"rendered":"<p>Pograni\u010dno podru\u010dje obuhva\u0107eno Programom prekograni\u010dne saradnje Srbija \u2013 Bosna i Hercegovina sastoji se od: SRBIJA \u2013 Sremskog okruga&nbsp;sa op\u0161tinama Sremska Mitrovica, \u0160id, Indjija, Irig, Ruma, Stara Pazova, Pe\u0107inci,&nbsp;Ma\u010dvanskog okruga&nbsp;sa op\u0161tinama \u0160abac, Bogati\u0107, Loznica, Vladimirci, Koceljevo, Mali Zvornik, Krupanj, Ljubovija,Zlatiborskog okruga&nbsp;sa op\u0161tinama Bajina Ba\u0161ta, Kosjeri\u0107, U\u017eice, Po\u017eega, \u010cajetina, Arilje, Priboj, Nova Varo\u0161, Prijepolje, Sjenica i&nbsp;Kolubarskog okrugasa [&hellip;]<\/p>\n","protected":false},"author":1,"featured_media":0,"parent":2,"menu_order":1,"comment_status":"closed","ping_status":"open","template":"","meta":{"ngg_post_thumbnail":0,"footnotes":"","_links_to":"","_links_to_target":""},"class_list":["post-15","page","type-page","status-publish","hentry"],"yoast_head":"<!-- This site is optimized with the Yoast SEO plugin v25.6 - https:\/\/yoast.com\/wordpress\/plugins\/seo\/ -->\n<title>Teritorija obuhva\u0107ena Programom - Cross-border Programme<\/title>\n<meta name=\"robots\" content=\"index, follow, max-snippet:-1, max-image-preview:large, max-video-preview:-1\" \/>\n<link rel=\"canonical\" href=\"https:\/\/srb-bih.org\/sr\/sample-page\/teorija-obuhvacena-programom\/\" \/>\n<meta property=\"og:locale\" content=\"bs_BA\" \/>\n<meta property=\"og:type\" content=\"article\" \/>\n<meta property=\"og:title\" content=\"Teritorija obuhva\u0107ena Programom - Cross-border Programme\" \/>\n<meta property=\"og:description\" content=\"Pograni\u010dno podru\u010dje obuhva\u0107eno Programom prekograni\u010dne saradnje Srbija \u2013 Bosna i Hercegovina sastoji se od: SRBIJA \u2013 Sremskog okruga&nbsp;sa op\u0161tinama Sremska Mitrovica, \u0160id, Indjija, Irig, Ruma, Stara Pazova, Pe\u0107inci,&nbsp;Ma\u010dvanskog okruga&nbsp;sa op\u0161tinama \u0160abac, Bogati\u0107, Loznica, Vladimirci, Koceljevo, Mali Zvornik, Krupanj, Ljubovija,Zlatiborskog okruga&nbsp;sa op\u0161tinama Bajina Ba\u0161ta, Kosjeri\u0107, U\u017eice, Po\u017eega, \u010cajetina, Arilje, Priboj, Nova Varo\u0161, Prijepolje, Sjenica i&nbsp;Kolubarskog okrugasa [&hellip;]\" \/>\n<meta property=\"og:url\" content=\"https:\/\/srb-bih.org\/sr\/sample-page\/teorija-obuhvacena-programom\/\" \/>\n<meta property=\"og:site_name\" content=\"Cross-border Programme\" \/>\n<meta property=\"article:modified_time\" content=\"2020-03-11T12:20:42+00:00\" \/>\n<meta property=\"og:image\" content=\"https:\/\/srb-bih.org\/wp-content\/uploads\/2013\/06\/mapa_ilustracija.jpg\" \/>\n<meta name=\"twitter:card\" content=\"summary_large_image\" \/>\n<meta name=\"twitter:label1\" content=\"Est. reading time\" \/>\n\t<meta name=\"twitter:data1\" content=\"2 minute\" \/>\n<script type=\"application\/ld+json\" class=\"yoast-schema-graph\">{\"@context\":\"https:\/\/schema.org\",\"@graph\":[{\"@type\":\"WebPage\",\"@id\":\"https:\/\/srb-bih.org\/sr\/sample-page\/teorija-obuhvacena-programom\/\",\"url\":\"https:\/\/srb-bih.org\/sr\/sample-page\/teorija-obuhvacena-programom\/\",\"name\":\"[:en]Programme area[:sr]\u0422\u0435\u0440\u0438\u0442\u043e\u0440\u0438\u0458\u0430 \u043e\u0431\u0443\u0445\u0432\u0430\u045b\u0435\u043d\u0430 \u041f\u0440\u043e\u0433\u0440\u0430\u043c\u043e\u043c[:ba]Teritorija obuhva\u0107ena Programom[:] - Cross-border Programme\",\"isPartOf\":{\"@id\":\"https:\/\/srb-bih.org\/en\/#website\"},\"datePublished\":\"2013-06-18T04:18:02+00:00\",\"dateModified\":\"2020-03-11T12:20:42+00:00\",\"breadcrumb\":{\"@id\":\"https:\/\/srb-bih.org\/sr\/sample-page\/teorija-obuhvacena-programom\/#breadcrumb\"},\"inLanguage\":\"bs-BA\",\"potentialAction\":[{\"@type\":\"ReadAction\",\"target\":[\"https:\/\/srb-bih.org\/sr\/sample-page\/teorija-obuhvacena-programom\/\"]}]},{\"@type\":\"BreadcrumbList\",\"@id\":\"https:\/\/srb-bih.org\/sr\/sample-page\/teorija-obuhvacena-programom\/#breadcrumb\",\"itemListElement\":[{\"@type\":\"ListItem\",\"position\":1,\"name\":\"Home\",\"item\":\"https:\/\/srb-bih.org\/\"},{\"@type\":\"ListItem\",\"position\":2,\"name\":\"Program\",\"item\":\"https:\/\/srb-bih.org\/sr\/sample-page\/\"},{\"@type\":\"ListItem\",\"position\":3,\"name\":\"\u0422\u0435\u0440\u0438\u0442\u043e\u0440\u0438\u0458\u0430 \u043e\u0431\u0443\u0445\u0432\u0430\u045b\u0435\u043d\u0430 \u041f\u0440\u043e\u0433\u0440\u0430\u043c\u043e\u043c\"}]},{\"@type\":\"WebSite\",\"@id\":\"https:\/\/srb-bih.org\/en\/#website\",\"url\":\"https:\/\/srb-bih.org\/en\/\",\"name\":\"Cross-border Programme\",\"description\":\"Common Ideas for a Better Future\",\"potentialAction\":[{\"@type\":\"SearchAction\",\"target\":{\"@type\":\"EntryPoint\",\"urlTemplate\":\"https:\/\/srb-bih.org\/en\/?s={search_term_string}\"},\"query-input\":{\"@type\":\"PropertyValueSpecification\",\"valueRequired\":true,\"valueName\":\"search_term_string\"}}],\"inLanguage\":\"bs-BA\"}]}<\/script>\n<!-- \/ Yoast SEO plugin. -->","yoast_head_json":{"title":"Teritorija obuhva\u0107ena Programom - Cross-border Programme","robots":{"index":"index","follow":"follow","max-snippet":"max-snippet:-1","max-image-preview":"max-image-preview:large","max-video-preview":"max-video-preview:-1"},"canonical":"https:\/\/srb-bih.org\/sr\/sample-page\/teorija-obuhvacena-programom\/","og_locale":"bs_BA","og_type":"article","og_title":"Teritorija obuhva\u0107ena Programom - Cross-border Programme","og_description":"Pograni\u010dno podru\u010dje obuhva\u0107eno Programom prekograni\u010dne saradnje Srbija \u2013 Bosna i Hercegovina sastoji se od: SRBIJA \u2013 Sremskog okruga&nbsp;sa op\u0161tinama Sremska Mitrovica, \u0160id, Indjija, Irig, Ruma, Stara Pazova, Pe\u0107inci,&nbsp;Ma\u010dvanskog okruga&nbsp;sa op\u0161tinama \u0160abac, Bogati\u0107, Loznica, Vladimirci, Koceljevo, Mali Zvornik, Krupanj, Ljubovija,Zlatiborskog okruga&nbsp;sa op\u0161tinama Bajina Ba\u0161ta, Kosjeri\u0107, U\u017eice, Po\u017eega, \u010cajetina, Arilje, Priboj, Nova Varo\u0161, Prijepolje, Sjenica i&nbsp;Kolubarskog okrugasa [&hellip;]","og_url":"https:\/\/srb-bih.org\/sr\/sample-page\/teorija-obuhvacena-programom\/","og_site_name":"Cross-border Programme","article_modified_time":"2020-03-11T12:20:42+00:00","og_image":[{"url":"https:\/\/srb-bih.org\/wp-content\/uploads\/2013\/06\/mapa_ilustracija.jpg","type":"","width":"","height":""}],"twitter_card":"summary_large_image","twitter_misc":{"Est. reading time":"2 minute"},"schema":{"@context":"https:\/\/schema.org","@graph":[{"@type":"WebPage","@id":"https:\/\/srb-bih.org\/sr\/sample-page\/teorija-obuhvacena-programom\/","url":"https:\/\/srb-bih.org\/sr\/sample-page\/teorija-obuhvacena-programom\/","name":"[:en]Programme area[:sr]\u0422\u0435\u0440\u0438\u0442\u043e\u0440\u0438\u0458\u0430 \u043e\u0431\u0443\u0445\u0432\u0430\u045b\u0435\u043d\u0430 \u041f\u0440\u043e\u0433\u0440\u0430\u043c\u043e\u043c[:ba]Teritorija obuhva\u0107ena Programom[:] - Cross-border Programme","isPartOf":{"@id":"https:\/\/srb-bih.org\/en\/#website"},"datePublished":"2013-06-18T04:18:02+00:00","dateModified":"2020-03-11T12:20:42+00:00","breadcrumb":{"@id":"https:\/\/srb-bih.org\/sr\/sample-page\/teorija-obuhvacena-programom\/#breadcrumb"},"inLanguage":"bs-BA","potentialAction":[{"@type":"ReadAction","target":["https:\/\/srb-bih.org\/sr\/sample-page\/teorija-obuhvacena-programom\/"]}]},{"@type":"BreadcrumbList","@id":"https:\/\/srb-bih.org\/sr\/sample-page\/teorija-obuhvacena-programom\/#breadcrumb","itemListElement":[{"@type":"ListItem","position":1,"name":"Home","item":"https:\/\/srb-bih.org\/"},{"@type":"ListItem","position":2,"name":"Program","item":"https:\/\/srb-bih.org\/sr\/sample-page\/"},{"@type":"ListItem","position":3,"name":"\u0422\u0435\u0440\u0438\u0442\u043e\u0440\u0438\u0458\u0430 \u043e\u0431\u0443\u0445\u0432\u0430\u045b\u0435\u043d\u0430 \u041f\u0440\u043e\u0433\u0440\u0430\u043c\u043e\u043c"}]},{"@type":"WebSite","@id":"https:\/\/srb-bih.org\/en\/#website","url":"https:\/\/srb-bih.org\/en\/","name":"Cross-border Programme","description":"Common Ideas for a Better Future","potentialAction":[{"@type":"SearchAction","target":{"@type":"EntryPoint","urlTemplate":"https:\/\/srb-bih.org\/en\/?s={search_term_string}"},"query-input":{"@type":"PropertyValueSpecification","valueRequired":true,"valueName":"search_term_string"}}],"inLanguage":"bs-BA"}]}},"_links":{"self":[{"href":"https:\/\/srb-bih.org\/ba\/wp-json\/wp\/v2\/pages\/15","targetHints":{"allow":["GET"]}}],"collection":[{"href":"https:\/\/srb-bih.org\/ba\/wp-json\/wp\/v2\/pages"}],"about":[{"href":"https:\/\/srb-bih.org\/ba\/wp-json\/wp\/v2\/types\/page"}],"author":[{"embeddable":true,"href":"https:\/\/srb-bih.org\/ba\/wp-json\/wp\/v2\/users\/1"}],"replies":[{"embeddable":true,"href":"https:\/\/srb-bih.org\/ba\/wp-json\/wp\/v2\/comments?post=15"}],"version-history":[{"count":10,"href":"https:\/\/srb-bih.org\/ba\/wp-json\/wp\/v2\/pages\/15\/revisions"}],"predecessor-version":[{"id":7212,"href":"https:\/\/srb-bih.org\/ba\/wp-json\/wp\/v2\/pages\/15\/revisions\/7212"}],"up":[{"embeddable":true,"href":"https:\/\/srb-bih.org\/ba\/wp-json\/wp\/v2\/pages\/2"}],"wp:attachment":[{"href":"https:\/\/srb-bih.org\/ba\/wp-json\/wp\/v2\/media?parent=15"}],"curies":[{"name":"wp","href":"https:\/\/api.w.org\/{rel}","templated":true}]}}