{"id":1295,"date":"2013-10-28T17:21:39","date_gmt":"2013-10-28T15:21:39","guid":{"rendered":"http:\/\/srb-bih.org\/?page_id=1295"},"modified":"2019-05-28T11:58:29","modified_gmt":"2019-05-28T09:58:29","slug":"strukture-upravljanja-programom","status":"publish","type":"page","link":"https:\/\/srb-bih.org\/ba\/sample-page\/strukture-upravljanja-programom\/","title":{"rendered":"Strukture upravljanja programom"},"content":{"rendered":"<p>Program zajedni\u010dki implementiraju dve zemlje. Nadle\u017ene institucije u Republici Srbiji su:<\/p>\n<p>\u2022 Ministarstvo za evropske integracije Vlade Republike Srbije, nadle\u017ena za sveukupnu koordinaciju programa kao Operativna struktura u Srbiji;<br \/>\n\u2022 Vlada Republike Srbije, Ministarstvo finansija, Sektor za ugovaranje i finansiranje programa iz sredstava Evropske unije, nadle\u017ean za finansiranje, ugovaranje, pla\u0107anje i nadzor nad sprovo\u0111enjem programa i projekata Evropske unije kao Ugovorno telo.<\/p>\n<p>U Bosni i Hercegovini nadle\u017ena institucija je:<\/p>\n<p>\u2022 Direkcija za evropske integracije, odgovorna za sveobuhvatnu koordinaciju programa kao Operativna struktura u Bosni i Hercegovini.<\/p>\n<p>Pored toga sprovo\u0111enje programa nadgleda Zajedni\u010dki nadzorni odbor (ZNO) koji se sastoji od predstavnika institucija i civilnog dru\u0161tva obiju zemalja u\u010desnica. ZNO pregleda i daje svoje mi\u0161ljenje u kapacitetu savetnika u pogledu liste aktivnosti odabrane u okviru javnog poziva pre dono\u0161enje finalne odluke o dodeli nepovratnih sredstava.<br \/>\nUgovorno telo, operativne structure i ZNO dobijaju tehni\u010dku podr\u0161ku od strane Zajedni\u010dkog tehni\u010dkog sekretarijata (ZTS) koji je sme\u0161ten u U\u017eicu, Republika Srbija i koji \u010dini stru\u010dno osoblje iz Republike Srbije i Bosne i Hercegovine. ZTS je administrativno telo odgovorno za svakodnevno upravljanje programom uklju\u010duju\u0107i i pru\u017eanje podr\u0161ke i savetovanje potencijalnih aplikanata, odnosno korisnika nepovratnih sredstava. ZTS ima ispostavu\/antenu u Tuzli, Bosna i Hercegovina. ZTS pru\u017ea podr\u0161ku potencijalnim aplikantima u tra\u017eenju partnera i pripremi projektnih predloga putem organizovanja info dana i radionica; uspostavlja i odr\u017eava mre\u017eu zainteresiranih; savetuje korisnike nepovratnih sredstava tokom realizacije projekata; podr\u017eava rad evaluacionog odbora; i priprema, realizuje i izve\u0161tava o monitoring posetama prekograni\u010dnim projektima.<\/p>","protected":false},"excerpt":{"rendered":"<p>Program zajedni\u010dki implementiraju dve zemlje. Nadle\u017ene institucije u Republici Srbiji su: \u2022 Ministarstvo za evropske integracije Vlade Republike Srbije, nadle\u017ena za sveukupnu koordinaciju programa kao Operativna struktura u Srbiji; \u2022 Vlada Republike Srbije, Ministarstvo finansija, Sektor za ugovaranje i finansiranje programa iz sredstava Evropske unije, nadle\u017ean za finansiranje, ugovaranje, pla\u0107anje i nadzor nad sprovo\u0111enjem programa [&hellip;]<\/p>\n","protected":false},"author":1,"featured_media":0,"parent":2,"menu_order":3,"comment_status":"closed","ping_status":"closed","template":"","meta":{"ngg_post_thumbnail":0,"footnotes":"","_links_to":"","_links_to_target":""},"class_list":["post-1295","page","type-page","status-publish","hentry"],"yoast_head":"<!-- This site is optimized with the Yoast SEO plugin v25.6 - https:\/\/yoast.com\/wordpress\/plugins\/seo\/ -->\n<title>Strukture upravljanja programom - Cross-border Programme<\/title>\n<meta name=\"robots\" content=\"index, follow, max-snippet:-1, max-image-preview:large, max-video-preview:-1\" \/>\n<link rel=\"canonical\" href=\"https:\/\/srb-bih.org\/sr\/sample-page\/strukture-upravljanja-programom\/\" \/>\n<meta property=\"og:locale\" content=\"bs_BA\" \/>\n<meta property=\"og:type\" content=\"article\" \/>\n<meta property=\"og:title\" content=\"Strukture upravljanja programom - Cross-border Programme\" \/>\n<meta property=\"og:description\" content=\"Program zajedni\u010dki implementiraju dve zemlje. Nadle\u017ene institucije u Republici Srbiji su: \u2022 Ministarstvo za evropske integracije Vlade Republike Srbije, nadle\u017ena za sveukupnu koordinaciju programa kao Operativna struktura u Srbiji; \u2022 Vlada Republike Srbije, Ministarstvo finansija, Sektor za ugovaranje i finansiranje programa iz sredstava Evropske unije, nadle\u017ean za finansiranje, ugovaranje, pla\u0107anje i nadzor nad sprovo\u0111enjem programa [&hellip;]\" \/>\n<meta property=\"og:url\" content=\"https:\/\/srb-bih.org\/sr\/sample-page\/strukture-upravljanja-programom\/\" \/>\n<meta property=\"og:site_name\" content=\"Cross-border Programme\" \/>\n<meta property=\"article:modified_time\" content=\"2019-05-28T09:58:29+00:00\" \/>\n<meta name=\"twitter:card\" content=\"summary_large_image\" \/>\n<meta name=\"twitter:label1\" content=\"Est. reading time\" \/>\n\t<meta name=\"twitter:data1\" content=\"4 minute\" \/>\n<script type=\"application\/ld+json\" class=\"yoast-schema-graph\">{\"@context\":\"https:\/\/schema.org\",\"@graph\":[{\"@type\":\"WebPage\",\"@id\":\"https:\/\/srb-bih.org\/sr\/sample-page\/strukture-upravljanja-programom\/\",\"url\":\"https:\/\/srb-bih.org\/sr\/sample-page\/strukture-upravljanja-programom\/\",\"name\":\"[:en]Programme implementing structures[:sr]\u0423\u043f\u0440\u0430\u0432\u0459\u0430\u0447\u043a\u0430 \u0441\u0442\u0440\u0443\u043a\u0442\u0443\u0440\u0430 \u043f\u0440\u043e\u0433\u0440\u0430\u043c\u0430[:ba]Strukture upravljanja programom[:] - Cross-border Programme\",\"isPartOf\":{\"@id\":\"https:\/\/srb-bih.org\/en\/#website\"},\"datePublished\":\"2013-10-28T15:21:39+00:00\",\"dateModified\":\"2019-05-28T09:58:29+00:00\",\"breadcrumb\":{\"@id\":\"https:\/\/srb-bih.org\/sr\/sample-page\/strukture-upravljanja-programom\/#breadcrumb\"},\"inLanguage\":\"bs-BA\",\"potentialAction\":[{\"@type\":\"ReadAction\",\"target\":[\"https:\/\/srb-bih.org\/sr\/sample-page\/strukture-upravljanja-programom\/\"]}]},{\"@type\":\"BreadcrumbList\",\"@id\":\"https:\/\/srb-bih.org\/sr\/sample-page\/strukture-upravljanja-programom\/#breadcrumb\",\"itemListElement\":[{\"@type\":\"ListItem\",\"position\":1,\"name\":\"Home\",\"item\":\"https:\/\/srb-bih.org\/\"},{\"@type\":\"ListItem\",\"position\":2,\"name\":\"Program\",\"item\":\"https:\/\/srb-bih.org\/sr\/sample-page\/\"},{\"@type\":\"ListItem\",\"position\":3,\"name\":\"\u0423\u043f\u0440\u0430\u0432\u0459\u0430\u0447\u043a\u0430 \u0441\u0442\u0440\u0443\u043a\u0442\u0443\u0440\u0430 \u043f\u0440\u043e\u0433\u0440\u0430\u043c\u0430\"}]},{\"@type\":\"WebSite\",\"@id\":\"https:\/\/srb-bih.org\/en\/#website\",\"url\":\"https:\/\/srb-bih.org\/en\/\",\"name\":\"Cross-border Programme\",\"description\":\"Common Ideas for a Better Future\",\"potentialAction\":[{\"@type\":\"SearchAction\",\"target\":{\"@type\":\"EntryPoint\",\"urlTemplate\":\"https:\/\/srb-bih.org\/en\/?s={search_term_string}\"},\"query-input\":{\"@type\":\"PropertyValueSpecification\",\"valueRequired\":true,\"valueName\":\"search_term_string\"}}],\"inLanguage\":\"bs-BA\"}]}<\/script>\n<!-- \/ Yoast SEO plugin. -->","yoast_head_json":{"title":"Strukture upravljanja programom - Cross-border Programme","robots":{"index":"index","follow":"follow","max-snippet":"max-snippet:-1","max-image-preview":"max-image-preview:large","max-video-preview":"max-video-preview:-1"},"canonical":"https:\/\/srb-bih.org\/sr\/sample-page\/strukture-upravljanja-programom\/","og_locale":"bs_BA","og_type":"article","og_title":"Strukture upravljanja programom - Cross-border Programme","og_description":"Program zajedni\u010dki implementiraju dve zemlje. Nadle\u017ene institucije u Republici Srbiji su: \u2022 Ministarstvo za evropske integracije Vlade Republike Srbije, nadle\u017ena za sveukupnu koordinaciju programa kao Operativna struktura u Srbiji; \u2022 Vlada Republike Srbije, Ministarstvo finansija, Sektor za ugovaranje i finansiranje programa iz sredstava Evropske unije, nadle\u017ean za finansiranje, ugovaranje, pla\u0107anje i nadzor nad sprovo\u0111enjem programa [&hellip;]","og_url":"https:\/\/srb-bih.org\/sr\/sample-page\/strukture-upravljanja-programom\/","og_site_name":"Cross-border Programme","article_modified_time":"2019-05-28T09:58:29+00:00","twitter_card":"summary_large_image","twitter_misc":{"Est. reading time":"4 minute"},"schema":{"@context":"https:\/\/schema.org","@graph":[{"@type":"WebPage","@id":"https:\/\/srb-bih.org\/sr\/sample-page\/strukture-upravljanja-programom\/","url":"https:\/\/srb-bih.org\/sr\/sample-page\/strukture-upravljanja-programom\/","name":"[:en]Programme implementing structures[:sr]\u0423\u043f\u0440\u0430\u0432\u0459\u0430\u0447\u043a\u0430 \u0441\u0442\u0440\u0443\u043a\u0442\u0443\u0440\u0430 \u043f\u0440\u043e\u0433\u0440\u0430\u043c\u0430[:ba]Strukture upravljanja programom[:] - Cross-border Programme","isPartOf":{"@id":"https:\/\/srb-bih.org\/en\/#website"},"datePublished":"2013-10-28T15:21:39+00:00","dateModified":"2019-05-28T09:58:29+00:00","breadcrumb":{"@id":"https:\/\/srb-bih.org\/sr\/sample-page\/strukture-upravljanja-programom\/#breadcrumb"},"inLanguage":"bs-BA","potentialAction":[{"@type":"ReadAction","target":["https:\/\/srb-bih.org\/sr\/sample-page\/strukture-upravljanja-programom\/"]}]},{"@type":"BreadcrumbList","@id":"https:\/\/srb-bih.org\/sr\/sample-page\/strukture-upravljanja-programom\/#breadcrumb","itemListElement":[{"@type":"ListItem","position":1,"name":"Home","item":"https:\/\/srb-bih.org\/"},{"@type":"ListItem","position":2,"name":"Program","item":"https:\/\/srb-bih.org\/sr\/sample-page\/"},{"@type":"ListItem","position":3,"name":"\u0423\u043f\u0440\u0430\u0432\u0459\u0430\u0447\u043a\u0430 \u0441\u0442\u0440\u0443\u043a\u0442\u0443\u0440\u0430 \u043f\u0440\u043e\u0433\u0440\u0430\u043c\u0430"}]},{"@type":"WebSite","@id":"https:\/\/srb-bih.org\/en\/#website","url":"https:\/\/srb-bih.org\/en\/","name":"Cross-border Programme","description":"Common Ideas for a Better Future","potentialAction":[{"@type":"SearchAction","target":{"@type":"EntryPoint","urlTemplate":"https:\/\/srb-bih.org\/en\/?s={search_term_string}"},"query-input":{"@type":"PropertyValueSpecification","valueRequired":true,"valueName":"search_term_string"}}],"inLanguage":"bs-BA"}]}},"_links":{"self":[{"href":"https:\/\/srb-bih.org\/ba\/wp-json\/wp\/v2\/pages\/1295","targetHints":{"allow":["GET"]}}],"collection":[{"href":"https:\/\/srb-bih.org\/ba\/wp-json\/wp\/v2\/pages"}],"about":[{"href":"https:\/\/srb-bih.org\/ba\/wp-json\/wp\/v2\/types\/page"}],"author":[{"embeddable":true,"href":"https:\/\/srb-bih.org\/ba\/wp-json\/wp\/v2\/users\/1"}],"replies":[{"embeddable":true,"href":"https:\/\/srb-bih.org\/ba\/wp-json\/wp\/v2\/comments?post=1295"}],"version-history":[{"count":5,"href":"https:\/\/srb-bih.org\/ba\/wp-json\/wp\/v2\/pages\/1295\/revisions"}],"predecessor-version":[{"id":6357,"href":"https:\/\/srb-bih.org\/ba\/wp-json\/wp\/v2\/pages\/1295\/revisions\/6357"}],"up":[{"embeddable":true,"href":"https:\/\/srb-bih.org\/ba\/wp-json\/wp\/v2\/pages\/2"}],"wp:attachment":[{"href":"https:\/\/srb-bih.org\/ba\/wp-json\/wp\/v2\/media?parent=1295"}],"curies":[{"name":"wp","href":"https:\/\/api.w.org\/{rel}","templated":true}]}}